{"id":53100,"date":"2025-08-02T10:10:21","date_gmt":"2025-08-02T13:10:21","guid":{"rendered":"https:\/\/rms-enlinea.com.ar\/tienda\/producto\/mother-gigabyte-b650m-h-amd-am5-ddr5-matx-pcie-4-0\/"},"modified":"2026-04-06T11:54:15","modified_gmt":"2026-04-06T14:54:15","slug":"mother-gigabyte-b650m-h-amd-am5-ddr5-matx-pcie-4-0","status":"publish","type":"product","link":"https:\/\/rms-enlinea.com.ar\/tienda\/producto\/mother-gigabyte-b650m-h-amd-am5-ddr5-matx-pcie-4-0\/","title":{"rendered":"Mother Gigabyte B650m H Amd Am5 Ddr5 Matx Pcie 4.0"},"content":{"rendered":"<p>Aplicaciones<\/p>\n<p>PC<br \/>Color<\/p>\n<p>Negro<br \/>Tipo de memoria RAM<\/p>\n<p>DDR5<br \/>L\u00ednea<\/p>\n<p>Ultra Durable<br \/>Condici\u00f3n del \u00edtem<\/p>\n<p>Nuevo<br \/>Factor de forma<\/p>\n<p>mATX<br \/>Chipsets<\/p>\n<p>B650<br \/>Modelo<\/p>\n<p>B650M-H<br \/>Socket<\/p>\n<p>Am5<br \/>Marca<\/p>\n<p>Gigabyte<br \/>Plataforma<\/p>\n<p>AMD<\/p>\n","protected":false},"excerpt":{"rendered":"<p>Aplicaciones PCColor NegroTipo de memoria RAM DDR5L\u00ednea Ultra DurableCondici\u00f3n del \u00edtem NuevoFactor de forma mATXChipsets B650Modelo B650M-HSocket Am5Marca GigabytePlataforma AMD<\/p>\n","protected":false},"featured_media":53101,"comment_status":"open","ping_status":"closed","template":"","meta":{"_uag_custom_page_level_css":""},"product_brand":[532],"product_cat":[115],"product_tag":[],"class_list":{"0":"post-53100","1":"product","2":"type-product","3":"status-publish","4":"has-post-thumbnail","6":"product_brand-gigabyte","7":"product_cat-mother","9":"first","10":"outofstock","11":"sale","12":"taxable","13":"shipping-taxable","14":"purchasable","15":"product-type-simple"},"uagb_featured_image_src":{"full":["https:\/\/rms-enlinea.com.ar\/wp-content\/uploads\/2025\/08\/D_666762-MLA89216895041_082025-F.jpg",1199,735,false],"thumbnail":["https:\/\/rms-enlinea.com.ar\/wp-content\/uploads\/2025\/08\/D_666762-MLA89216895041_082025-F-150x150.jpg",150,150,true],"medium":["https:\/\/rms-enlinea.com.ar\/wp-content\/uploads\/2025\/08\/D_666762-MLA89216895041_082025-F-300x184.jpg",300,184,true],"medium_large":["https:\/\/rms-enlinea.com.ar\/wp-content\/uploads\/2025\/08\/D_666762-MLA89216895041_082025-F-768x471.jpg",768,471,true],"large":["https:\/\/rms-enlinea.com.ar\/wp-content\/uploads\/2025\/08\/D_666762-MLA89216895041_082025-F-1024x628.jpg",1024,628,true],"1536x1536":["https:\/\/rms-enlinea.com.ar\/wp-content\/uploads\/2025\/08\/D_666762-MLA89216895041_082025-F.jpg",1199,735,false],"2048x2048":["https:\/\/rms-enlinea.com.ar\/wp-content\/uploads\/2025\/08\/D_666762-MLA89216895041_082025-F.jpg",1199,735,false],"woocommerce_thumbnail":["https:\/\/rms-enlinea.com.ar\/wp-content\/uploads\/2025\/08\/D_666762-MLA89216895041_082025-F-450x450.jpg",450,450,true],"woocommerce_single":["https:\/\/rms-enlinea.com.ar\/wp-content\/uploads\/2025\/08\/D_666762-MLA89216895041_082025-F-600x368.jpg",600,368,true],"woocommerce_gallery_thumbnail":["https:\/\/rms-enlinea.com.ar\/wp-content\/uploads\/2025\/08\/D_666762-MLA89216895041_082025-F-100x100.jpg",100,100,true]},"uagb_author_info":{"display_name":"nelson","author_link":"https:\/\/rms-enlinea.com.ar\/tienda\/author\/"},"uagb_comment_info":0,"uagb_excerpt":"Aplicaciones PCColor NegroTipo de memoria RAM DDR5L\u00ednea Ultra DurableCondici\u00f3n del \u00edtem NuevoFactor de forma mATXChipsets B650Modelo B650M-HSocket Am5Marca GigabytePlataforma AMD","_links":{"self":[{"href":"https:\/\/rms-enlinea.com.ar\/tienda\/wp-json\/wp\/v2\/product\/53100","targetHints":{"allow":["GET"]}}],"collection":[{"href":"https:\/\/rms-enlinea.com.ar\/tienda\/wp-json\/wp\/v2\/product"}],"about":[{"href":"https:\/\/rms-enlinea.com.ar\/tienda\/wp-json\/wp\/v2\/types\/product"}],"replies":[{"embeddable":true,"href":"https:\/\/rms-enlinea.com.ar\/tienda\/wp-json\/wp\/v2\/comments?post=53100"}],"wp:featuredmedia":[{"embeddable":true,"href":"https:\/\/rms-enlinea.com.ar\/tienda\/wp-json\/wp\/v2\/media\/53101"}],"wp:attachment":[{"href":"https:\/\/rms-enlinea.com.ar\/tienda\/wp-json\/wp\/v2\/media?parent=53100"}],"wp:term":[{"taxonomy":"product_brand","embeddable":true,"href":"https:\/\/rms-enlinea.com.ar\/tienda\/wp-json\/wp\/v2\/product_brand?post=53100"},{"taxonomy":"product_cat","embeddable":true,"href":"https:\/\/rms-enlinea.com.ar\/tienda\/wp-json\/wp\/v2\/product_cat?post=53100"},{"taxonomy":"product_tag","embeddable":true,"href":"https:\/\/rms-enlinea.com.ar\/tienda\/wp-json\/wp\/v2\/product_tag?post=53100"}],"curies":[{"name":"wp","href":"https:\/\/api.w.org\/{rel}","templated":true}]}}