{"id":53177,"date":"2025-08-02T11:40:30","date_gmt":"2025-08-02T14:40:30","guid":{"rendered":"https:\/\/rms-enlinea.com.ar\/tienda\/producto\/mother-gigabyte-b650e-aorus-elite-x-ice-am5-ddr5\/"},"modified":"2026-04-30T12:20:10","modified_gmt":"2026-04-30T15:20:10","slug":"mother-gigabyte-b650e-aorus-elite-x-ice-am5-ddr5","status":"publish","type":"product","link":"https:\/\/rms-enlinea.com.ar\/tienda\/producto\/mother-gigabyte-b650e-aorus-elite-x-ice-am5-ddr5\/","title":{"rendered":"Mother Gigabyte B650e Aorus Elite X Ice Am5 Ddr5"},"content":{"rendered":"<p>La Motherboard Gigabyte B650E AORUS ELITE X ICE AM5 DDR5 es una soluci\u00f3n premium dise\u00f1ada para los entusiastas de la tecnolog\u00eda que buscan maximizar el rendimiento de su sistema. Con su elegante color blanco y su factor de forma ATX, no solo destaca en su aspecto est\u00e9tico, sino que ofrece una funcionalidad excepcional para los creadores de contenido y gamers de alto rendimiento. Gracias a su socket AM5, est\u00e1 preparada para soportar la \u00faltima generaci\u00f3n de procesadores AMD, garantizando una compatibilidad a futuro.<\/p>\n<p>La B650E AORUS ELITE X ICE saca provecho de la memoria DDR5, brindando velocidades de transferencia y un ancho de banda sin precedentes. Este modelo soporta hasta 192 GB de memoria RAM, lo que permite realizar m\u00faltiples tareas sin ning\u00fan tipo de interrupci\u00f3n, ideal para aplicaciones exigentes y videojuegos de \u00faltima generaci\u00f3n. Su dise\u00f1o robusto y componentes de alta calidad aseguran que tu sistema funcione de manera estable y eficiente, incluso en las tareas m\u00e1s demandantes.<\/p>\n<p>Integra una serie de caracter\u00edsticas avanzadas, como una conectividad de vanguardia y opciones de refrigeraci\u00f3n optimizadas, lo que la convierte en una opci\u00f3n inteligente para quienes buscan m\u00e1xima fiabilidad. Adem\u00e1s, su disposici\u00f3n de puertos y ranuras permite una f\u00e1cil expansi\u00f3n, adapt\u00e1ndose a cada necesidad particular del usuario. La B650E AORUS ELITE X ICE es la elecci\u00f3n perfecta para quienes no est\u00e1n dispuestos a comprometer el rendimiento en su setup.<\/p>\n","protected":false},"excerpt":{"rendered":"<p>La Motherboard Gigabyte B650E AORUS ELITE X ICE AM5 DDR5 es una soluci\u00f3n premium dise\u00f1ada para los entusiastas de la tecnolog\u00eda que buscan maximizar el rendimiento de su sistema. Con su elegante color blanco y su factor de forma ATX, no solo destaca en su aspecto est\u00e9tico, sino que ofrece una funcionalidad excepcional para los [&hellip;]<\/p>\n","protected":false},"featured_media":53178,"comment_status":"open","ping_status":"closed","template":"","meta":{"_uag_custom_page_level_css":""},"product_brand":[532],"product_cat":[115],"product_tag":[],"class_list":{"0":"post-53177","1":"product","2":"type-product","3":"status-publish","4":"has-post-thumbnail","6":"product_brand-gigabyte","7":"product_cat-mother","9":"first","10":"outofstock","11":"sale","12":"taxable","13":"shipping-taxable","14":"purchasable","15":"product-type-simple"},"uagb_featured_image_src":{"full":["https:\/\/rms-enlinea.com.ar\/wp-content\/uploads\/2025\/08\/D_638540-MLA88863929968_082025-F.jpg",1200,814,false],"thumbnail":["https:\/\/rms-enlinea.com.ar\/wp-content\/uploads\/2025\/08\/D_638540-MLA88863929968_082025-F-150x150.jpg",150,150,true],"medium":["https:\/\/rms-enlinea.com.ar\/wp-content\/uploads\/2025\/08\/D_638540-MLA88863929968_082025-F-300x204.jpg",300,204,true],"medium_large":["https:\/\/rms-enlinea.com.ar\/wp-content\/uploads\/2025\/08\/D_638540-MLA88863929968_082025-F-768x521.jpg",768,521,true],"large":["https:\/\/rms-enlinea.com.ar\/wp-content\/uploads\/2025\/08\/D_638540-MLA88863929968_082025-F-1024x695.jpg",1024,695,true],"1536x1536":["https:\/\/rms-enlinea.com.ar\/wp-content\/uploads\/2025\/08\/D_638540-MLA88863929968_082025-F.jpg",1200,814,false],"2048x2048":["https:\/\/rms-enlinea.com.ar\/wp-content\/uploads\/2025\/08\/D_638540-MLA88863929968_082025-F.jpg",1200,814,false],"woocommerce_thumbnail":["https:\/\/rms-enlinea.com.ar\/wp-content\/uploads\/2025\/08\/D_638540-MLA88863929968_082025-F-450x450.jpg",450,450,true],"woocommerce_single":["https:\/\/rms-enlinea.com.ar\/wp-content\/uploads\/2025\/08\/D_638540-MLA88863929968_082025-F-600x407.jpg",600,407,true],"woocommerce_gallery_thumbnail":["https:\/\/rms-enlinea.com.ar\/wp-content\/uploads\/2025\/08\/D_638540-MLA88863929968_082025-F-100x100.jpg",100,100,true]},"uagb_author_info":{"display_name":"nelson","author_link":"https:\/\/rms-enlinea.com.ar\/tienda\/author\/"},"uagb_comment_info":0,"uagb_excerpt":"La Motherboard Gigabyte B650E AORUS ELITE X ICE AM5 DDR5 es una soluci\u00f3n premium dise\u00f1ada para los entusiastas de la tecnolog\u00eda que buscan maximizar el rendimiento de su sistema. Con su elegante color blanco y su factor de forma ATX, no solo destaca en su aspecto est\u00e9tico, sino que ofrece una funcionalidad excepcional para los&hellip;","_links":{"self":[{"href":"https:\/\/rms-enlinea.com.ar\/tienda\/wp-json\/wp\/v2\/product\/53177","targetHints":{"allow":["GET"]}}],"collection":[{"href":"https:\/\/rms-enlinea.com.ar\/tienda\/wp-json\/wp\/v2\/product"}],"about":[{"href":"https:\/\/rms-enlinea.com.ar\/tienda\/wp-json\/wp\/v2\/types\/product"}],"replies":[{"embeddable":true,"href":"https:\/\/rms-enlinea.com.ar\/tienda\/wp-json\/wp\/v2\/comments?post=53177"}],"wp:featuredmedia":[{"embeddable":true,"href":"https:\/\/rms-enlinea.com.ar\/tienda\/wp-json\/wp\/v2\/media\/53178"}],"wp:attachment":[{"href":"https:\/\/rms-enlinea.com.ar\/tienda\/wp-json\/wp\/v2\/media?parent=53177"}],"wp:term":[{"taxonomy":"product_brand","embeddable":true,"href":"https:\/\/rms-enlinea.com.ar\/tienda\/wp-json\/wp\/v2\/product_brand?post=53177"},{"taxonomy":"product_cat","embeddable":true,"href":"https:\/\/rms-enlinea.com.ar\/tienda\/wp-json\/wp\/v2\/product_cat?post=53177"},{"taxonomy":"product_tag","embeddable":true,"href":"https:\/\/rms-enlinea.com.ar\/tienda\/wp-json\/wp\/v2\/product_tag?post=53177"}],"curies":[{"name":"wp","href":"https:\/\/api.w.org\/{rel}","templated":true}]}}