{"id":53266,"date":"2025-08-02T17:50:18","date_gmt":"2025-08-02T20:50:18","guid":{"rendered":"https:\/\/rms-enlinea.com.ar\/tienda\/producto\/sistema-wifi-mesh-tp-link-deco-x50-outdoor-ax3000-wifi-6\/"},"modified":"2026-04-21T05:21:55","modified_gmt":"2026-04-21T08:21:55","slug":"sistema-wifi-mesh-tp-link-deco-x50-outdoor-ax3000-wifi-6","status":"publish","type":"product","link":"https:\/\/rms-enlinea.com.ar\/tienda\/producto\/sistema-wifi-mesh-tp-link-deco-x50-outdoor-ax3000-wifi-6\/","title":{"rendered":"Sistema Wifi Mesh Tp-link Deco X50 Outdoor Ax3000 Wifi 6"},"content":{"rendered":"<p>Velocidad Wi-Fi de 3000 Mbps &#8211; Disfruta viendo tus series favoritas en 4K con velocidades combinadas de hasta 3000 Mbps (574 Mbps en 2,4 GHz y 2402 Mbps en 5 GHz) <br \/>M\u00faltiples opciones de montaje &#8211; Sobremesa, montaje de pared y montaje de poste<br \/>Trabaja en exterior &#8211; Certificaci\u00f3n para agua y el polvo IP65<br \/>Alimentaci\u00f3n a trav\u00e9s de Ethernet &#8211; Provee tanto informaci\u00f3n como potencia el\u00e9ctrica con un simple cable<br \/>Full Gigabit Ethernet &#8211; 2 puertos Gigabit WAN\/LAN Ethernet proveen un s\u00f3lido acceso a internet a altas velocidades.<br \/>Funciona con todos los Deco &#8211; Compatible con cada modelo de Deco para formar una red Mesh.<br \/>TP-Link HomeShield &#8211; Brinda protecci\u00f3n integral de la red, controles parentales robustos y en tiempo real.<\/p>\n","protected":false},"excerpt":{"rendered":"<p>Velocidad Wi-Fi de 3000 Mbps &#8211; Disfruta viendo tus series favoritas en 4K con velocidades combinadas de hasta 3000 Mbps (574 Mbps en 2,4 GHz y 2402 Mbps en 5 GHz) M\u00faltiples opciones de montaje &#8211; Sobremesa, montaje de pared y montaje de posteTrabaja en exterior &#8211; Certificaci\u00f3n para agua y el polvo IP65Alimentaci\u00f3n a [&hellip;]<\/p>\n","protected":false},"featured_media":9679,"comment_status":"open","ping_status":"closed","template":"","meta":{"_uag_custom_page_level_css":""},"product_brand":[546],"product_cat":[122],"product_tag":[],"class_list":{"0":"post-53266","1":"product","2":"type-product","3":"status-publish","4":"has-post-thumbnail","6":"product_brand-tplink","7":"product_cat-redes-y-conectividad","9":"first","10":"outofstock","11":"sale","12":"taxable","13":"shipping-taxable","14":"purchasable","15":"product-type-simple"},"uagb_featured_image_src":{"full":["https:\/\/rms-enlinea.com.ar\/wp-content\/uploads\/2025\/06\/D_806553-MLU74726664366_032024-F.jpg",552,1199,false],"thumbnail":["https:\/\/rms-enlinea.com.ar\/wp-content\/uploads\/2025\/06\/D_806553-MLU74726664366_032024-F-150x150.jpg",150,150,true],"medium":["https:\/\/rms-enlinea.com.ar\/wp-content\/uploads\/2025\/06\/D_806553-MLU74726664366_032024-F-138x300.jpg",138,300,true],"medium_large":["https:\/\/rms-enlinea.com.ar\/wp-content\/uploads\/2025\/06\/D_806553-MLU74726664366_032024-F.jpg",552,1199,false],"large":["https:\/\/rms-enlinea.com.ar\/wp-content\/uploads\/2025\/06\/D_806553-MLU74726664366_032024-F-471x1024.jpg",471,1024,true],"1536x1536":["https:\/\/rms-enlinea.com.ar\/wp-content\/uploads\/2025\/06\/D_806553-MLU74726664366_032024-F.jpg",552,1199,false],"2048x2048":["https:\/\/rms-enlinea.com.ar\/wp-content\/uploads\/2025\/06\/D_806553-MLU74726664366_032024-F.jpg",552,1199,false],"woocommerce_thumbnail":["https:\/\/rms-enlinea.com.ar\/wp-content\/uploads\/2025\/06\/D_806553-MLU74726664366_032024-F-450x450.jpg",450,450,true],"woocommerce_single":["https:\/\/rms-enlinea.com.ar\/wp-content\/uploads\/2025\/06\/D_806553-MLU74726664366_032024-F.jpg",552,1199,false],"woocommerce_gallery_thumbnail":["https:\/\/rms-enlinea.com.ar\/wp-content\/uploads\/2025\/06\/D_806553-MLU74726664366_032024-F-100x100.jpg",100,100,true]},"uagb_author_info":{"display_name":"nelson","author_link":"https:\/\/rms-enlinea.com.ar\/tienda\/author\/"},"uagb_comment_info":0,"uagb_excerpt":"Velocidad Wi-Fi de 3000 Mbps &#8211; Disfruta viendo tus series favoritas en 4K con velocidades combinadas de hasta 3000 Mbps (574 Mbps en 2,4 GHz y 2402 Mbps en 5 GHz) M\u00faltiples opciones de montaje &#8211; Sobremesa, montaje de pared y montaje de posteTrabaja en exterior &#8211; Certificaci\u00f3n para agua y el polvo IP65Alimentaci\u00f3n a&hellip;","_links":{"self":[{"href":"https:\/\/rms-enlinea.com.ar\/tienda\/wp-json\/wp\/v2\/product\/53266","targetHints":{"allow":["GET"]}}],"collection":[{"href":"https:\/\/rms-enlinea.com.ar\/tienda\/wp-json\/wp\/v2\/product"}],"about":[{"href":"https:\/\/rms-enlinea.com.ar\/tienda\/wp-json\/wp\/v2\/types\/product"}],"replies":[{"embeddable":true,"href":"https:\/\/rms-enlinea.com.ar\/tienda\/wp-json\/wp\/v2\/comments?post=53266"}],"wp:featuredmedia":[{"embeddable":true,"href":"https:\/\/rms-enlinea.com.ar\/tienda\/wp-json\/wp\/v2\/media\/9679"}],"wp:attachment":[{"href":"https:\/\/rms-enlinea.com.ar\/tienda\/wp-json\/wp\/v2\/media?parent=53266"}],"wp:term":[{"taxonomy":"product_brand","embeddable":true,"href":"https:\/\/rms-enlinea.com.ar\/tienda\/wp-json\/wp\/v2\/product_brand?post=53266"},{"taxonomy":"product_cat","embeddable":true,"href":"https:\/\/rms-enlinea.com.ar\/tienda\/wp-json\/wp\/v2\/product_cat?post=53266"},{"taxonomy":"product_tag","embeddable":true,"href":"https:\/\/rms-enlinea.com.ar\/tienda\/wp-json\/wp\/v2\/product_tag?post=53266"}],"curies":[{"name":"wp","href":"https:\/\/api.w.org\/{rel}","templated":true}]}}