{"id":53282,"date":"2025-08-02T19:10:20","date_gmt":"2025-08-02T22:10:20","guid":{"rendered":"https:\/\/rms-enlinea.com.ar\/tienda\/producto\/adaptador-usb-a-rj45-ethernet-tp-link-ue200-usb-2-0\/"},"modified":"2026-04-02T16:44:53","modified_gmt":"2026-04-02T19:44:53","slug":"adaptador-usb-a-rj45-ethernet-tp-link-ue200-usb-2-0","status":"publish","type":"product","link":"https:\/\/rms-enlinea.com.ar\/tienda\/producto\/adaptador-usb-a-rj45-ethernet-tp-link-ue200-usb-2-0\/","title":{"rendered":"Adaptador Usb A Rj45 Ethernet Tp-link Ue200 Usb 2.0"},"content":{"rendered":"<p>Dimensiones (An x Pr x Al)\t71 x 26 x 16.2mm (2.8 x 1.0 x 0.6 in.)<br \/>Interfaz de salida\t1 Puerto Ethernet RJ45 10\/100Mbps<br \/>Interfaz de entrada\t1 Puerto USB 2.0<br \/>Chipset\tRTL8152B<br \/>Sistemas compatibles\tWindows 10\/8.1\/8\/7\/Vista\/XP<br \/> \tMac OS X 10.5-10.10<br \/> \tLinux OS<br \/>Contenido del paquete\tAdaptador de Red USB 2.0 a Ethernet 100Mbps Gu\u00eda de Instalaci\u00f3n R\u00e1pida<\/p>\n","protected":false},"excerpt":{"rendered":"<p>Dimensiones (An x Pr x Al) 71 x 26 x 16.2mm (2.8 x 1.0 x 0.6 in.)Interfaz de salida 1 Puerto Ethernet RJ45 10\/100MbpsInterfaz de entrada 1 Puerto USB 2.0Chipset RTL8152BSistemas compatibles Windows 10\/8.1\/8\/7\/Vista\/XP Mac OS X 10.5-10.10 Linux OSContenido del paquete Adaptador de Red USB 2.0 a Ethernet 100Mbps Gu\u00eda de Instalaci\u00f3n R\u00e1pida<\/p>\n","protected":false},"featured_media":23733,"comment_status":"open","ping_status":"closed","template":"","meta":{"_uag_custom_page_level_css":""},"product_brand":[546],"product_cat":[122],"product_tag":[],"class_list":{"0":"post-53282","1":"product","2":"type-product","3":"status-publish","4":"has-post-thumbnail","6":"product_brand-tplink","7":"product_cat-redes-y-conectividad","9":"first","10":"outofstock","11":"sale","12":"taxable","13":"shipping-taxable","14":"purchasable","15":"product-type-simple"},"uagb_featured_image_src":{"full":["https:\/\/rms-enlinea.com.ar\/wp-content\/uploads\/2025\/06\/D_607371-MLU72299613300_102023-F.jpg",300,500,false],"thumbnail":["https:\/\/rms-enlinea.com.ar\/wp-content\/uploads\/2025\/06\/D_607371-MLU72299613300_102023-F-150x150.jpg",150,150,true],"medium":["https:\/\/rms-enlinea.com.ar\/wp-content\/uploads\/2025\/06\/D_607371-MLU72299613300_102023-F-180x300.jpg",180,300,true],"medium_large":["https:\/\/rms-enlinea.com.ar\/wp-content\/uploads\/2025\/06\/D_607371-MLU72299613300_102023-F.jpg",300,500,false],"large":["https:\/\/rms-enlinea.com.ar\/wp-content\/uploads\/2025\/06\/D_607371-MLU72299613300_102023-F.jpg",300,500,false],"1536x1536":["https:\/\/rms-enlinea.com.ar\/wp-content\/uploads\/2025\/06\/D_607371-MLU72299613300_102023-F.jpg",300,500,false],"2048x2048":["https:\/\/rms-enlinea.com.ar\/wp-content\/uploads\/2025\/06\/D_607371-MLU72299613300_102023-F.jpg",300,500,false],"woocommerce_thumbnail":["https:\/\/rms-enlinea.com.ar\/wp-content\/uploads\/2025\/06\/D_607371-MLU72299613300_102023-F-300x450.jpg",300,450,true],"woocommerce_single":["https:\/\/rms-enlinea.com.ar\/wp-content\/uploads\/2025\/06\/D_607371-MLU72299613300_102023-F.jpg",300,500,false],"woocommerce_gallery_thumbnail":["https:\/\/rms-enlinea.com.ar\/wp-content\/uploads\/2025\/06\/D_607371-MLU72299613300_102023-F-100x100.jpg",100,100,true]},"uagb_author_info":{"display_name":"nelson","author_link":"https:\/\/rms-enlinea.com.ar\/tienda\/author\/"},"uagb_comment_info":0,"uagb_excerpt":"Dimensiones (An x Pr x Al) 71 x 26 x 16.2mm (2.8 x 1.0 x 0.6 in.)Interfaz de salida 1 Puerto Ethernet RJ45 10\/100MbpsInterfaz de entrada 1 Puerto USB 2.0Chipset RTL8152BSistemas compatibles Windows 10\/8.1\/8\/7\/Vista\/XP Mac OS X 10.5-10.10 Linux OSContenido del paquete Adaptador de Red USB 2.0 a Ethernet 100Mbps Gu\u00eda de Instalaci\u00f3n R\u00e1pida","_links":{"self":[{"href":"https:\/\/rms-enlinea.com.ar\/tienda\/wp-json\/wp\/v2\/product\/53282","targetHints":{"allow":["GET"]}}],"collection":[{"href":"https:\/\/rms-enlinea.com.ar\/tienda\/wp-json\/wp\/v2\/product"}],"about":[{"href":"https:\/\/rms-enlinea.com.ar\/tienda\/wp-json\/wp\/v2\/types\/product"}],"replies":[{"embeddable":true,"href":"https:\/\/rms-enlinea.com.ar\/tienda\/wp-json\/wp\/v2\/comments?post=53282"}],"wp:featuredmedia":[{"embeddable":true,"href":"https:\/\/rms-enlinea.com.ar\/tienda\/wp-json\/wp\/v2\/media\/23733"}],"wp:attachment":[{"href":"https:\/\/rms-enlinea.com.ar\/tienda\/wp-json\/wp\/v2\/media?parent=53282"}],"wp:term":[{"taxonomy":"product_brand","embeddable":true,"href":"https:\/\/rms-enlinea.com.ar\/tienda\/wp-json\/wp\/v2\/product_brand?post=53282"},{"taxonomy":"product_cat","embeddable":true,"href":"https:\/\/rms-enlinea.com.ar\/tienda\/wp-json\/wp\/v2\/product_cat?post=53282"},{"taxonomy":"product_tag","embeddable":true,"href":"https:\/\/rms-enlinea.com.ar\/tienda\/wp-json\/wp\/v2\/product_tag?post=53282"}],"curies":[{"name":"wp","href":"https:\/\/api.w.org\/{rel}","templated":true}]}}