{"id":53285,"date":"2025-08-02T19:20:43","date_gmt":"2025-08-02T22:20:43","guid":{"rendered":"https:\/\/rms-enlinea.com.ar\/tienda\/producto\/adaptador-usb-wifi-tp-link-archer-t2u-ac600-dual-band\/"},"modified":"2026-04-06T11:48:54","modified_gmt":"2026-04-06T14:48:54","slug":"adaptador-usb-wifi-tp-link-archer-t2u-ac600-dual-band","status":"publish","type":"product","link":"https:\/\/rms-enlinea.com.ar\/tienda\/producto\/adaptador-usb-wifi-tp-link-archer-t2u-ac600-dual-band\/","title":{"rendered":"Adaptador Usb Wifi Tp-link Archer T2u Ac600 Dual Band"},"content":{"rendered":"<p>CARACTER\u00cdSTICAS DE HARDWARE <br \/>Interfaz:\tUSB 2.0<br \/>LED:\tStatus<br \/>Dimensiones:\t1.6\u00d70.7\u00d70.3 in. (41\u00d719.5\u00d78.7mm)<br \/>Tipo de Antena:\tOmnidireccional<br \/>Potencia de Transmisi\u00f3n:\t <br \/>Modos Inal\u00e1mbricos:\tAd-Hoc \/ Modo infraestructura<br \/>Seguridad Inal\u00e1mbrica:\tSoporta encriptaci\u00f3n WEP 64\/128 bit, WPA-PSK\/WPA2-PSK, 802.1x<br \/>Tecnolog\u00eda de Modulaci\u00f3n:\tDBPSK, DQPSK, CCK, OFDM, 16-QAM, 64-QAM, 256-QAM<\/p>\n","protected":false},"excerpt":{"rendered":"<p>CARACTER\u00cdSTICAS DE HARDWARE Interfaz: USB 2.0LED: StatusDimensiones: 1.6\u00d70.7\u00d70.3 in. (41\u00d719.5\u00d78.7mm)Tipo de Antena: OmnidireccionalPotencia de Transmisi\u00f3n: Modos Inal\u00e1mbricos: Ad-Hoc \/ Modo infraestructuraSeguridad Inal\u00e1mbrica: Soporta encriptaci\u00f3n WEP 64\/128 bit, WPA-PSK\/WPA2-PSK, 802.1xTecnolog\u00eda de Modulaci\u00f3n: DBPSK, DQPSK, CCK, OFDM, 16-QAM, 64-QAM, 256-QAM<\/p>\n","protected":false},"featured_media":23984,"comment_status":"open","ping_status":"closed","template":"","meta":{"_uag_custom_page_level_css":""},"product_brand":[546],"product_cat":[122],"product_tag":[],"class_list":{"0":"post-53285","1":"product","2":"type-product","3":"status-publish","4":"has-post-thumbnail","6":"product_brand-tplink","7":"product_cat-redes-y-conectividad","9":"first","10":"outofstock","11":"sale","12":"taxable","13":"shipping-taxable","14":"purchasable","15":"product-type-simple"},"uagb_featured_image_src":{"full":["https:\/\/rms-enlinea.com.ar\/wp-content\/uploads\/2025\/06\/D_797015-MLU70091085695_062023-F.jpg",482,500,false],"thumbnail":["https:\/\/rms-enlinea.com.ar\/wp-content\/uploads\/2025\/06\/D_797015-MLU70091085695_062023-F-150x150.jpg",150,150,true],"medium":["https:\/\/rms-enlinea.com.ar\/wp-content\/uploads\/2025\/06\/D_797015-MLU70091085695_062023-F-289x300.jpg",289,300,true],"medium_large":["https:\/\/rms-enlinea.com.ar\/wp-content\/uploads\/2025\/06\/D_797015-MLU70091085695_062023-F.jpg",482,500,false],"large":["https:\/\/rms-enlinea.com.ar\/wp-content\/uploads\/2025\/06\/D_797015-MLU70091085695_062023-F.jpg",482,500,false],"1536x1536":["https:\/\/rms-enlinea.com.ar\/wp-content\/uploads\/2025\/06\/D_797015-MLU70091085695_062023-F.jpg",482,500,false],"2048x2048":["https:\/\/rms-enlinea.com.ar\/wp-content\/uploads\/2025\/06\/D_797015-MLU70091085695_062023-F.jpg",482,500,false],"woocommerce_thumbnail":["https:\/\/rms-enlinea.com.ar\/wp-content\/uploads\/2025\/06\/D_797015-MLU70091085695_062023-F-450x450.jpg",450,450,true],"woocommerce_single":["https:\/\/rms-enlinea.com.ar\/wp-content\/uploads\/2025\/06\/D_797015-MLU70091085695_062023-F.jpg",482,500,false],"woocommerce_gallery_thumbnail":["https:\/\/rms-enlinea.com.ar\/wp-content\/uploads\/2025\/06\/D_797015-MLU70091085695_062023-F-100x100.jpg",100,100,true]},"uagb_author_info":{"display_name":"nelson","author_link":"https:\/\/rms-enlinea.com.ar\/tienda\/author\/"},"uagb_comment_info":0,"uagb_excerpt":"CARACTER\u00cdSTICAS DE HARDWARE Interfaz: USB 2.0LED: StatusDimensiones: 1.6\u00d70.7\u00d70.3 in. (41\u00d719.5\u00d78.7mm)Tipo de Antena: OmnidireccionalPotencia de Transmisi\u00f3n: Modos Inal\u00e1mbricos: Ad-Hoc \/ Modo infraestructuraSeguridad Inal\u00e1mbrica: Soporta encriptaci\u00f3n WEP 64\/128 bit, WPA-PSK\/WPA2-PSK, 802.1xTecnolog\u00eda de Modulaci\u00f3n: DBPSK, DQPSK, CCK, OFDM, 16-QAM, 64-QAM, 256-QAM","_links":{"self":[{"href":"https:\/\/rms-enlinea.com.ar\/tienda\/wp-json\/wp\/v2\/product\/53285","targetHints":{"allow":["GET"]}}],"collection":[{"href":"https:\/\/rms-enlinea.com.ar\/tienda\/wp-json\/wp\/v2\/product"}],"about":[{"href":"https:\/\/rms-enlinea.com.ar\/tienda\/wp-json\/wp\/v2\/types\/product"}],"replies":[{"embeddable":true,"href":"https:\/\/rms-enlinea.com.ar\/tienda\/wp-json\/wp\/v2\/comments?post=53285"}],"wp:featuredmedia":[{"embeddable":true,"href":"https:\/\/rms-enlinea.com.ar\/tienda\/wp-json\/wp\/v2\/media\/23984"}],"wp:attachment":[{"href":"https:\/\/rms-enlinea.com.ar\/tienda\/wp-json\/wp\/v2\/media?parent=53285"}],"wp:term":[{"taxonomy":"product_brand","embeddable":true,"href":"https:\/\/rms-enlinea.com.ar\/tienda\/wp-json\/wp\/v2\/product_brand?post=53285"},{"taxonomy":"product_cat","embeddable":true,"href":"https:\/\/rms-enlinea.com.ar\/tienda\/wp-json\/wp\/v2\/product_cat?post=53285"},{"taxonomy":"product_tag","embeddable":true,"href":"https:\/\/rms-enlinea.com.ar\/tienda\/wp-json\/wp\/v2\/product_tag?post=53285"}],"curies":[{"name":"wp","href":"https:\/\/api.w.org\/{rel}","templated":true}]}}