{"id":53286,"date":"2025-08-02T19:30:12","date_gmt":"2025-08-02T22:30:12","guid":{"rendered":"https:\/\/rms-enlinea.com.ar\/tienda\/producto\/router-archer-ax12-ax1500-dualband-gigabit-wifi-6-mimo\/"},"modified":"2026-04-21T07:16:54","modified_gmt":"2026-04-21T10:16:54","slug":"router-archer-ax12-ax1500-dualband-gigabit-wifi-6-mimo","status":"publish","type":"product","link":"https:\/\/rms-enlinea.com.ar\/tienda\/producto\/router-archer-ax12-ax1500-dualband-gigabit-wifi-6-mimo\/","title":{"rendered":"Router Archer Ax12 Ax1500 Dualband Gigabit Wifi 6 Mimo"},"content":{"rendered":"<p>Tecnolog\u00eda Wi-Fi 6: Archer AX12 viene equipado con la \u00faltima tecnolog\u00eda inal\u00e1mbrica, Wi-Fi 6, para velocidades m\u00e1s r\u00e1pidas, mayor capacidad y reducci\u00f3n de congesti\u00f3n en la red.<br \/>Velocidades de pr\u00f3xima generaci\u00f3n de 1.5 Gbps: El router de doble banda Archer AX12 alcanza velocidades a\u00fan m\u00e1s r\u00e1pidas de hasta 1.5 Gbps<br \/>Conexi\u00f3n de m\u00e1s dispositivos: La tecnolog\u00eda Wi-Fi 6 comunica m\u00e1s datos a m\u00e1s dispositivos utilizando la revolucionaria tecnolog\u00eda OFDMA y MU-MIMO, al mismo tiempo que reduce la latencia.<\/p>\n","protected":false},"excerpt":{"rendered":"<p>Tecnolog\u00eda Wi-Fi 6: Archer AX12 viene equipado con la \u00faltima tecnolog\u00eda inal\u00e1mbrica, Wi-Fi 6, para velocidades m\u00e1s r\u00e1pidas, mayor capacidad y reducci\u00f3n de congesti\u00f3n en la red.Velocidades de pr\u00f3xima generaci\u00f3n de 1.5 Gbps: El router de doble banda Archer AX12 alcanza velocidades a\u00fan m\u00e1s r\u00e1pidas de hasta 1.5 GbpsConexi\u00f3n de m\u00e1s dispositivos: La tecnolog\u00eda Wi-Fi [&hellip;]<\/p>\n","protected":false},"featured_media":30734,"comment_status":"open","ping_status":"closed","template":"","meta":{"_uag_custom_page_level_css":""},"product_brand":[546],"product_cat":[122],"product_tag":[],"class_list":{"0":"post-53286","1":"product","2":"type-product","3":"status-publish","4":"has-post-thumbnail","6":"product_brand-tplink","7":"product_cat-redes-y-conectividad","9":"first","10":"outofstock","11":"sale","12":"taxable","13":"shipping-taxable","14":"purchasable","15":"product-type-simple"},"uagb_featured_image_src":{"full":["https:\/\/rms-enlinea.com.ar\/wp-content\/uploads\/2025\/06\/D_813279-MLU71697537538_092023-F.jpg",623,500,false],"thumbnail":["https:\/\/rms-enlinea.com.ar\/wp-content\/uploads\/2025\/06\/D_813279-MLU71697537538_092023-F-150x150.jpg",150,150,true],"medium":["https:\/\/rms-enlinea.com.ar\/wp-content\/uploads\/2025\/06\/D_813279-MLU71697537538_092023-F-300x241.jpg",300,241,true],"medium_large":["https:\/\/rms-enlinea.com.ar\/wp-content\/uploads\/2025\/06\/D_813279-MLU71697537538_092023-F.jpg",623,500,false],"large":["https:\/\/rms-enlinea.com.ar\/wp-content\/uploads\/2025\/06\/D_813279-MLU71697537538_092023-F.jpg",623,500,false],"1536x1536":["https:\/\/rms-enlinea.com.ar\/wp-content\/uploads\/2025\/06\/D_813279-MLU71697537538_092023-F.jpg",623,500,false],"2048x2048":["https:\/\/rms-enlinea.com.ar\/wp-content\/uploads\/2025\/06\/D_813279-MLU71697537538_092023-F.jpg",623,500,false],"woocommerce_thumbnail":["https:\/\/rms-enlinea.com.ar\/wp-content\/uploads\/2025\/06\/D_813279-MLU71697537538_092023-F-450x450.jpg",450,450,true],"woocommerce_single":["https:\/\/rms-enlinea.com.ar\/wp-content\/uploads\/2025\/06\/D_813279-MLU71697537538_092023-F-600x482.jpg",600,482,true],"woocommerce_gallery_thumbnail":["https:\/\/rms-enlinea.com.ar\/wp-content\/uploads\/2025\/06\/D_813279-MLU71697537538_092023-F-100x100.jpg",100,100,true]},"uagb_author_info":{"display_name":"nelson","author_link":"https:\/\/rms-enlinea.com.ar\/tienda\/author\/"},"uagb_comment_info":0,"uagb_excerpt":"Tecnolog\u00eda Wi-Fi 6: Archer AX12 viene equipado con la \u00faltima tecnolog\u00eda inal\u00e1mbrica, Wi-Fi 6, para velocidades m\u00e1s r\u00e1pidas, mayor capacidad y reducci\u00f3n de congesti\u00f3n en la red.Velocidades de pr\u00f3xima generaci\u00f3n de 1.5 Gbps: El router de doble banda Archer AX12 alcanza velocidades a\u00fan m\u00e1s r\u00e1pidas de hasta 1.5 GbpsConexi\u00f3n de m\u00e1s dispositivos: La tecnolog\u00eda Wi-Fi&hellip;","_links":{"self":[{"href":"https:\/\/rms-enlinea.com.ar\/tienda\/wp-json\/wp\/v2\/product\/53286","targetHints":{"allow":["GET"]}}],"collection":[{"href":"https:\/\/rms-enlinea.com.ar\/tienda\/wp-json\/wp\/v2\/product"}],"about":[{"href":"https:\/\/rms-enlinea.com.ar\/tienda\/wp-json\/wp\/v2\/types\/product"}],"replies":[{"embeddable":true,"href":"https:\/\/rms-enlinea.com.ar\/tienda\/wp-json\/wp\/v2\/comments?post=53286"}],"wp:featuredmedia":[{"embeddable":true,"href":"https:\/\/rms-enlinea.com.ar\/tienda\/wp-json\/wp\/v2\/media\/30734"}],"wp:attachment":[{"href":"https:\/\/rms-enlinea.com.ar\/tienda\/wp-json\/wp\/v2\/media?parent=53286"}],"wp:term":[{"taxonomy":"product_brand","embeddable":true,"href":"https:\/\/rms-enlinea.com.ar\/tienda\/wp-json\/wp\/v2\/product_brand?post=53286"},{"taxonomy":"product_cat","embeddable":true,"href":"https:\/\/rms-enlinea.com.ar\/tienda\/wp-json\/wp\/v2\/product_cat?post=53286"},{"taxonomy":"product_tag","embeddable":true,"href":"https:\/\/rms-enlinea.com.ar\/tienda\/wp-json\/wp\/v2\/product_tag?post=53286"}],"curies":[{"name":"wp","href":"https:\/\/api.w.org\/{rel}","templated":true}]}}