{"id":533,"date":"2025-06-12T01:46:49","date_gmt":"2025-06-12T04:46:49","guid":{"rendered":"https:\/\/rms-enlinea.com.ar\/tienda\/producto\/procesador-intel-core-i5-12400-socket-1700-con-graficos\/"},"modified":"2026-03-10T16:00:09","modified_gmt":"2026-03-10T19:00:09","slug":"procesador-intel-core-i5-12400-socket-1700-con-graficos","status":"publish","type":"product","link":"https:\/\/rms-enlinea.com.ar\/tienda\/producto\/procesador-intel-core-i5-12400-socket-1700-con-graficos\/","title":{"rendered":"Procesador Intel Core I5 12400 Socket 1700 Con Graficos"},"content":{"rendered":"<p>N\u00facleos totales: 6<\/p>\n<p>N\u00b0 de n\u00facleos de rendimiento: 6<\/p>\n<p>N\u00b0 de n\u00facleos eficientes: 0<\/p>\n<p>Subprocesos totales: 12<\/p>\n<p>Frecuencia turbo m\u00e1xima: 4,40 GHz<\/p>\n<p>Frecuencia turbo m\u00e1xima de n\u00facleo de rendimiento: 4,40 GHz<\/p>\n<p>Frecuencia base del n\u00facleo de rendimiento: 2,50 GHz<\/p>\n<p>Cache: Cach\u00e9 inteligente Intel\u00ae de 18 MB<\/p>\n<p>Cach\u00e9 L2 total: 7,5 MB<\/p>\n<p>Potencia base del procesador: 65 W<\/p>\n<p>Potencia turbo m\u00e1xima: 117 W<\/p>\n","protected":false},"excerpt":{"rendered":"<p>N\u00facleos totales: 6 N\u00b0 de n\u00facleos de rendimiento: 6 N\u00b0 de n\u00facleos eficientes: 0 Subprocesos totales: 12 Frecuencia turbo m\u00e1xima: 4,40 GHz Frecuencia turbo m\u00e1xima de n\u00facleo de rendimiento: 4,40 GHz Frecuencia base del n\u00facleo de rendimiento: 2,50 GHz Cache: Cach\u00e9 inteligente Intel\u00ae de 18 MB Cach\u00e9 L2 total: 7,5 MB Potencia base del procesador: [&hellip;]<\/p>\n","protected":false},"featured_media":534,"comment_status":"open","ping_status":"closed","template":"","meta":{"_uag_custom_page_level_css":""},"product_brand":[530],"product_cat":[121],"product_tag":[],"class_list":{"0":"post-533","1":"product","2":"type-product","3":"status-publish","4":"has-post-thumbnail","6":"product_brand-intel","7":"product_cat-procesadores-computacion","9":"first","10":"outofstock","11":"sale","12":"taxable","13":"shipping-taxable","14":"purchasable","15":"product-type-simple"},"uagb_featured_image_src":{"full":["https:\/\/rms-enlinea.com.ar\/wp-content\/uploads\/2025\/06\/D_718651-MLU74244276635_012024-F.jpg",955,1136,false],"thumbnail":["https:\/\/rms-enlinea.com.ar\/wp-content\/uploads\/2025\/06\/D_718651-MLU74244276635_012024-F-150x150.jpg",150,150,true],"medium":["https:\/\/rms-enlinea.com.ar\/wp-content\/uploads\/2025\/06\/D_718651-MLU74244276635_012024-F-252x300.jpg",252,300,true],"medium_large":["https:\/\/rms-enlinea.com.ar\/wp-content\/uploads\/2025\/06\/D_718651-MLU74244276635_012024-F-768x914.jpg",768,914,true],"large":["https:\/\/rms-enlinea.com.ar\/wp-content\/uploads\/2025\/06\/D_718651-MLU74244276635_012024-F-861x1024.jpg",861,1024,true],"1536x1536":["https:\/\/rms-enlinea.com.ar\/wp-content\/uploads\/2025\/06\/D_718651-MLU74244276635_012024-F.jpg",955,1136,false],"2048x2048":["https:\/\/rms-enlinea.com.ar\/wp-content\/uploads\/2025\/06\/D_718651-MLU74244276635_012024-F.jpg",955,1136,false],"woocommerce_thumbnail":["https:\/\/rms-enlinea.com.ar\/wp-content\/uploads\/2025\/06\/D_718651-MLU74244276635_012024-F-450x450.jpg",450,450,true],"woocommerce_single":["https:\/\/rms-enlinea.com.ar\/wp-content\/uploads\/2025\/06\/D_718651-MLU74244276635_012024-F-600x714.jpg",600,714,true],"woocommerce_gallery_thumbnail":["https:\/\/rms-enlinea.com.ar\/wp-content\/uploads\/2025\/06\/D_718651-MLU74244276635_012024-F-100x100.jpg",100,100,true]},"uagb_author_info":{"display_name":"l0071054","author_link":"https:\/\/rms-enlinea.com.ar\/tienda\/author\/"},"uagb_comment_info":0,"uagb_excerpt":"N\u00facleos totales: 6 N\u00b0 de n\u00facleos de rendimiento: 6 N\u00b0 de n\u00facleos eficientes: 0 Subprocesos totales: 12 Frecuencia turbo m\u00e1xima: 4,40 GHz Frecuencia turbo m\u00e1xima de n\u00facleo de rendimiento: 4,40 GHz Frecuencia base del n\u00facleo de rendimiento: 2,50 GHz Cache: Cach\u00e9 inteligente Intel\u00ae de 18 MB Cach\u00e9 L2 total: 7,5 MB Potencia base del procesador:&hellip;","_links":{"self":[{"href":"https:\/\/rms-enlinea.com.ar\/tienda\/wp-json\/wp\/v2\/product\/533","targetHints":{"allow":["GET"]}}],"collection":[{"href":"https:\/\/rms-enlinea.com.ar\/tienda\/wp-json\/wp\/v2\/product"}],"about":[{"href":"https:\/\/rms-enlinea.com.ar\/tienda\/wp-json\/wp\/v2\/types\/product"}],"replies":[{"embeddable":true,"href":"https:\/\/rms-enlinea.com.ar\/tienda\/wp-json\/wp\/v2\/comments?post=533"}],"wp:featuredmedia":[{"embeddable":true,"href":"https:\/\/rms-enlinea.com.ar\/tienda\/wp-json\/wp\/v2\/media\/534"}],"wp:attachment":[{"href":"https:\/\/rms-enlinea.com.ar\/tienda\/wp-json\/wp\/v2\/media?parent=533"}],"wp:term":[{"taxonomy":"product_brand","embeddable":true,"href":"https:\/\/rms-enlinea.com.ar\/tienda\/wp-json\/wp\/v2\/product_brand?post=533"},{"taxonomy":"product_cat","embeddable":true,"href":"https:\/\/rms-enlinea.com.ar\/tienda\/wp-json\/wp\/v2\/product_cat?post=533"},{"taxonomy":"product_tag","embeddable":true,"href":"https:\/\/rms-enlinea.com.ar\/tienda\/wp-json\/wp\/v2\/product_tag?post=533"}],"curies":[{"name":"wp","href":"https:\/\/api.w.org\/{rel}","templated":true}]}}