{"id":53357,"date":"2025-08-05T11:50:29","date_gmt":"2025-08-05T14:50:29","guid":{"rendered":"https:\/\/rms-enlinea.com.ar\/tienda\/producto\/deco-tp-link-access-point-wifi-mesh-doble-banda-s7-pack-x-3\/"},"modified":"2026-04-06T14:21:28","modified_gmt":"2026-04-06T17:21:28","slug":"deco-tp-link-access-point-wifi-mesh-doble-banda-s7-pack-x-3","status":"publish","type":"product","link":"https:\/\/rms-enlinea.com.ar\/tienda\/producto\/deco-tp-link-access-point-wifi-mesh-doble-banda-s7-pack-x-3\/","title":{"rendered":"Deco Tp-link Access Point Wifi Mesh Doble Banda S7 Pack X 3"},"content":{"rendered":"<p>INAL\u00c1MBRICOS <br \/>Est\u00e1ndares\tWi-Fi 5<br \/> \tIEEE 802.11ac\/n\/a 5 GHz<br \/> \tIEEE 802.11n\/b\/g 2.4 GHz<br \/>Velocidades Wi-Fi\tAC1900<br \/> \t5 GHz: 1300 Mbps (802.11ac)<br \/> \t2.4 GHz: 600 Mbps (802.11n)<br \/>Rango WiFi\tCasas de 3 a 5 dormitorios (paquete de 3)<br \/> \t3 \u00d7 antenas (internas)<br \/> \tM\u00faltiples antenas forman un conjunto de refuerzo de se\u00f1al para cubrir m\u00e1s direcciones y \u00e1reas grandes<br \/>Capacidad Wi-Fi\tMedio<br \/> \tDoble banda<br \/> \tDistribuya dispositivos a diferentes bandas para un rendimiento \u00f3ptimo<br \/> \tMU-MIMO<br \/> \tSe comunica simult\u00e1neamente con m\u00faltiples clientes MU-MIMO<br \/>Modos de trabajo\tModo de enrutador<br \/> \tModo de punto de acceso<\/p>\n","protected":false},"excerpt":{"rendered":"<p>INAL\u00c1MBRICOS Est\u00e1ndares Wi-Fi 5 IEEE 802.11ac\/n\/a 5 GHz IEEE 802.11n\/b\/g 2.4 GHzVelocidades Wi-Fi AC1900 5 GHz: 1300 Mbps (802.11ac) 2.4 GHz: 600 Mbps (802.11n)Rango WiFi Casas de 3 a 5 dormitorios (paquete de 3) 3 \u00d7 antenas (internas) M\u00faltiples antenas forman un conjunto de refuerzo de se\u00f1al para cubrir m\u00e1s direcciones y \u00e1reas grandesCapacidad Wi-Fi [&hellip;]<\/p>\n","protected":false},"featured_media":15552,"comment_status":"open","ping_status":"closed","template":"","meta":{"_uag_custom_page_level_css":""},"product_brand":[546],"product_cat":[122],"product_tag":[],"class_list":{"0":"post-53357","1":"product","2":"type-product","3":"status-publish","4":"has-post-thumbnail","6":"product_brand-tplink","7":"product_cat-redes-y-conectividad","9":"first","10":"outofstock","11":"sale","12":"taxable","13":"shipping-taxable","14":"purchasable","15":"product-type-simple"},"uagb_featured_image_src":{"full":["https:\/\/rms-enlinea.com.ar\/wp-content\/uploads\/2025\/06\/D_767492-MLU74728292490_032024-F.jpg",1163,1198,false],"thumbnail":["https:\/\/rms-enlinea.com.ar\/wp-content\/uploads\/2025\/06\/D_767492-MLU74728292490_032024-F-150x150.jpg",150,150,true],"medium":["https:\/\/rms-enlinea.com.ar\/wp-content\/uploads\/2025\/06\/D_767492-MLU74728292490_032024-F-291x300.jpg",291,300,true],"medium_large":["https:\/\/rms-enlinea.com.ar\/wp-content\/uploads\/2025\/06\/D_767492-MLU74728292490_032024-F-768x791.jpg",768,791,true],"large":["https:\/\/rms-enlinea.com.ar\/wp-content\/uploads\/2025\/06\/D_767492-MLU74728292490_032024-F-994x1024.jpg",994,1024,true],"1536x1536":["https:\/\/rms-enlinea.com.ar\/wp-content\/uploads\/2025\/06\/D_767492-MLU74728292490_032024-F.jpg",1163,1198,false],"2048x2048":["https:\/\/rms-enlinea.com.ar\/wp-content\/uploads\/2025\/06\/D_767492-MLU74728292490_032024-F.jpg",1163,1198,false],"woocommerce_thumbnail":["https:\/\/rms-enlinea.com.ar\/wp-content\/uploads\/2025\/06\/D_767492-MLU74728292490_032024-F-450x450.jpg",450,450,true],"woocommerce_single":["https:\/\/rms-enlinea.com.ar\/wp-content\/uploads\/2025\/06\/D_767492-MLU74728292490_032024-F-600x618.jpg",600,618,true],"woocommerce_gallery_thumbnail":["https:\/\/rms-enlinea.com.ar\/wp-content\/uploads\/2025\/06\/D_767492-MLU74728292490_032024-F-100x100.jpg",100,100,true]},"uagb_author_info":{"display_name":"nelson","author_link":"https:\/\/rms-enlinea.com.ar\/tienda\/author\/"},"uagb_comment_info":0,"uagb_excerpt":"INAL\u00c1MBRICOS Est\u00e1ndares Wi-Fi 5 IEEE 802.11ac\/n\/a 5 GHz IEEE 802.11n\/b\/g 2.4 GHzVelocidades Wi-Fi AC1900 5 GHz: 1300 Mbps (802.11ac) 2.4 GHz: 600 Mbps (802.11n)Rango WiFi Casas de 3 a 5 dormitorios (paquete de 3) 3 \u00d7 antenas (internas) M\u00faltiples antenas forman un conjunto de refuerzo de se\u00f1al para cubrir m\u00e1s direcciones y \u00e1reas grandesCapacidad Wi-Fi&hellip;","_links":{"self":[{"href":"https:\/\/rms-enlinea.com.ar\/tienda\/wp-json\/wp\/v2\/product\/53357","targetHints":{"allow":["GET"]}}],"collection":[{"href":"https:\/\/rms-enlinea.com.ar\/tienda\/wp-json\/wp\/v2\/product"}],"about":[{"href":"https:\/\/rms-enlinea.com.ar\/tienda\/wp-json\/wp\/v2\/types\/product"}],"replies":[{"embeddable":true,"href":"https:\/\/rms-enlinea.com.ar\/tienda\/wp-json\/wp\/v2\/comments?post=53357"}],"wp:featuredmedia":[{"embeddable":true,"href":"https:\/\/rms-enlinea.com.ar\/tienda\/wp-json\/wp\/v2\/media\/15552"}],"wp:attachment":[{"href":"https:\/\/rms-enlinea.com.ar\/tienda\/wp-json\/wp\/v2\/media?parent=53357"}],"wp:term":[{"taxonomy":"product_brand","embeddable":true,"href":"https:\/\/rms-enlinea.com.ar\/tienda\/wp-json\/wp\/v2\/product_brand?post=53357"},{"taxonomy":"product_cat","embeddable":true,"href":"https:\/\/rms-enlinea.com.ar\/tienda\/wp-json\/wp\/v2\/product_cat?post=53357"},{"taxonomy":"product_tag","embeddable":true,"href":"https:\/\/rms-enlinea.com.ar\/tienda\/wp-json\/wp\/v2\/product_tag?post=53357"}],"curies":[{"name":"wp","href":"https:\/\/api.w.org\/{rel}","templated":true}]}}