{"id":53383,"date":"2025-08-05T13:00:07","date_gmt":"2025-08-05T16:00:07","guid":{"rendered":"https:\/\/rms-enlinea.com.ar\/tienda\/producto\/gabinete-corsair-5000d-frame-argb-mid-tower-cc-9011309-ww\/"},"modified":"2026-02-21T04:01:20","modified_gmt":"2026-02-21T07:01:20","slug":"gabinete-corsair-5000d-frame-argb-mid-tower-cc-9011309-ww","status":"publish","type":"product","link":"https:\/\/rms-enlinea.com.ar\/tienda\/producto\/gabinete-corsair-5000d-frame-argb-mid-tower-cc-9011309-ww\/","title":{"rendered":"Gabinete Corsair 5000d Frame Argb Mid Tower Cc-9011309-ww"},"content":{"rendered":"<p>El Gabinete Corsair 5000D FRAME ARGB MID TOWER CC-9011309-WW es la opci\u00f3n ideal para quienes buscan un dise\u00f1o funcional y atractivo. Construido con acero resistente y paneles de vidrio templado, este gabinete no solo optimiza la circulaci\u00f3n de aire, sino que tambi\u00e9n permite mostrar su configuraci\u00f3n interna de manera elegante. Con una altura de 54 cm y dimensiones amplias, proporciona espacio suficiente para montar placas madre de diversos tama\u00f1os, incluyendo ATX y E-ATX.<\/p>\n<p>Este modelo es perfecto para los entusiastas de los sistemas de refrigeraci\u00f3n l\u00edquida, ya que admite configuraciones personalizadas que garantizan un rendimiento \u00f3ptimo. La capacidad para instalar hasta 10 ventiladores brinda un control excepcional sobre la temperatura interna, permitiendo que las piezas m\u00e1s exigentes funcionen sin problemas. Adem\u00e1s, cuenta con bah\u00edas para unidades de 3,5\u201d y 2,5\u201d, facilitando la expansi\u00f3n de almacenamiento seg\u00fan sea necesario.<\/p>\n<p>Los puertos USB 3.0 y USB 2.0, junto con el conector de Audio HD, aseguran que tengas todo lo necesario al alcance de tu mano. La iluminaci\u00f3n RGB personalizable y un dise\u00f1o que favorece la est\u00e9tica gamer elevan a\u00fan m\u00e1s su atractivo. Este gabinete no solo es una soluci\u00f3n pr\u00e1ctica, sino que tambi\u00e9n se convierte en un elemento decorativo dentro de cualquier ambiente de juego o trabajo.<\/p>\n","protected":false},"excerpt":{"rendered":"<p>El Gabinete Corsair 5000D FRAME ARGB MID TOWER CC-9011309-WW es la opci\u00f3n ideal para quienes buscan un dise\u00f1o funcional y atractivo. Construido con acero resistente y paneles de vidrio templado, este gabinete no solo optimiza la circulaci\u00f3n de aire, sino que tambi\u00e9n permite mostrar su configuraci\u00f3n interna de manera elegante. Con una altura de 54 [&hellip;]<\/p>\n","protected":false},"featured_media":53384,"comment_status":"open","ping_status":"closed","template":"","meta":{"_uag_custom_page_level_css":""},"product_brand":[555],"product_cat":[109],"product_tag":[],"class_list":{"0":"post-53383","1":"product","2":"type-product","3":"status-publish","4":"has-post-thumbnail","6":"product_brand-corsair","7":"product_cat-gabinetes","9":"first","10":"outofstock","11":"sale","12":"taxable","13":"shipping-taxable","14":"purchasable","15":"product-type-simple"},"uagb_featured_image_src":{"full":["https:\/\/rms-enlinea.com.ar\/wp-content\/uploads\/2025\/08\/D_698944-MLA89092138644_082025-F.jpg",889,1199,false],"thumbnail":["https:\/\/rms-enlinea.com.ar\/wp-content\/uploads\/2025\/08\/D_698944-MLA89092138644_082025-F-150x150.jpg",150,150,true],"medium":["https:\/\/rms-enlinea.com.ar\/wp-content\/uploads\/2025\/08\/D_698944-MLA89092138644_082025-F-222x300.jpg",222,300,true],"medium_large":["https:\/\/rms-enlinea.com.ar\/wp-content\/uploads\/2025\/08\/D_698944-MLA89092138644_082025-F-768x1036.jpg",768,1036,true],"large":["https:\/\/rms-enlinea.com.ar\/wp-content\/uploads\/2025\/08\/D_698944-MLA89092138644_082025-F-759x1024.jpg",759,1024,true],"1536x1536":["https:\/\/rms-enlinea.com.ar\/wp-content\/uploads\/2025\/08\/D_698944-MLA89092138644_082025-F.jpg",889,1199,false],"2048x2048":["https:\/\/rms-enlinea.com.ar\/wp-content\/uploads\/2025\/08\/D_698944-MLA89092138644_082025-F.jpg",889,1199,false],"woocommerce_thumbnail":["https:\/\/rms-enlinea.com.ar\/wp-content\/uploads\/2025\/08\/D_698944-MLA89092138644_082025-F-450x450.jpg",450,450,true],"woocommerce_single":["https:\/\/rms-enlinea.com.ar\/wp-content\/uploads\/2025\/08\/D_698944-MLA89092138644_082025-F-600x809.jpg",600,809,true],"woocommerce_gallery_thumbnail":["https:\/\/rms-enlinea.com.ar\/wp-content\/uploads\/2025\/08\/D_698944-MLA89092138644_082025-F-100x100.jpg",100,100,true]},"uagb_author_info":{"display_name":"nelson","author_link":"https:\/\/rms-enlinea.com.ar\/tienda\/author\/"},"uagb_comment_info":0,"uagb_excerpt":"El Gabinete Corsair 5000D FRAME ARGB MID TOWER CC-9011309-WW es la opci\u00f3n ideal para quienes buscan un dise\u00f1o funcional y atractivo. Construido con acero resistente y paneles de vidrio templado, este gabinete no solo optimiza la circulaci\u00f3n de aire, sino que tambi\u00e9n permite mostrar su configuraci\u00f3n interna de manera elegante. Con una altura de 54&hellip;","_links":{"self":[{"href":"https:\/\/rms-enlinea.com.ar\/tienda\/wp-json\/wp\/v2\/product\/53383","targetHints":{"allow":["GET"]}}],"collection":[{"href":"https:\/\/rms-enlinea.com.ar\/tienda\/wp-json\/wp\/v2\/product"}],"about":[{"href":"https:\/\/rms-enlinea.com.ar\/tienda\/wp-json\/wp\/v2\/types\/product"}],"replies":[{"embeddable":true,"href":"https:\/\/rms-enlinea.com.ar\/tienda\/wp-json\/wp\/v2\/comments?post=53383"}],"wp:featuredmedia":[{"embeddable":true,"href":"https:\/\/rms-enlinea.com.ar\/tienda\/wp-json\/wp\/v2\/media\/53384"}],"wp:attachment":[{"href":"https:\/\/rms-enlinea.com.ar\/tienda\/wp-json\/wp\/v2\/media?parent=53383"}],"wp:term":[{"taxonomy":"product_brand","embeddable":true,"href":"https:\/\/rms-enlinea.com.ar\/tienda\/wp-json\/wp\/v2\/product_brand?post=53383"},{"taxonomy":"product_cat","embeddable":true,"href":"https:\/\/rms-enlinea.com.ar\/tienda\/wp-json\/wp\/v2\/product_cat?post=53383"},{"taxonomy":"product_tag","embeddable":true,"href":"https:\/\/rms-enlinea.com.ar\/tienda\/wp-json\/wp\/v2\/product_tag?post=53383"}],"curies":[{"name":"wp","href":"https:\/\/api.w.org\/{rel}","templated":true}]}}