{"id":53387,"date":"2025-08-05T13:00:15","date_gmt":"2025-08-05T16:00:15","guid":{"rendered":"https:\/\/rms-enlinea.com.ar\/tienda\/producto\/procesador-amd-ryzen-5-5500x3d-s-grafico-s-cooler\/"},"modified":"2026-04-21T05:21:03","modified_gmt":"2026-04-21T08:21:03","slug":"procesador-amd-ryzen-5-5500x3d-s-grafico-s-cooler","status":"publish","type":"product","link":"https:\/\/rms-enlinea.com.ar\/tienda\/producto\/procesador-amd-ryzen-5-5500x3d-s-grafico-s-cooler\/","title":{"rendered":"Procesador Amd Ryzen 5 5500x3d S\/grafico S\/cooler"},"content":{"rendered":"<p>El procesador AMD Ryzen 5 5500X3D es la soluci\u00f3n ideal para quienes buscan un rendimiento superior tanto en gaming como en aplicaciones de escritorio. Con 6 n\u00facleos y 12 hilos, este procesador ofrece una experiencia fluida y eficiente, soportando hasta 128 GB de memoria RAM DDR4 y alcanzando frecuencias de reloj de hasta 4 GHz. Su arquitectura Zen 3, combinada con una litograf\u00eda de 7 nm, asegura un bajo consumo energ\u00e9tico con un TDP de 105 W, sin sacrificar potencia.<\/p>\n<p>El Ryzen 5 5500X3D es perfecto para los entusiastas de los videojuegos, ya que es capaz de soportar resoluciones en 4K, brindando im\u00e1genes n\u00edtidas y detalladas. Adem\u00e1s, la tecnolog\u00eda Hyper-threading optimiza el procesamiento multitarea, lo que resulta en un desempe\u00f1o m\u00e1s \u00e1gil en tareas demandantes. Equipado con PCIe 4.0, garantiza la capacidad de conectar los componentes m\u00e1s avanzados del mercado.<\/p>\n<p>Con un tama\u00f1o de cach\u00e9 L3 de 96 MB, los tiempos de respuesta son rapid\u00edsimos, permitiendo un flujo de trabajo m\u00e1s eficiente. Este procesador no solo es desbloqueado para quienes desean realizar overclocking, sino que tambi\u00e9n est\u00e1 dise\u00f1ado para maximizar el rendimiento en configuraciones exigentes. La frecuencia m\u00ednima de 3 GHz asegura que incluso las tareas m\u00e1s livianas se ejecuten sin problemas.<\/p>\n<p>En definitiva, el AMD Ryzen 5 5500X3D es un potente aliado para tus proyectos de gaming y productividad, ofreciendo versatilidad y un rendimiento excepcional. Si buscas un procesador que se adapte a tus necesidades y sume valor a tu configuraci\u00f3n, este modelo es una excelente elecci\u00f3n. Redefine tu experiencia inform\u00e1tica con la innovaci\u00f3n y la velocidad que solo AMD puede ofrecer.<\/p>\n","protected":false},"excerpt":{"rendered":"<p>El procesador AMD Ryzen 5 5500X3D es la soluci\u00f3n ideal para quienes buscan un rendimiento superior tanto en gaming como en aplicaciones de escritorio. Con 6 n\u00facleos y 12 hilos, este procesador ofrece una experiencia fluida y eficiente, soportando hasta 128 GB de memoria RAM DDR4 y alcanzando frecuencias de reloj de hasta 4 GHz. [&hellip;]<\/p>\n","protected":false},"featured_media":53388,"comment_status":"open","ping_status":"closed","template":"","meta":{"_uag_custom_page_level_css":""},"product_brand":[531],"product_cat":[121],"product_tag":[],"class_list":{"0":"post-53387","1":"product","2":"type-product","3":"status-publish","4":"has-post-thumbnail","6":"product_brand-amd","7":"product_cat-procesadores-computacion","9":"first","10":"outofstock","11":"sale","12":"taxable","13":"shipping-taxable","14":"purchasable","15":"product-type-simple"},"uagb_featured_image_src":{"full":["https:\/\/rms-enlinea.com.ar\/wp-content\/uploads\/2025\/08\/D_862790-MLA89093536322_082025-F.jpg",1088,1199,false],"thumbnail":["https:\/\/rms-enlinea.com.ar\/wp-content\/uploads\/2025\/08\/D_862790-MLA89093536322_082025-F-150x150.jpg",150,150,true],"medium":["https:\/\/rms-enlinea.com.ar\/wp-content\/uploads\/2025\/08\/D_862790-MLA89093536322_082025-F-272x300.jpg",272,300,true],"medium_large":["https:\/\/rms-enlinea.com.ar\/wp-content\/uploads\/2025\/08\/D_862790-MLA89093536322_082025-F-768x846.jpg",768,846,true],"large":["https:\/\/rms-enlinea.com.ar\/wp-content\/uploads\/2025\/08\/D_862790-MLA89093536322_082025-F-929x1024.jpg",929,1024,true],"1536x1536":["https:\/\/rms-enlinea.com.ar\/wp-content\/uploads\/2025\/08\/D_862790-MLA89093536322_082025-F.jpg",1088,1199,false],"2048x2048":["https:\/\/rms-enlinea.com.ar\/wp-content\/uploads\/2025\/08\/D_862790-MLA89093536322_082025-F.jpg",1088,1199,false],"woocommerce_thumbnail":["https:\/\/rms-enlinea.com.ar\/wp-content\/uploads\/2025\/08\/D_862790-MLA89093536322_082025-F-450x450.jpg",450,450,true],"woocommerce_single":["https:\/\/rms-enlinea.com.ar\/wp-content\/uploads\/2025\/08\/D_862790-MLA89093536322_082025-F-600x661.jpg",600,661,true],"woocommerce_gallery_thumbnail":["https:\/\/rms-enlinea.com.ar\/wp-content\/uploads\/2025\/08\/D_862790-MLA89093536322_082025-F-100x100.jpg",100,100,true]},"uagb_author_info":{"display_name":"nelson","author_link":"https:\/\/rms-enlinea.com.ar\/tienda\/author\/"},"uagb_comment_info":0,"uagb_excerpt":"El procesador AMD Ryzen 5 5500X3D es la soluci\u00f3n ideal para quienes buscan un rendimiento superior tanto en gaming como en aplicaciones de escritorio. Con 6 n\u00facleos y 12 hilos, este procesador ofrece una experiencia fluida y eficiente, soportando hasta 128 GB de memoria RAM DDR4 y alcanzando frecuencias de reloj de hasta 4 GHz.&hellip;","_links":{"self":[{"href":"https:\/\/rms-enlinea.com.ar\/tienda\/wp-json\/wp\/v2\/product\/53387","targetHints":{"allow":["GET"]}}],"collection":[{"href":"https:\/\/rms-enlinea.com.ar\/tienda\/wp-json\/wp\/v2\/product"}],"about":[{"href":"https:\/\/rms-enlinea.com.ar\/tienda\/wp-json\/wp\/v2\/types\/product"}],"replies":[{"embeddable":true,"href":"https:\/\/rms-enlinea.com.ar\/tienda\/wp-json\/wp\/v2\/comments?post=53387"}],"wp:featuredmedia":[{"embeddable":true,"href":"https:\/\/rms-enlinea.com.ar\/tienda\/wp-json\/wp\/v2\/media\/53388"}],"wp:attachment":[{"href":"https:\/\/rms-enlinea.com.ar\/tienda\/wp-json\/wp\/v2\/media?parent=53387"}],"wp:term":[{"taxonomy":"product_brand","embeddable":true,"href":"https:\/\/rms-enlinea.com.ar\/tienda\/wp-json\/wp\/v2\/product_brand?post=53387"},{"taxonomy":"product_cat","embeddable":true,"href":"https:\/\/rms-enlinea.com.ar\/tienda\/wp-json\/wp\/v2\/product_cat?post=53387"},{"taxonomy":"product_tag","embeddable":true,"href":"https:\/\/rms-enlinea.com.ar\/tienda\/wp-json\/wp\/v2\/product_tag?post=53387"}],"curies":[{"name":"wp","href":"https:\/\/api.w.org\/{rel}","templated":true}]}}