{"id":53389,"date":"2025-08-05T13:00:22","date_gmt":"2025-08-05T16:00:22","guid":{"rendered":"https:\/\/rms-enlinea.com.ar\/tienda\/producto\/placa-de-video-amd-asrock-challenger-radeon-rx-6600-cld-8gb\/"},"modified":"2026-04-09T01:30:18","modified_gmt":"2026-04-09T04:30:18","slug":"placa-de-video-amd-asrock-challenger-radeon-rx-6600-cld-8gb","status":"publish","type":"product","link":"https:\/\/rms-enlinea.com.ar\/tienda\/producto\/placa-de-video-amd-asrock-challenger-radeon-rx-6600-cld-8gb\/","title":{"rendered":"Placa De Video Amd Asrock Challenger Radeon Rx 6600 Cld 8gb"},"content":{"rendered":"<p>Condici\u00f3n del \u00edtem<\/p>\n<p>Nuevo<br \/>\nMarca<\/p>\n<p>ASRock<br \/>\nConectividad<\/p>\n<p>1 HDMI 2.1,3 DisplayPort 1.4<br \/>\nSerie<\/p>\n<p>Radeon RX 6600 Series<br \/>\nVersi\u00f3n<\/p>\n<p>RX6600 CLD 8G<br \/>\nEs compatible con openGL<\/p>\n<p>S\u00ed<br \/>\nL\u00ednea<\/p>\n<p>Challenger<br \/>\nFabricante<\/p>\n<p>AMD<br \/>\nCantidad m\u00e1xima de monitores<\/p>\n<p>4<br \/>\nResoluci\u00f3n m\u00e1xima<\/p>\n<p>7680&#215;4320<br \/>\nBus de memoria<\/p>\n<p>128 bit<br \/>\nTama\u00f1o de la memoria<\/p>\n<p>8 GB<br \/>\nModelo<\/p>\n<p>RX 6600<br \/>\nInterfaz con la placa madre<\/p>\n<p>PCI-Express 4.0<br \/>\nRequerimiento energ\u00e9tico<\/p>\n<p>500 W<br \/>\nAccesorios incluidos<\/p>\n<p>Gu\u00eda r\u00e1pida<br \/>\nSKU<\/p>\n<p>VG-6600 CLD 8G<br \/>\nFrecuencia base del n\u00facleo<\/p>\n<p>1626 MHz<br \/>\nFrecuencia boost del n\u00facleo<\/p>\n<p>2491 MHz<br \/>\nFrecuencia del n\u00facleo del modo de juego<\/p>\n<p>2044 MHz<br \/>\nTipo de memoria gr\u00e1fica<\/p>\n<p>GDDR6<br \/>\nC\u00f3digo universal de producto<\/p>\n<p>04710483935749<br \/>\nEs compatible con directX<\/p>\n<p>S\u00ed<br \/>\nVelocidad de datos de la memoria<\/p>\n<p>14 Gbps<\/p>\n","protected":false},"excerpt":{"rendered":"<p>Condici\u00f3n del \u00edtem Nuevo Marca ASRock Conectividad 1 HDMI 2.1,3 DisplayPort 1.4 Serie Radeon RX 6600 Series Versi\u00f3n RX6600 CLD 8G Es compatible con openGL S\u00ed L\u00ednea Challenger Fabricante AMD Cantidad m\u00e1xima de monitores 4 Resoluci\u00f3n m\u00e1xima 7680&#215;4320 Bus de memoria 128 bit Tama\u00f1o de la memoria 8 GB Modelo RX 6600 Interfaz con la [&hellip;]<\/p>\n","protected":false},"featured_media":53390,"comment_status":"open","ping_status":"closed","template":"","meta":{"_uag_custom_page_level_css":""},"product_brand":[588],"product_cat":[120],"product_tag":[],"class_list":{"0":"post-53389","1":"product","2":"type-product","3":"status-publish","4":"has-post-thumbnail","6":"product_brand-asrock","7":"product_cat-placas-de-video","9":"first","10":"outofstock","11":"sale","12":"taxable","13":"shipping-taxable","14":"purchasable","15":"product-type-simple"},"uagb_featured_image_src":{"full":["https:\/\/rms-enlinea.com.ar\/wp-content\/uploads\/2025\/08\/D_891131-MLA89455965535_082025-F.jpg",1200,912,false],"thumbnail":["https:\/\/rms-enlinea.com.ar\/wp-content\/uploads\/2025\/08\/D_891131-MLA89455965535_082025-F-150x150.jpg",150,150,true],"medium":["https:\/\/rms-enlinea.com.ar\/wp-content\/uploads\/2025\/08\/D_891131-MLA89455965535_082025-F-300x228.jpg",300,228,true],"medium_large":["https:\/\/rms-enlinea.com.ar\/wp-content\/uploads\/2025\/08\/D_891131-MLA89455965535_082025-F-768x584.jpg",768,584,true],"large":["https:\/\/rms-enlinea.com.ar\/wp-content\/uploads\/2025\/08\/D_891131-MLA89455965535_082025-F-1024x778.jpg",1024,778,true],"1536x1536":["https:\/\/rms-enlinea.com.ar\/wp-content\/uploads\/2025\/08\/D_891131-MLA89455965535_082025-F.jpg",1200,912,false],"2048x2048":["https:\/\/rms-enlinea.com.ar\/wp-content\/uploads\/2025\/08\/D_891131-MLA89455965535_082025-F.jpg",1200,912,false],"woocommerce_thumbnail":["https:\/\/rms-enlinea.com.ar\/wp-content\/uploads\/2025\/08\/D_891131-MLA89455965535_082025-F-450x450.jpg",450,450,true],"woocommerce_single":["https:\/\/rms-enlinea.com.ar\/wp-content\/uploads\/2025\/08\/D_891131-MLA89455965535_082025-F-600x456.jpg",600,456,true],"woocommerce_gallery_thumbnail":["https:\/\/rms-enlinea.com.ar\/wp-content\/uploads\/2025\/08\/D_891131-MLA89455965535_082025-F-100x100.jpg",100,100,true]},"uagb_author_info":{"display_name":"nelson","author_link":"https:\/\/rms-enlinea.com.ar\/tienda\/author\/"},"uagb_comment_info":0,"uagb_excerpt":"Condici\u00f3n del \u00edtem Nuevo Marca ASRock Conectividad 1 HDMI 2.1,3 DisplayPort 1.4 Serie Radeon RX 6600 Series Versi\u00f3n RX6600 CLD 8G Es compatible con openGL S\u00ed L\u00ednea Challenger Fabricante AMD Cantidad m\u00e1xima de monitores 4 Resoluci\u00f3n m\u00e1xima 7680&#215;4320 Bus de memoria 128 bit Tama\u00f1o de la memoria 8 GB Modelo RX 6600 Interfaz con la&hellip;","_links":{"self":[{"href":"https:\/\/rms-enlinea.com.ar\/tienda\/wp-json\/wp\/v2\/product\/53389","targetHints":{"allow":["GET"]}}],"collection":[{"href":"https:\/\/rms-enlinea.com.ar\/tienda\/wp-json\/wp\/v2\/product"}],"about":[{"href":"https:\/\/rms-enlinea.com.ar\/tienda\/wp-json\/wp\/v2\/types\/product"}],"replies":[{"embeddable":true,"href":"https:\/\/rms-enlinea.com.ar\/tienda\/wp-json\/wp\/v2\/comments?post=53389"}],"wp:featuredmedia":[{"embeddable":true,"href":"https:\/\/rms-enlinea.com.ar\/tienda\/wp-json\/wp\/v2\/media\/53390"}],"wp:attachment":[{"href":"https:\/\/rms-enlinea.com.ar\/tienda\/wp-json\/wp\/v2\/media?parent=53389"}],"wp:term":[{"taxonomy":"product_brand","embeddable":true,"href":"https:\/\/rms-enlinea.com.ar\/tienda\/wp-json\/wp\/v2\/product_brand?post=53389"},{"taxonomy":"product_cat","embeddable":true,"href":"https:\/\/rms-enlinea.com.ar\/tienda\/wp-json\/wp\/v2\/product_cat?post=53389"},{"taxonomy":"product_tag","embeddable":true,"href":"https:\/\/rms-enlinea.com.ar\/tienda\/wp-json\/wp\/v2\/product_tag?post=53389"}],"curies":[{"name":"wp","href":"https:\/\/api.w.org\/{rel}","templated":true}]}}