{"id":53399,"date":"2025-08-05T13:10:16","date_gmt":"2025-08-05T16:10:16","guid":{"rendered":"https:\/\/rms-enlinea.com.ar\/tienda\/producto\/procesador-amd-ryzen-5-8500g-am5-ddr5-5ghz-6-nucleos\/"},"modified":"2026-03-21T18:50:44","modified_gmt":"2026-03-21T21:50:44","slug":"procesador-amd-ryzen-5-8500g-am5-ddr5-5ghz-6-nucleos","status":"publish","type":"product","link":"https:\/\/rms-enlinea.com.ar\/tienda\/producto\/procesador-amd-ryzen-5-8500g-am5-ddr5-5ghz-6-nucleos\/","title":{"rendered":"Procesador Amd Ryzen 5 8500g Am5 Ddr5 5ghz 6 Nucleos"},"content":{"rendered":"<p>Modelo alfanum\u00e9rico<\/p>\n<p>100-100000931BOX<br \/>\nAplicaci\u00f3n<\/p>\n<p>Computadoras de escritorio<br \/>\nFrecuencia m\u00e1xima de reloj<\/p>\n<p>5 GHz<br \/>\nFrecuencia m\u00ednima de reloj<\/p>\n<p>3.5 GHz<br \/>\nZ\u00f3calos compatibles<\/p>\n<p>AM5<br \/>\nCantidad de n\u00facleos de CPU<\/p>\n<p>6<br \/>\nModelo<\/p>\n<p>Ryzen 5 8500G<br \/>\nArquitectura<\/p>\n<p>x86-64<br \/>\nTipos de memoria RAM soportadas<\/p>\n<p>DDR5<br \/>\nProcesador gr\u00e1fico<\/p>\n<p>AMD Radeon 740M<br \/>\nMarca<\/p>\n<p>AMD<br \/>\nCach\u00e9<\/p>\n<p>22 MB<br \/>\nL\u00ednea<\/p>\n<p>Ryzen 5<\/p>\n","protected":false},"excerpt":{"rendered":"<p>Modelo alfanum\u00e9rico 100-100000931BOX Aplicaci\u00f3n Computadoras de escritorio Frecuencia m\u00e1xima de reloj 5 GHz Frecuencia m\u00ednima de reloj 3.5 GHz Z\u00f3calos compatibles AM5 Cantidad de n\u00facleos de CPU 6 Modelo Ryzen 5 8500G Arquitectura x86-64 Tipos de memoria RAM soportadas DDR5 Procesador gr\u00e1fico AMD Radeon 740M Marca AMD Cach\u00e9 22 MB L\u00ednea Ryzen 5<\/p>\n","protected":false},"featured_media":35848,"comment_status":"open","ping_status":"closed","template":"","meta":{"_uag_custom_page_level_css":""},"product_brand":[531],"product_cat":[121],"product_tag":[],"class_list":{"0":"post-53399","1":"product","2":"type-product","3":"status-publish","4":"has-post-thumbnail","6":"product_brand-amd","7":"product_cat-procesadores-computacion","9":"first","10":"instock","11":"sale","12":"taxable","13":"shipping-taxable","14":"purchasable","15":"product-type-simple"},"uagb_featured_image_src":{"full":["https:\/\/rms-enlinea.com.ar\/wp-content\/uploads\/2025\/06\/D_789045-MLU74466624475_022024-F.jpg",1020,1009,false],"thumbnail":["https:\/\/rms-enlinea.com.ar\/wp-content\/uploads\/2025\/06\/D_789045-MLU74466624475_022024-F-150x150.jpg",150,150,true],"medium":["https:\/\/rms-enlinea.com.ar\/wp-content\/uploads\/2025\/06\/D_789045-MLU74466624475_022024-F-300x297.jpg",300,297,true],"medium_large":["https:\/\/rms-enlinea.com.ar\/wp-content\/uploads\/2025\/06\/D_789045-MLU74466624475_022024-F-768x760.jpg",768,760,true],"large":["https:\/\/rms-enlinea.com.ar\/wp-content\/uploads\/2025\/06\/D_789045-MLU74466624475_022024-F.jpg",1020,1009,false],"1536x1536":["https:\/\/rms-enlinea.com.ar\/wp-content\/uploads\/2025\/06\/D_789045-MLU74466624475_022024-F.jpg",1020,1009,false],"2048x2048":["https:\/\/rms-enlinea.com.ar\/wp-content\/uploads\/2025\/06\/D_789045-MLU74466624475_022024-F.jpg",1020,1009,false],"woocommerce_thumbnail":["https:\/\/rms-enlinea.com.ar\/wp-content\/uploads\/2025\/06\/D_789045-MLU74466624475_022024-F-450x450.jpg",450,450,true],"woocommerce_single":["https:\/\/rms-enlinea.com.ar\/wp-content\/uploads\/2025\/06\/D_789045-MLU74466624475_022024-F-600x594.jpg",600,594,true],"woocommerce_gallery_thumbnail":["https:\/\/rms-enlinea.com.ar\/wp-content\/uploads\/2025\/06\/D_789045-MLU74466624475_022024-F-100x100.jpg",100,100,true]},"uagb_author_info":{"display_name":"nelson","author_link":"https:\/\/rms-enlinea.com.ar\/tienda\/author\/"},"uagb_comment_info":0,"uagb_excerpt":"Modelo alfanum\u00e9rico 100-100000931BOX Aplicaci\u00f3n Computadoras de escritorio Frecuencia m\u00e1xima de reloj 5 GHz Frecuencia m\u00ednima de reloj 3.5 GHz Z\u00f3calos compatibles AM5 Cantidad de n\u00facleos de CPU 6 Modelo Ryzen 5 8500G Arquitectura x86-64 Tipos de memoria RAM soportadas DDR5 Procesador gr\u00e1fico AMD Radeon 740M Marca AMD Cach\u00e9 22 MB L\u00ednea Ryzen 5","_links":{"self":[{"href":"https:\/\/rms-enlinea.com.ar\/tienda\/wp-json\/wp\/v2\/product\/53399","targetHints":{"allow":["GET"]}}],"collection":[{"href":"https:\/\/rms-enlinea.com.ar\/tienda\/wp-json\/wp\/v2\/product"}],"about":[{"href":"https:\/\/rms-enlinea.com.ar\/tienda\/wp-json\/wp\/v2\/types\/product"}],"replies":[{"embeddable":true,"href":"https:\/\/rms-enlinea.com.ar\/tienda\/wp-json\/wp\/v2\/comments?post=53399"}],"wp:featuredmedia":[{"embeddable":true,"href":"https:\/\/rms-enlinea.com.ar\/tienda\/wp-json\/wp\/v2\/media\/35848"}],"wp:attachment":[{"href":"https:\/\/rms-enlinea.com.ar\/tienda\/wp-json\/wp\/v2\/media?parent=53399"}],"wp:term":[{"taxonomy":"product_brand","embeddable":true,"href":"https:\/\/rms-enlinea.com.ar\/tienda\/wp-json\/wp\/v2\/product_brand?post=53399"},{"taxonomy":"product_cat","embeddable":true,"href":"https:\/\/rms-enlinea.com.ar\/tienda\/wp-json\/wp\/v2\/product_cat?post=53399"},{"taxonomy":"product_tag","embeddable":true,"href":"https:\/\/rms-enlinea.com.ar\/tienda\/wp-json\/wp\/v2\/product_tag?post=53399"}],"curies":[{"name":"wp","href":"https:\/\/api.w.org\/{rel}","templated":true}]}}