{"id":53403,"date":"2025-08-05T13:40:06","date_gmt":"2025-08-05T16:40:06","guid":{"rendered":"https:\/\/rms-enlinea.com.ar\/tienda\/producto\/camara-domo-hilook-thc-t110-m-1-mpx-exterior\/"},"modified":"2026-03-27T12:51:54","modified_gmt":"2026-03-27T15:51:54","slug":"camara-domo-hilook-thc-t110-m-1-mpx-exterior","status":"publish","type":"product","link":"https:\/\/rms-enlinea.com.ar\/tienda\/producto\/camara-domo-hilook-thc-t110-m-1-mpx-exterior\/","title":{"rendered":"Camara Domo Hilook Thc-t110-m 1 Mpx Exterior"},"content":{"rendered":"<p>C\u00e1mara<br \/>\nSensor de imagen<br \/>\n1 MP CMOS image sensor<br \/>\nMax. Resoluci\u00f3n<br \/>\n1280 (H) \u00d7 720 (V)<br \/>\nIluminaci\u00f3n m\u00ednima<br \/>\n0.01 Lux@(F1.2, AGC ON), 0 Lux with IR<br \/>\nTiempo de obturaci\u00f3n<br \/>\n1\/25 (1\/30) s to 1\/50,000 s<br \/>\nD\u00eda y Noche<br \/>\nIR cut filter<br \/>\nAjuste de \u00e1ngulo<br \/>\nPan: 0\u00b0 to 360\u00b0, Tilt: 0\u00b0 to 75\u00b0, Rotation: 0\u00b0 to 360\u00b0<br \/>\nSe\u00f1al del sistema<br \/>\nPAL\/NTSC<br \/>\nLente<br \/>\nLente<br \/>\n2.8 mm, 3.6 mm, 6 mm<br \/>\nFocal Length &amp; FOV<br \/>\n92\u00b0 (2.8 mm), 70.9\u00b0 (3.6 mm), 56.7\u00b0 (6 mm)<br \/>\nMontura del lente<br \/>\nM12<br \/>\nImagen<br \/>\nConfiguraci\u00f3n de imagen<br \/>\nSharpness, Contrast, Color Gain, DNR<br \/>\nFrame Rate<br \/>\nPAL: 720p@25fps,NTSC: 720p@30fps<br \/>\nModo d\u00eda\/noche<br \/>\nAuto\/Color\/BW (Black and White)<br \/>\nWide Dynamic Range (WDR)<br \/>\nDWDR<br \/>\nMejora de la imagen<br \/>\nBLC<br \/>\nAGC<br \/>\nHigh\/Medium\/Low\/Off<br \/>\nSupplement Detection(PIR)<br \/>\nRango PIR<br \/>\nUp to 20 m<br \/>\nInterfaz<br \/>\nSalida de V\u00eddeo<br \/>\nSwitchable TVI\/AHD\/CVI\/CVBS<br \/>\nGeneral<br \/>\nMaterial<br \/>\nMetal<br \/>\nDimensi\u00f3n<br \/>\n\u00d8 82.6 mm \u00d7 69.66 mm (\u00d8 3.25&#8243; \u00d7 2.74&#8243;)<br \/>\n230 g (0.51 lb.)<br \/>\nOperating Condition<br \/>\n-40 \u00b0C to 60 \u00b0C (-40 \u00b0F to 140 \u00b0F), Humidity: 90% or less (non-condensation)<br \/>\nIdioma<br \/>\nEnglish, Chinese<br \/>\nFuente de alimentaci\u00f3n<br \/>\n12 VDC \u00b1 15%<br \/>\nConsumo<br \/>\nMax. 4.2 W<br \/>\nRango IR<br \/>\n&lt;30m<br \/>\nCertificaciones<br \/>\nProtecci\u00f3n<br \/>\nIP66<\/p>\n","protected":false},"excerpt":{"rendered":"<p>C\u00e1mara Sensor de imagen 1 MP CMOS image sensor Max. Resoluci\u00f3n 1280 (H) \u00d7 720 (V) Iluminaci\u00f3n m\u00ednima 0.01 Lux@(F1.2, AGC ON), 0 Lux with IR Tiempo de obturaci\u00f3n 1\/25 (1\/30) s to 1\/50,000 s D\u00eda y Noche IR cut filter Ajuste de \u00e1ngulo Pan: 0\u00b0 to 360\u00b0, Tilt: 0\u00b0 to 75\u00b0, Rotation: 0\u00b0 to [&hellip;]<\/p>\n","protected":false},"featured_media":53404,"comment_status":"open","ping_status":"closed","template":"","meta":{"_uag_custom_page_level_css":""},"product_brand":[473],"product_cat":[32],"product_tag":[],"class_list":{"0":"post-53403","1":"product","2":"type-product","3":"status-publish","4":"has-post-thumbnail","6":"product_brand-hikvision","7":"product_cat-seguridad","9":"first","10":"instock","11":"sale","12":"taxable","13":"shipping-taxable","14":"purchasable","15":"product-type-simple"},"uagb_featured_image_src":{"full":["https:\/\/rms-enlinea.com.ar\/wp-content\/uploads\/2025\/08\/D_629057-MLA89096071810_082025-F.jpg",1200,1061,false],"thumbnail":["https:\/\/rms-enlinea.com.ar\/wp-content\/uploads\/2025\/08\/D_629057-MLA89096071810_082025-F-150x150.jpg",150,150,true],"medium":["https:\/\/rms-enlinea.com.ar\/wp-content\/uploads\/2025\/08\/D_629057-MLA89096071810_082025-F-300x265.jpg",300,265,true],"medium_large":["https:\/\/rms-enlinea.com.ar\/wp-content\/uploads\/2025\/08\/D_629057-MLA89096071810_082025-F-768x679.jpg",768,679,true],"large":["https:\/\/rms-enlinea.com.ar\/wp-content\/uploads\/2025\/08\/D_629057-MLA89096071810_082025-F-1024x905.jpg",1024,905,true],"1536x1536":["https:\/\/rms-enlinea.com.ar\/wp-content\/uploads\/2025\/08\/D_629057-MLA89096071810_082025-F.jpg",1200,1061,false],"2048x2048":["https:\/\/rms-enlinea.com.ar\/wp-content\/uploads\/2025\/08\/D_629057-MLA89096071810_082025-F.jpg",1200,1061,false],"woocommerce_thumbnail":["https:\/\/rms-enlinea.com.ar\/wp-content\/uploads\/2025\/08\/D_629057-MLA89096071810_082025-F-450x450.jpg",450,450,true],"woocommerce_single":["https:\/\/rms-enlinea.com.ar\/wp-content\/uploads\/2025\/08\/D_629057-MLA89096071810_082025-F-600x531.jpg",600,531,true],"woocommerce_gallery_thumbnail":["https:\/\/rms-enlinea.com.ar\/wp-content\/uploads\/2025\/08\/D_629057-MLA89096071810_082025-F-100x100.jpg",100,100,true]},"uagb_author_info":{"display_name":"nelson","author_link":"https:\/\/rms-enlinea.com.ar\/tienda\/author\/"},"uagb_comment_info":0,"uagb_excerpt":"C\u00e1mara Sensor de imagen 1 MP CMOS image sensor Max. Resoluci\u00f3n 1280 (H) \u00d7 720 (V) Iluminaci\u00f3n m\u00ednima 0.01 Lux@(F1.2, AGC ON), 0 Lux with IR Tiempo de obturaci\u00f3n 1\/25 (1\/30) s to 1\/50,000 s D\u00eda y Noche IR cut filter Ajuste de \u00e1ngulo Pan: 0\u00b0 to 360\u00b0, Tilt: 0\u00b0 to 75\u00b0, Rotation: 0\u00b0 to&hellip;","_links":{"self":[{"href":"https:\/\/rms-enlinea.com.ar\/tienda\/wp-json\/wp\/v2\/product\/53403","targetHints":{"allow":["GET"]}}],"collection":[{"href":"https:\/\/rms-enlinea.com.ar\/tienda\/wp-json\/wp\/v2\/product"}],"about":[{"href":"https:\/\/rms-enlinea.com.ar\/tienda\/wp-json\/wp\/v2\/types\/product"}],"replies":[{"embeddable":true,"href":"https:\/\/rms-enlinea.com.ar\/tienda\/wp-json\/wp\/v2\/comments?post=53403"}],"wp:featuredmedia":[{"embeddable":true,"href":"https:\/\/rms-enlinea.com.ar\/tienda\/wp-json\/wp\/v2\/media\/53404"}],"wp:attachment":[{"href":"https:\/\/rms-enlinea.com.ar\/tienda\/wp-json\/wp\/v2\/media?parent=53403"}],"wp:term":[{"taxonomy":"product_brand","embeddable":true,"href":"https:\/\/rms-enlinea.com.ar\/tienda\/wp-json\/wp\/v2\/product_brand?post=53403"},{"taxonomy":"product_cat","embeddable":true,"href":"https:\/\/rms-enlinea.com.ar\/tienda\/wp-json\/wp\/v2\/product_cat?post=53403"},{"taxonomy":"product_tag","embeddable":true,"href":"https:\/\/rms-enlinea.com.ar\/tienda\/wp-json\/wp\/v2\/product_tag?post=53403"}],"curies":[{"name":"wp","href":"https:\/\/api.w.org\/{rel}","templated":true}]}}