{"id":53417,"date":"2025-08-05T19:40:12","date_gmt":"2025-08-05T22:40:12","guid":{"rendered":"https:\/\/rms-enlinea.com.ar\/tienda\/producto\/web-cam-logitech-c922-pro-stream-con-tripode-full-hd\/"},"modified":"2026-04-02T18:56:05","modified_gmt":"2026-04-02T21:56:05","slug":"web-cam-logitech-c922-pro-stream-con-tripode-full-hd","status":"publish","type":"product","link":"https:\/\/rms-enlinea.com.ar\/tienda\/producto\/web-cam-logitech-c922-pro-stream-con-tripode-full-hd\/","title":{"rendered":"Web Cam Logitech C922 Pro Stream Con Tripode Full Hd"},"content":{"rendered":"<p>La webcam Logitech C922 Pro Stream es la elecci\u00f3n ideal para quienes buscan calidad y rendimiento en sus transmisiones en vivo, videoconferencias y grabaciones. Con una resoluci\u00f3n m\u00e1xima de video de 1920 x 1080 p\u00edxeles en Full HD, ofrece im\u00e1genes n\u00edtidas y detalladas, perfectas para capturar cada momento con claridad. Su dise\u00f1o elegante en color negro se adapta a cualquier entorno, mientras que su f\u00e1cil instalaci\u00f3n plug and play asegura que est\u00e9 lista para usar en cuesti\u00f3n de minutos.<\/p>\n<p>Equipado con un micr\u00f3fono con cancelaci\u00f3n de ruido, el C922 Pro garantiza una calidad de audio n\u00edtida, eliminando distracciones del ambiente. Adem\u00e1s, su funci\u00f3n de auto-foco y correcci\u00f3n de luz aseguran una excelente visibilidad en diversas condiciones de iluminaci\u00f3n, lo que la convierte en una herramienta vers\u00e1til para creadores de contenido. El lente de vidrio proporciona una experiencia \u00f3ptima, mientras que su \u00e1ngulo de visi\u00f3n de 78 grados permite una captura amplia y profesional.<\/p>\n<p>Incluye un tr\u00edpode y un clip con montaje, lo que facilita su colocaci\u00f3n y ajuste seg\u00fan las necesidades del usuario. Compatible con aplicaciones populares como OBS, XSplit, Twitch y YouTube, esta webcam es perfecta para gamers, streamers y profesionales que requieren calidad en sus comunicaciones visuales. Su cable de 1.5 m brinda flexibilidad en la ubicaci\u00f3n habitual de uso, adapt\u00e1ndose a diferentes configuraciones.<\/p>\n<p>Con un dise\u00f1o port\u00e1til, el C922 Pro Stream es f\u00e1cil de llevar, permitiendo a los usuarios realizar transmisiones y videoconferencias desde cualquier lugar. Su compatibilidad con sistemas operativos como Windows 8 o superior y macOS 10.10 o superior la hace accesible para diversos usuarios. Sumado a su peso ligero de 162 g, esta webcam representa una opci\u00f3n confiable y eficiente para cualquiera que busque mejorar su experiencia de comunicaci\u00f3n.<\/p>\n","protected":false},"excerpt":{"rendered":"<p>La webcam Logitech C922 Pro Stream es la elecci\u00f3n ideal para quienes buscan calidad y rendimiento en sus transmisiones en vivo, videoconferencias y grabaciones. Con una resoluci\u00f3n m\u00e1xima de video de 1920 x 1080 p\u00edxeles en Full HD, ofrece im\u00e1genes n\u00edtidas y detalladas, perfectas para capturar cada momento con claridad. Su dise\u00f1o elegante en color [&hellip;]<\/p>\n","protected":false},"featured_media":402,"comment_status":"open","ping_status":"closed","template":"","meta":{"_uag_custom_page_level_css":""},"product_brand":[549],"product_cat":[102],"product_tag":[],"class_list":{"0":"post-53417","1":"product","2":"type-product","3":"status-publish","4":"has-post-thumbnail","6":"product_brand-logitech","7":"product_cat-camaras-webcam","9":"first","10":"instock","11":"sale","12":"taxable","13":"shipping-taxable","14":"purchasable","15":"product-type-simple"},"uagb_featured_image_src":{"full":["https:\/\/rms-enlinea.com.ar\/wp-content\/uploads\/2025\/06\/D_969771-MLA52218670846_102022-F.jpg",766,640,false],"thumbnail":["https:\/\/rms-enlinea.com.ar\/wp-content\/uploads\/2025\/06\/D_969771-MLA52218670846_102022-F-150x150.jpg",150,150,true],"medium":["https:\/\/rms-enlinea.com.ar\/wp-content\/uploads\/2025\/06\/D_969771-MLA52218670846_102022-F-300x251.jpg",300,251,true],"medium_large":["https:\/\/rms-enlinea.com.ar\/wp-content\/uploads\/2025\/06\/D_969771-MLA52218670846_102022-F.jpg",766,640,false],"large":["https:\/\/rms-enlinea.com.ar\/wp-content\/uploads\/2025\/06\/D_969771-MLA52218670846_102022-F.jpg",766,640,false],"1536x1536":["https:\/\/rms-enlinea.com.ar\/wp-content\/uploads\/2025\/06\/D_969771-MLA52218670846_102022-F.jpg",766,640,false],"2048x2048":["https:\/\/rms-enlinea.com.ar\/wp-content\/uploads\/2025\/06\/D_969771-MLA52218670846_102022-F.jpg",766,640,false],"woocommerce_thumbnail":["https:\/\/rms-enlinea.com.ar\/wp-content\/uploads\/2025\/06\/D_969771-MLA52218670846_102022-F-450x450.jpg",450,450,true],"woocommerce_single":["https:\/\/rms-enlinea.com.ar\/wp-content\/uploads\/2025\/06\/D_969771-MLA52218670846_102022-F-600x501.jpg",600,501,true],"woocommerce_gallery_thumbnail":["https:\/\/rms-enlinea.com.ar\/wp-content\/uploads\/2025\/06\/D_969771-MLA52218670846_102022-F-100x100.jpg",100,100,true]},"uagb_author_info":{"display_name":"nelson","author_link":"https:\/\/rms-enlinea.com.ar\/tienda\/author\/"},"uagb_comment_info":0,"uagb_excerpt":"La webcam Logitech C922 Pro Stream es la elecci\u00f3n ideal para quienes buscan calidad y rendimiento en sus transmisiones en vivo, videoconferencias y grabaciones. Con una resoluci\u00f3n m\u00e1xima de video de 1920 x 1080 p\u00edxeles en Full HD, ofrece im\u00e1genes n\u00edtidas y detalladas, perfectas para capturar cada momento con claridad. Su dise\u00f1o elegante en color&hellip;","_links":{"self":[{"href":"https:\/\/rms-enlinea.com.ar\/tienda\/wp-json\/wp\/v2\/product\/53417","targetHints":{"allow":["GET"]}}],"collection":[{"href":"https:\/\/rms-enlinea.com.ar\/tienda\/wp-json\/wp\/v2\/product"}],"about":[{"href":"https:\/\/rms-enlinea.com.ar\/tienda\/wp-json\/wp\/v2\/types\/product"}],"replies":[{"embeddable":true,"href":"https:\/\/rms-enlinea.com.ar\/tienda\/wp-json\/wp\/v2\/comments?post=53417"}],"wp:featuredmedia":[{"embeddable":true,"href":"https:\/\/rms-enlinea.com.ar\/tienda\/wp-json\/wp\/v2\/media\/402"}],"wp:attachment":[{"href":"https:\/\/rms-enlinea.com.ar\/tienda\/wp-json\/wp\/v2\/media?parent=53417"}],"wp:term":[{"taxonomy":"product_brand","embeddable":true,"href":"https:\/\/rms-enlinea.com.ar\/tienda\/wp-json\/wp\/v2\/product_brand?post=53417"},{"taxonomy":"product_cat","embeddable":true,"href":"https:\/\/rms-enlinea.com.ar\/tienda\/wp-json\/wp\/v2\/product_cat?post=53417"},{"taxonomy":"product_tag","embeddable":true,"href":"https:\/\/rms-enlinea.com.ar\/tienda\/wp-json\/wp\/v2\/product_tag?post=53417"}],"curies":[{"name":"wp","href":"https:\/\/api.w.org\/{rel}","templated":true}]}}