{"id":53423,"date":"2025-08-05T19:50:15","date_gmt":"2025-08-05T22:50:15","guid":{"rendered":"https:\/\/rms-enlinea.com.ar\/tienda\/producto\/web-cam-logitech-brio-500-white-full-hd-4mp-1080p-30fps\/"},"modified":"2026-03-31T18:32:45","modified_gmt":"2026-03-31T21:32:45","slug":"web-cam-logitech-brio-500-white-full-hd-4mp-1080p-30fps","status":"publish","type":"product","link":"https:\/\/rms-enlinea.com.ar\/tienda\/producto\/web-cam-logitech-brio-500-white-full-hd-4mp-1080p-30fps\/","title":{"rendered":"Web Cam Logitech Brio 500 White Full Hd 4mp 1080p 30fps"},"content":{"rendered":"<p>La Webcam Logitech Brio 500 es la herramienta ideal para profesionales que buscan calidad en sus videoconferencias. Con una resoluci\u00f3n Full HD de 1920 x 1080 p\u00edxeles y un sensor de 4 megap\u00edxeles, garantiza im\u00e1genes n\u00edtidas y detalladas en cada transmisi\u00f3n. Su capacidad de auto-foco y correcci\u00f3n de luz aseguran que siempre est\u00e9s en el mejor \u00e1ngulo, sin importar las condiciones de iluminaci\u00f3n.<\/p>\n<p>Dise\u00f1ada para ser compatible con plataformas como Google Meet y Zoom, la Brio 500 se conecta f\u00e1cilmente a laptops y desktops a trav\u00e9s de un puerto USB-C. Adem\u00e1s, cuenta con un micr\u00f3fono integrado con cancelaci\u00f3n de ruido que mejora la claridad de tu voz, haciendo que cada conversaci\u00f3n sea m\u00e1s fluida.<\/p>\n<p>Con un \u00e1ngulo de visi\u00f3n de 90 grados, esta webcam es perfecta para mostrar tanto tu rostro como el entorno a tu alrededor. Sus dimensiones compactas y el clip incluido permiten que se adapte a diferentes configuraciones, mientras que la tapa de privacidad garantiza tu seguridad y tranquilidad.<\/p>\n<p>Adem\u00e1s, con 30 cuadros por segundo, disfrutar\u00e1s de una experiencia de video sin interrupciones. El cable de 1.5 metros proporciona flexibilidad en la colocaci\u00f3n, haciendo que sea la opci\u00f3n perfecta para cualquier espacio de trabajo. Con Logitech Brio 500, cada reuni\u00f3n en l\u00ednea ser\u00e1 una experiencia profesional y sin complicaciones.<\/p>\n","protected":false},"excerpt":{"rendered":"<p>La Webcam Logitech Brio 500 es la herramienta ideal para profesionales que buscan calidad en sus videoconferencias. Con una resoluci\u00f3n Full HD de 1920 x 1080 p\u00edxeles y un sensor de 4 megap\u00edxeles, garantiza im\u00e1genes n\u00edtidas y detalladas en cada transmisi\u00f3n. Su capacidad de auto-foco y correcci\u00f3n de luz aseguran que siempre est\u00e9s en el [&hellip;]<\/p>\n","protected":false},"featured_media":10361,"comment_status":"open","ping_status":"closed","template":"","meta":{"_uag_custom_page_level_css":""},"product_brand":[549],"product_cat":[102],"product_tag":[],"class_list":{"0":"post-53423","1":"product","2":"type-product","3":"status-publish","4":"has-post-thumbnail","6":"product_brand-logitech","7":"product_cat-camaras-webcam","9":"first","10":"outofstock","11":"sale","12":"taxable","13":"shipping-taxable","14":"purchasable","15":"product-type-simple"},"uagb_featured_image_src":{"full":["https:\/\/rms-enlinea.com.ar\/wp-content\/uploads\/2025\/06\/D_941165-MLA84843115979_052025-F.jpg",1128,1096,false],"thumbnail":["https:\/\/rms-enlinea.com.ar\/wp-content\/uploads\/2025\/06\/D_941165-MLA84843115979_052025-F-150x150.jpg",150,150,true],"medium":["https:\/\/rms-enlinea.com.ar\/wp-content\/uploads\/2025\/06\/D_941165-MLA84843115979_052025-F-300x291.jpg",300,291,true],"medium_large":["https:\/\/rms-enlinea.com.ar\/wp-content\/uploads\/2025\/06\/D_941165-MLA84843115979_052025-F-768x746.jpg",768,746,true],"large":["https:\/\/rms-enlinea.com.ar\/wp-content\/uploads\/2025\/06\/D_941165-MLA84843115979_052025-F-1024x995.jpg",1024,995,true],"1536x1536":["https:\/\/rms-enlinea.com.ar\/wp-content\/uploads\/2025\/06\/D_941165-MLA84843115979_052025-F.jpg",1128,1096,false],"2048x2048":["https:\/\/rms-enlinea.com.ar\/wp-content\/uploads\/2025\/06\/D_941165-MLA84843115979_052025-F.jpg",1128,1096,false],"woocommerce_thumbnail":["https:\/\/rms-enlinea.com.ar\/wp-content\/uploads\/2025\/06\/D_941165-MLA84843115979_052025-F-450x450.jpg",450,450,true],"woocommerce_single":["https:\/\/rms-enlinea.com.ar\/wp-content\/uploads\/2025\/06\/D_941165-MLA84843115979_052025-F-600x583.jpg",600,583,true],"woocommerce_gallery_thumbnail":["https:\/\/rms-enlinea.com.ar\/wp-content\/uploads\/2025\/06\/D_941165-MLA84843115979_052025-F-100x100.jpg",100,100,true]},"uagb_author_info":{"display_name":"nelson","author_link":"https:\/\/rms-enlinea.com.ar\/tienda\/author\/"},"uagb_comment_info":0,"uagb_excerpt":"La Webcam Logitech Brio 500 es la herramienta ideal para profesionales que buscan calidad en sus videoconferencias. Con una resoluci\u00f3n Full HD de 1920 x 1080 p\u00edxeles y un sensor de 4 megap\u00edxeles, garantiza im\u00e1genes n\u00edtidas y detalladas en cada transmisi\u00f3n. Su capacidad de auto-foco y correcci\u00f3n de luz aseguran que siempre est\u00e9s en el&hellip;","_links":{"self":[{"href":"https:\/\/rms-enlinea.com.ar\/tienda\/wp-json\/wp\/v2\/product\/53423","targetHints":{"allow":["GET"]}}],"collection":[{"href":"https:\/\/rms-enlinea.com.ar\/tienda\/wp-json\/wp\/v2\/product"}],"about":[{"href":"https:\/\/rms-enlinea.com.ar\/tienda\/wp-json\/wp\/v2\/types\/product"}],"replies":[{"embeddable":true,"href":"https:\/\/rms-enlinea.com.ar\/tienda\/wp-json\/wp\/v2\/comments?post=53423"}],"wp:featuredmedia":[{"embeddable":true,"href":"https:\/\/rms-enlinea.com.ar\/tienda\/wp-json\/wp\/v2\/media\/10361"}],"wp:attachment":[{"href":"https:\/\/rms-enlinea.com.ar\/tienda\/wp-json\/wp\/v2\/media?parent=53423"}],"wp:term":[{"taxonomy":"product_brand","embeddable":true,"href":"https:\/\/rms-enlinea.com.ar\/tienda\/wp-json\/wp\/v2\/product_brand?post=53423"},{"taxonomy":"product_cat","embeddable":true,"href":"https:\/\/rms-enlinea.com.ar\/tienda\/wp-json\/wp\/v2\/product_cat?post=53423"},{"taxonomy":"product_tag","embeddable":true,"href":"https:\/\/rms-enlinea.com.ar\/tienda\/wp-json\/wp\/v2\/product_tag?post=53423"}],"curies":[{"name":"wp","href":"https:\/\/api.w.org\/{rel}","templated":true}]}}