{"id":53463,"date":"2025-08-06T12:21:16","date_gmt":"2025-08-06T15:21:16","guid":{"rendered":"https:\/\/rms-enlinea.com.ar\/tienda\/producto\/camara-de-vigilancia-wifi-d-link-dcs-6501lh-2k-3mpx\/"},"modified":"2026-04-20T13:51:04","modified_gmt":"2026-04-20T16:51:04","slug":"camara-de-vigilancia-wifi-d-link-dcs-6501lh-2k-3mpx","status":"publish","type":"product","link":"https:\/\/rms-enlinea.com.ar\/tienda\/producto\/camara-de-vigilancia-wifi-d-link-dcs-6501lh-2k-3mpx\/","title":{"rendered":"Camara De Vigilancia Wifi D-link Dcs-6501lh 2k 3mpx"},"content":{"rendered":"<p>La c\u00e1mara de vigilancia WiFi D-Link DCS-6501LH es la soluci\u00f3n ideal para proteger su hogar o negocio. Con una resoluci\u00f3n de 3MP y calidad de 2K, garantiza im\u00e1genes n\u00edtidas y detalladas, permitiendo monitorear cada rinc\u00f3n de su espacio interior. Su conectividad WiFi facilita la instalaci\u00f3n y el acceso remoto a trav\u00e9s de su aplicaci\u00f3n m\u00f3vil, brindando tranquilidad al alcance de su mano.<\/p>\n<p>La DCS-6501LH est\u00e1 dise\u00f1ada para operar en temperaturas de 0 \u00b0C a 50 \u00b0C, lo que asegura su rendimiento en diversas condiciones ambientales. Si bien cuenta con visi\u00f3n nocturna, esta es en blanco y negro, lo que es ideal para la vigilancia discreta en la oscuridad. Aseg\u00farese de tener vigilancia activa y efectiva durante todo el d\u00eda y la noche con esta c\u00e1mara de alta tecnolog\u00eda de D-Link.<\/p>\n","protected":false},"excerpt":{"rendered":"<p>La c\u00e1mara de vigilancia WiFi D-Link DCS-6501LH es la soluci\u00f3n ideal para proteger su hogar o negocio. Con una resoluci\u00f3n de 3MP y calidad de 2K, garantiza im\u00e1genes n\u00edtidas y detalladas, permitiendo monitorear cada rinc\u00f3n de su espacio interior. Su conectividad WiFi facilita la instalaci\u00f3n y el acceso remoto a trav\u00e9s de su aplicaci\u00f3n m\u00f3vil, [&hellip;]<\/p>\n","protected":false},"featured_media":53464,"comment_status":"open","ping_status":"closed","template":"","meta":{"_uag_custom_page_level_css":""},"product_brand":[547],"product_cat":[32],"product_tag":[],"class_list":{"0":"post-53463","1":"product","2":"type-product","3":"status-publish","4":"has-post-thumbnail","6":"product_brand-dlink","7":"product_cat-seguridad","9":"first","10":"instock","11":"sale","12":"taxable","13":"shipping-taxable","14":"purchasable","15":"product-type-simple"},"uagb_featured_image_src":{"full":["https:\/\/rms-enlinea.com.ar\/wp-content\/uploads\/2025\/08\/D_697071-MLA89201479564_082025-F.jpg",942,1200,false],"thumbnail":["https:\/\/rms-enlinea.com.ar\/wp-content\/uploads\/2025\/08\/D_697071-MLA89201479564_082025-F-150x150.jpg",150,150,true],"medium":["https:\/\/rms-enlinea.com.ar\/wp-content\/uploads\/2025\/08\/D_697071-MLA89201479564_082025-F-236x300.jpg",236,300,true],"medium_large":["https:\/\/rms-enlinea.com.ar\/wp-content\/uploads\/2025\/08\/D_697071-MLA89201479564_082025-F-768x978.jpg",768,978,true],"large":["https:\/\/rms-enlinea.com.ar\/wp-content\/uploads\/2025\/08\/D_697071-MLA89201479564_082025-F-804x1024.jpg",804,1024,true],"1536x1536":["https:\/\/rms-enlinea.com.ar\/wp-content\/uploads\/2025\/08\/D_697071-MLA89201479564_082025-F.jpg",942,1200,false],"2048x2048":["https:\/\/rms-enlinea.com.ar\/wp-content\/uploads\/2025\/08\/D_697071-MLA89201479564_082025-F.jpg",942,1200,false],"woocommerce_thumbnail":["https:\/\/rms-enlinea.com.ar\/wp-content\/uploads\/2025\/08\/D_697071-MLA89201479564_082025-F-450x450.jpg",450,450,true],"woocommerce_single":["https:\/\/rms-enlinea.com.ar\/wp-content\/uploads\/2025\/08\/D_697071-MLA89201479564_082025-F-600x764.jpg",600,764,true],"woocommerce_gallery_thumbnail":["https:\/\/rms-enlinea.com.ar\/wp-content\/uploads\/2025\/08\/D_697071-MLA89201479564_082025-F-100x100.jpg",100,100,true]},"uagb_author_info":{"display_name":"nelson","author_link":"https:\/\/rms-enlinea.com.ar\/tienda\/author\/"},"uagb_comment_info":0,"uagb_excerpt":"La c\u00e1mara de vigilancia WiFi D-Link DCS-6501LH es la soluci\u00f3n ideal para proteger su hogar o negocio. Con una resoluci\u00f3n de 3MP y calidad de 2K, garantiza im\u00e1genes n\u00edtidas y detalladas, permitiendo monitorear cada rinc\u00f3n de su espacio interior. Su conectividad WiFi facilita la instalaci\u00f3n y el acceso remoto a trav\u00e9s de su aplicaci\u00f3n m\u00f3vil,&hellip;","_links":{"self":[{"href":"https:\/\/rms-enlinea.com.ar\/tienda\/wp-json\/wp\/v2\/product\/53463","targetHints":{"allow":["GET"]}}],"collection":[{"href":"https:\/\/rms-enlinea.com.ar\/tienda\/wp-json\/wp\/v2\/product"}],"about":[{"href":"https:\/\/rms-enlinea.com.ar\/tienda\/wp-json\/wp\/v2\/types\/product"}],"replies":[{"embeddable":true,"href":"https:\/\/rms-enlinea.com.ar\/tienda\/wp-json\/wp\/v2\/comments?post=53463"}],"wp:featuredmedia":[{"embeddable":true,"href":"https:\/\/rms-enlinea.com.ar\/tienda\/wp-json\/wp\/v2\/media\/53464"}],"wp:attachment":[{"href":"https:\/\/rms-enlinea.com.ar\/tienda\/wp-json\/wp\/v2\/media?parent=53463"}],"wp:term":[{"taxonomy":"product_brand","embeddable":true,"href":"https:\/\/rms-enlinea.com.ar\/tienda\/wp-json\/wp\/v2\/product_brand?post=53463"},{"taxonomy":"product_cat","embeddable":true,"href":"https:\/\/rms-enlinea.com.ar\/tienda\/wp-json\/wp\/v2\/product_cat?post=53463"},{"taxonomy":"product_tag","embeddable":true,"href":"https:\/\/rms-enlinea.com.ar\/tienda\/wp-json\/wp\/v2\/product_tag?post=53463"}],"curies":[{"name":"wp","href":"https:\/\/api.w.org\/{rel}","templated":true}]}}