{"id":53468,"date":"2025-08-06T13:10:05","date_gmt":"2025-08-06T16:10:05","guid":{"rendered":"https:\/\/rms-enlinea.com.ar\/tienda\/producto\/switch-d-link-dgs-1016d-16-puertos-10-100-1000-mbps-no-admi\/"},"modified":"2026-04-10T23:00:11","modified_gmt":"2026-04-11T02:00:11","slug":"switch-d-link-dgs-1016d-16-puertos-10-100-1000-mbps-no-admi","status":"publish","type":"product","link":"https:\/\/rms-enlinea.com.ar\/tienda\/producto\/switch-d-link-dgs-1016d-16-puertos-10-100-1000-mbps-no-admi\/","title":{"rendered":"Switch D-link Dgs-1016d 16 Puertos 10\/100\/1000 Mbps No Admi"},"content":{"rendered":"<p>Potentes pero f\u00e1ciles de utilizar, estos conmutadores permiten la conexi\u00f3n Gigabit de hasta 16 ordenadores o dispositivos de red<br \/>Ahorro de energ\u00eda de hasta 73%* con tecnolog\u00edas D-Link Green<br \/>Dispositivos de elevado rendimiento<br \/>Ahorro de espacio y dinero<br \/>Control de flujo<\/p>\n<p>* Seg\u00fan test en el que los PC se utilizan durante 10 horas al d\u00eda y est\u00e1n apagados las 14 horas restantes, y se encuentran conectados al switch por medio de cables de 20 m.<\/p>\n<p>Disponga en su oficina de una red Gigabit por un coste menor del que se imagina. Empiece por este conmutador de 16 puertos 10\/100\/1000 y facilite a sus compa\u00f1eros la conectividad Gigabit de una manera flexible y eficaz.<\/p>\n<p>Dependiendo del n\u00famero de empleados y para poder estructurar sus departamentos de la mejor manera, apueste por estos conmutadores que le ofrecen hasta 24 puertos Gigabit (DGS-1024D).<\/p>\n<p>El Switch D-Link DGS-1016D, un switch de sobremesa con 16 puertos 10\/100\/1000Mbps que ofrece un elevado rendimiento en un dispositivo que nos permite ahorrar espacio y dinero. Otra caracter\u00edstica en este switch es que todos los puertos negocian autom\u00e1ticamente el ajuste del modo MDI\/MDIX (Up-Link), evitando la necesidad de crear cables de par cruzado.<\/p>\n<p>Est\u00e1ndares<\/p>\n<p>El Switch DGS-1016D es compatible con IEEE 802.3 10BASE-T, 802.3u 100BASE-TX, 802.3ab 1000BASE-T y 803.3x control de flujo. Este switch esta equipado para auto negociar velocidades a 10Mbps, 100Mbps y 1000Mbps.<\/p>\n<p>Control de flujo<\/p>\n<p>El Switch DGS-1016D, en modo Full-D\u00faplex, permite proteger a los usuarios frente a posibles p\u00e9rdidas de datos durante la transmisi\u00f3n en la red. Cuando est\u00e1n conectados a una tarjeta LAN (en un servidor o PC) que soporte control de flujo, y cuando el buffer de datos est\u00e1 por llenarse, el switch env\u00eda una se\u00f1al al PC indicando tal situaci\u00f3n. Luego, el PC demora la transmisi\u00f3n hasta que el buffer se haya liberado y sea posible el env\u00edo de m\u00e1s informaci\u00f3n.<\/p>\n<p>Tecnolog\u00edas de ahorro energ\u00e9tico D-Link Green<\/p>\n<p>Incorpora nuevas tecnolog\u00edas de ahorro de energ\u00eda. Al detectar si los dispositivos conectados est\u00e1n encendidos o apagados y al estimar la longitud del cable, el switch es capaz de ajustar su consumo energ\u00e9tico, lo que supone un ahorro de hasta el 73 %*.<\/p>\n","protected":false},"excerpt":{"rendered":"<p>Potentes pero f\u00e1ciles de utilizar, estos conmutadores permiten la conexi\u00f3n Gigabit de hasta 16 ordenadores o dispositivos de redAhorro de energ\u00eda de hasta 73%* con tecnolog\u00edas D-Link GreenDispositivos de elevado rendimientoAhorro de espacio y dineroControl de flujo * Seg\u00fan test en el que los PC se utilizan durante 10 horas al d\u00eda y est\u00e1n apagados [&hellip;]<\/p>\n","protected":false},"featured_media":53469,"comment_status":"open","ping_status":"closed","template":"","meta":{"_uag_custom_page_level_css":""},"product_brand":[547],"product_cat":[122],"product_tag":[],"class_list":{"0":"post-53468","1":"product","2":"type-product","3":"status-publish","4":"has-post-thumbnail","6":"product_brand-dlink","7":"product_cat-redes-y-conectividad","9":"first","10":"instock","11":"sale","12":"taxable","13":"shipping-taxable","14":"purchasable","15":"product-type-simple"},"uagb_featured_image_src":{"full":["https:\/\/rms-enlinea.com.ar\/wp-content\/uploads\/2025\/08\/D_600186-MLA89568945491_082025-F.jpg",1200,442,false],"thumbnail":["https:\/\/rms-enlinea.com.ar\/wp-content\/uploads\/2025\/08\/D_600186-MLA89568945491_082025-F-150x150.jpg",150,150,true],"medium":["https:\/\/rms-enlinea.com.ar\/wp-content\/uploads\/2025\/08\/D_600186-MLA89568945491_082025-F-300x111.jpg",300,111,true],"medium_large":["https:\/\/rms-enlinea.com.ar\/wp-content\/uploads\/2025\/08\/D_600186-MLA89568945491_082025-F-768x283.jpg",768,283,true],"large":["https:\/\/rms-enlinea.com.ar\/wp-content\/uploads\/2025\/08\/D_600186-MLA89568945491_082025-F-1024x377.jpg",1024,377,true],"1536x1536":["https:\/\/rms-enlinea.com.ar\/wp-content\/uploads\/2025\/08\/D_600186-MLA89568945491_082025-F.jpg",1200,442,false],"2048x2048":["https:\/\/rms-enlinea.com.ar\/wp-content\/uploads\/2025\/08\/D_600186-MLA89568945491_082025-F.jpg",1200,442,false],"woocommerce_thumbnail":["https:\/\/rms-enlinea.com.ar\/wp-content\/uploads\/2025\/08\/D_600186-MLA89568945491_082025-F-450x442.jpg",450,442,true],"woocommerce_single":["https:\/\/rms-enlinea.com.ar\/wp-content\/uploads\/2025\/08\/D_600186-MLA89568945491_082025-F-600x221.jpg",600,221,true],"woocommerce_gallery_thumbnail":["https:\/\/rms-enlinea.com.ar\/wp-content\/uploads\/2025\/08\/D_600186-MLA89568945491_082025-F-100x100.jpg",100,100,true]},"uagb_author_info":{"display_name":"nelson","author_link":"https:\/\/rms-enlinea.com.ar\/tienda\/author\/"},"uagb_comment_info":0,"uagb_excerpt":"Potentes pero f\u00e1ciles de utilizar, estos conmutadores permiten la conexi\u00f3n Gigabit de hasta 16 ordenadores o dispositivos de redAhorro de energ\u00eda de hasta 73%* con tecnolog\u00edas D-Link GreenDispositivos de elevado rendimientoAhorro de espacio y dineroControl de flujo * Seg\u00fan test en el que los PC se utilizan durante 10 horas al d\u00eda y est\u00e1n apagados&hellip;","_links":{"self":[{"href":"https:\/\/rms-enlinea.com.ar\/tienda\/wp-json\/wp\/v2\/product\/53468","targetHints":{"allow":["GET"]}}],"collection":[{"href":"https:\/\/rms-enlinea.com.ar\/tienda\/wp-json\/wp\/v2\/product"}],"about":[{"href":"https:\/\/rms-enlinea.com.ar\/tienda\/wp-json\/wp\/v2\/types\/product"}],"replies":[{"embeddable":true,"href":"https:\/\/rms-enlinea.com.ar\/tienda\/wp-json\/wp\/v2\/comments?post=53468"}],"wp:featuredmedia":[{"embeddable":true,"href":"https:\/\/rms-enlinea.com.ar\/tienda\/wp-json\/wp\/v2\/media\/53469"}],"wp:attachment":[{"href":"https:\/\/rms-enlinea.com.ar\/tienda\/wp-json\/wp\/v2\/media?parent=53468"}],"wp:term":[{"taxonomy":"product_brand","embeddable":true,"href":"https:\/\/rms-enlinea.com.ar\/tienda\/wp-json\/wp\/v2\/product_brand?post=53468"},{"taxonomy":"product_cat","embeddable":true,"href":"https:\/\/rms-enlinea.com.ar\/tienda\/wp-json\/wp\/v2\/product_cat?post=53468"},{"taxonomy":"product_tag","embeddable":true,"href":"https:\/\/rms-enlinea.com.ar\/tienda\/wp-json\/wp\/v2\/product_tag?post=53468"}],"curies":[{"name":"wp","href":"https:\/\/api.w.org\/{rel}","templated":true}]}}