{"id":53473,"date":"2025-08-06T13:10:13","date_gmt":"2025-08-06T16:10:13","guid":{"rendered":"https:\/\/rms-enlinea.com.ar\/tienda\/producto\/router-d-link-m30-mesh-ax3000-wifi-6-dual-band-ia\/"},"modified":"2026-04-17T23:50:14","modified_gmt":"2026-04-18T02:50:14","slug":"router-d-link-m30-mesh-ax3000-wifi-6-dual-band-ia","status":"publish","type":"product","link":"https:\/\/rms-enlinea.com.ar\/tienda\/producto\/router-d-link-m30-mesh-ax3000-wifi-6-dual-band-ia\/","title":{"rendered":"Router D-link M30 Mesh Ax3000 Wifi 6 Dual Band Ia"},"content":{"rendered":"<p>Wi-Fi 6 AX3000 de doble banda<br \/>Conectividad ultrarr\u00e1pida : velocidades de hasta 3 Gbps con una antena adicional en la banda m\u00e1s r\u00e1pida de 5 GHz<br \/>Wi-Fi ininterrumpido en todas partes : el dise\u00f1o avanzado de la antena ofrece una cobertura esf\u00e9rica de 360\u00b0 adem\u00e1s de tecnolog\u00eda de IA avanzada<br \/>Malla escalable seg\u00fan sus necesidades : cree una red de malla robusta con otros enrutadores y extensores AQUILA PRO AI<br \/>Conexiones cableadas multigigabit : 1 puerto WAN Gigabit + 4 puertos LAN Gigabit <br \/>Ayude a proteger su red dom\u00e9stica : controles parentales avanzados, certificaci\u00f3n de ciberseguridad de IoT y cifrado WPA3<br \/>F\u00e1cil configuraci\u00f3n y administraci\u00f3n : la aplicaci\u00f3n intuitiva AQUILA PRO AI lo gu\u00eda a trav\u00e9s de la configuraci\u00f3n paso a paso<br \/>Est\u00e9tica refinada : con una forma inspirada en un \u00e1guila y un dise\u00f1o de ventilaci\u00f3n \u00fanico con patr\u00f3n de plumas.<br \/>Dise\u00f1o ecol\u00f3gico : fabricado con material reciclado posconsumo y empaquetado en un embalaje reciclable.<\/p>\n","protected":false},"excerpt":{"rendered":"<p>Wi-Fi 6 AX3000 de doble bandaConectividad ultrarr\u00e1pida : velocidades de hasta 3 Gbps con una antena adicional en la banda m\u00e1s r\u00e1pida de 5 GHzWi-Fi ininterrumpido en todas partes : el dise\u00f1o avanzado de la antena ofrece una cobertura esf\u00e9rica de 360\u00b0 adem\u00e1s de tecnolog\u00eda de IA avanzadaMalla escalable seg\u00fan sus necesidades : cree una [&hellip;]<\/p>\n","protected":false},"featured_media":53474,"comment_status":"open","ping_status":"closed","template":"","meta":{"_uag_custom_page_level_css":""},"product_brand":[547],"product_cat":[122],"product_tag":[],"class_list":{"0":"post-53473","1":"product","2":"type-product","3":"status-publish","4":"has-post-thumbnail","6":"product_brand-dlink","7":"product_cat-redes-y-conectividad","9":"first","10":"instock","11":"sale","12":"taxable","13":"shipping-taxable","14":"purchasable","15":"product-type-simple"},"uagb_featured_image_src":{"full":["https:\/\/rms-enlinea.com.ar\/wp-content\/uploads\/2025\/08\/D_869932-MLA89568900233_082025-F.jpg",1200,887,false],"thumbnail":["https:\/\/rms-enlinea.com.ar\/wp-content\/uploads\/2025\/08\/D_869932-MLA89568900233_082025-F-150x150.jpg",150,150,true],"medium":["https:\/\/rms-enlinea.com.ar\/wp-content\/uploads\/2025\/08\/D_869932-MLA89568900233_082025-F-300x222.jpg",300,222,true],"medium_large":["https:\/\/rms-enlinea.com.ar\/wp-content\/uploads\/2025\/08\/D_869932-MLA89568900233_082025-F-768x568.jpg",768,568,true],"large":["https:\/\/rms-enlinea.com.ar\/wp-content\/uploads\/2025\/08\/D_869932-MLA89568900233_082025-F-1024x757.jpg",1024,757,true],"1536x1536":["https:\/\/rms-enlinea.com.ar\/wp-content\/uploads\/2025\/08\/D_869932-MLA89568900233_082025-F.jpg",1200,887,false],"2048x2048":["https:\/\/rms-enlinea.com.ar\/wp-content\/uploads\/2025\/08\/D_869932-MLA89568900233_082025-F.jpg",1200,887,false],"woocommerce_thumbnail":["https:\/\/rms-enlinea.com.ar\/wp-content\/uploads\/2025\/08\/D_869932-MLA89568900233_082025-F-450x450.jpg",450,450,true],"woocommerce_single":["https:\/\/rms-enlinea.com.ar\/wp-content\/uploads\/2025\/08\/D_869932-MLA89568900233_082025-F-600x444.jpg",600,444,true],"woocommerce_gallery_thumbnail":["https:\/\/rms-enlinea.com.ar\/wp-content\/uploads\/2025\/08\/D_869932-MLA89568900233_082025-F-100x100.jpg",100,100,true]},"uagb_author_info":{"display_name":"nelson","author_link":"https:\/\/rms-enlinea.com.ar\/tienda\/author\/"},"uagb_comment_info":0,"uagb_excerpt":"Wi-Fi 6 AX3000 de doble bandaConectividad ultrarr\u00e1pida : velocidades de hasta 3 Gbps con una antena adicional en la banda m\u00e1s r\u00e1pida de 5 GHzWi-Fi ininterrumpido en todas partes : el dise\u00f1o avanzado de la antena ofrece una cobertura esf\u00e9rica de 360\u00b0 adem\u00e1s de tecnolog\u00eda de IA avanzadaMalla escalable seg\u00fan sus necesidades : cree una&hellip;","_links":{"self":[{"href":"https:\/\/rms-enlinea.com.ar\/tienda\/wp-json\/wp\/v2\/product\/53473","targetHints":{"allow":["GET"]}}],"collection":[{"href":"https:\/\/rms-enlinea.com.ar\/tienda\/wp-json\/wp\/v2\/product"}],"about":[{"href":"https:\/\/rms-enlinea.com.ar\/tienda\/wp-json\/wp\/v2\/types\/product"}],"replies":[{"embeddable":true,"href":"https:\/\/rms-enlinea.com.ar\/tienda\/wp-json\/wp\/v2\/comments?post=53473"}],"wp:featuredmedia":[{"embeddable":true,"href":"https:\/\/rms-enlinea.com.ar\/tienda\/wp-json\/wp\/v2\/media\/53474"}],"wp:attachment":[{"href":"https:\/\/rms-enlinea.com.ar\/tienda\/wp-json\/wp\/v2\/media?parent=53473"}],"wp:term":[{"taxonomy":"product_brand","embeddable":true,"href":"https:\/\/rms-enlinea.com.ar\/tienda\/wp-json\/wp\/v2\/product_brand?post=53473"},{"taxonomy":"product_cat","embeddable":true,"href":"https:\/\/rms-enlinea.com.ar\/tienda\/wp-json\/wp\/v2\/product_cat?post=53473"},{"taxonomy":"product_tag","embeddable":true,"href":"https:\/\/rms-enlinea.com.ar\/tienda\/wp-json\/wp\/v2\/product_tag?post=53473"}],"curies":[{"name":"wp","href":"https:\/\/api.w.org\/{rel}","templated":true}]}}