{"id":53487,"date":"2025-08-06T13:20:18","date_gmt":"2025-08-06T16:20:18","guid":{"rendered":"https:\/\/rms-enlinea.com.ar\/tienda\/producto\/switch-d-link-dgs-1210-10p-8-puertos-1000mbps-2-sfp-poe\/"},"modified":"2026-04-06T13:21:00","modified_gmt":"2026-04-06T16:21:00","slug":"switch-d-link-dgs-1210-10p-8-puertos-1000mbps-2-sfp-poe","status":"publish","type":"product","link":"https:\/\/rms-enlinea.com.ar\/tienda\/producto\/switch-d-link-dgs-1210-10p-8-puertos-1000mbps-2-sfp-poe\/","title":{"rendered":"Switch D-link Dgs-1210-10p 8 Puertos 1000mbps + 2 Sfp Poe"},"content":{"rendered":"<p>Interfaces\t8 puertos PoE 10\/100\/1000BASE-T<br \/>2 puertos SFP<br \/>Capacidad de conmutaci\u00f3n\t20 Gbps<br \/>Velocidad m\u00e1xima de reenv\u00edo de paquetes\t14,88 Mpps<br \/>Dimensiones\t280 x 126 x 44 mm<br \/>Peso\t0,95 kilogramos<br \/>Altitud de operaci\u00f3n\t1500 metros<br \/>Consumo m\u00e1ximo de energ\u00eda\t89,1 W\/100 V, 80,6 W\/240 V (PoE activado),<br \/>7,6 W\/100 V, 7,5 W\/240 V (PoE desactivado)<br \/>Consumo de energ\u00eda en modo de espera\t2,5 W\/100 V<br \/>2,5 W\/240 V<br \/>Humedad\tEn funcionamiento: 0% &#8211; 95% HR<br \/>Almacenamiento: 0% &#8211; 95% HR<br \/>M\u00e1xima disipaci\u00f3n de calor\t279,59 BTU\/hora (100 V)<br \/>275,04 BTU\/hora (240 V)<br \/>Tiempo medio entre fallos\t729.258 horas<br \/>Entrada de energ\u00eda\t100 a 240 V CA<br \/>Velocidad de la CPU\t500 MHz<br \/>Tama\u00f1o de DRAM\tDDR3 128 MB<br \/>Tama\u00f1o de la memoria flash\t32 MB<br \/>Tama\u00f1o del b\u00fafer de paquetes\t4,1 Mbits<br \/>ADMIRADOR\tSin ventilador<br \/>Ac\u00fastico\t0 dB<br \/>Presupuesto de PoE\t65 W<\/p>\n","protected":false},"excerpt":{"rendered":"<p>Interfaces 8 puertos PoE 10\/100\/1000BASE-T2 puertos SFPCapacidad de conmutaci\u00f3n 20 GbpsVelocidad m\u00e1xima de reenv\u00edo de paquetes 14,88 MppsDimensiones 280 x 126 x 44 mmPeso 0,95 kilogramosAltitud de operaci\u00f3n 1500 metrosConsumo m\u00e1ximo de energ\u00eda 89,1 W\/100 V, 80,6 W\/240 V (PoE activado),7,6 W\/100 V, 7,5 W\/240 V (PoE desactivado)Consumo de energ\u00eda en modo de espera 2,5 [&hellip;]<\/p>\n","protected":false},"featured_media":53488,"comment_status":"open","ping_status":"closed","template":"","meta":{"_uag_custom_page_level_css":""},"product_brand":[547],"product_cat":[122],"product_tag":[],"class_list":{"0":"post-53487","1":"product","2":"type-product","3":"status-publish","4":"has-post-thumbnail","6":"product_brand-dlink","7":"product_cat-redes-y-conectividad","9":"first","10":"instock","11":"sale","12":"taxable","13":"shipping-taxable","14":"purchasable","15":"product-type-simple"},"uagb_featured_image_src":{"full":["https:\/\/rms-enlinea.com.ar\/wp-content\/uploads\/2025\/08\/D_805315-MLA89205102360_082025-F.jpg",1200,522,false],"thumbnail":["https:\/\/rms-enlinea.com.ar\/wp-content\/uploads\/2025\/08\/D_805315-MLA89205102360_082025-F-150x150.jpg",150,150,true],"medium":["https:\/\/rms-enlinea.com.ar\/wp-content\/uploads\/2025\/08\/D_805315-MLA89205102360_082025-F-300x131.jpg",300,131,true],"medium_large":["https:\/\/rms-enlinea.com.ar\/wp-content\/uploads\/2025\/08\/D_805315-MLA89205102360_082025-F-768x334.jpg",768,334,true],"large":["https:\/\/rms-enlinea.com.ar\/wp-content\/uploads\/2025\/08\/D_805315-MLA89205102360_082025-F-1024x445.jpg",1024,445,true],"1536x1536":["https:\/\/rms-enlinea.com.ar\/wp-content\/uploads\/2025\/08\/D_805315-MLA89205102360_082025-F.jpg",1200,522,false],"2048x2048":["https:\/\/rms-enlinea.com.ar\/wp-content\/uploads\/2025\/08\/D_805315-MLA89205102360_082025-F.jpg",1200,522,false],"woocommerce_thumbnail":["https:\/\/rms-enlinea.com.ar\/wp-content\/uploads\/2025\/08\/D_805315-MLA89205102360_082025-F-450x450.jpg",450,450,true],"woocommerce_single":["https:\/\/rms-enlinea.com.ar\/wp-content\/uploads\/2025\/08\/D_805315-MLA89205102360_082025-F-600x261.jpg",600,261,true],"woocommerce_gallery_thumbnail":["https:\/\/rms-enlinea.com.ar\/wp-content\/uploads\/2025\/08\/D_805315-MLA89205102360_082025-F-100x100.jpg",100,100,true]},"uagb_author_info":{"display_name":"nelson","author_link":"https:\/\/rms-enlinea.com.ar\/tienda\/author\/"},"uagb_comment_info":0,"uagb_excerpt":"Interfaces 8 puertos PoE 10\/100\/1000BASE-T2 puertos SFPCapacidad de conmutaci\u00f3n 20 GbpsVelocidad m\u00e1xima de reenv\u00edo de paquetes 14,88 MppsDimensiones 280 x 126 x 44 mmPeso 0,95 kilogramosAltitud de operaci\u00f3n 1500 metrosConsumo m\u00e1ximo de energ\u00eda 89,1 W\/100 V, 80,6 W\/240 V (PoE activado),7,6 W\/100 V, 7,5 W\/240 V (PoE desactivado)Consumo de energ\u00eda en modo de espera 2,5&hellip;","_links":{"self":[{"href":"https:\/\/rms-enlinea.com.ar\/tienda\/wp-json\/wp\/v2\/product\/53487","targetHints":{"allow":["GET"]}}],"collection":[{"href":"https:\/\/rms-enlinea.com.ar\/tienda\/wp-json\/wp\/v2\/product"}],"about":[{"href":"https:\/\/rms-enlinea.com.ar\/tienda\/wp-json\/wp\/v2\/types\/product"}],"replies":[{"embeddable":true,"href":"https:\/\/rms-enlinea.com.ar\/tienda\/wp-json\/wp\/v2\/comments?post=53487"}],"wp:featuredmedia":[{"embeddable":true,"href":"https:\/\/rms-enlinea.com.ar\/tienda\/wp-json\/wp\/v2\/media\/53488"}],"wp:attachment":[{"href":"https:\/\/rms-enlinea.com.ar\/tienda\/wp-json\/wp\/v2\/media?parent=53487"}],"wp:term":[{"taxonomy":"product_brand","embeddable":true,"href":"https:\/\/rms-enlinea.com.ar\/tienda\/wp-json\/wp\/v2\/product_brand?post=53487"},{"taxonomy":"product_cat","embeddable":true,"href":"https:\/\/rms-enlinea.com.ar\/tienda\/wp-json\/wp\/v2\/product_cat?post=53487"},{"taxonomy":"product_tag","embeddable":true,"href":"https:\/\/rms-enlinea.com.ar\/tienda\/wp-json\/wp\/v2\/product_tag?post=53487"}],"curies":[{"name":"wp","href":"https:\/\/api.w.org\/{rel}","templated":true}]}}