{"id":53491,"date":"2025-08-06T13:31:10","date_gmt":"2025-08-06T16:31:10","guid":{"rendered":"https:\/\/rms-enlinea.com.ar\/tienda\/producto\/switch-d-link-dgs-1210-28p-24-puertos-1000mbps-4-sfp-poe\/"},"modified":"2026-04-05T13:10:15","modified_gmt":"2026-04-05T16:10:15","slug":"switch-d-link-dgs-1210-28p-24-puertos-1000mbps-4-sfp-poe","status":"publish","type":"product","link":"https:\/\/rms-enlinea.com.ar\/tienda\/producto\/switch-d-link-dgs-1210-28p-24-puertos-1000mbps-4-sfp-poe\/","title":{"rendered":"Switch D-link Dgs-1210-28p 24 Puertos 1000mbps + 4 Sfp Poe"},"content":{"rendered":"<p>El Switch D-Link DGS-1210-28P es una soluci\u00f3n avanzada para redes que requiere eficiencia y alto rendimiento. Con 24 puertos de 1000 Mbps y 4 SFP PoE, este switch permite una conectividad robusta y flexible para empresas y entornos de trabajo exigentes.<\/p>\n<p>Su capacidad de conmutaci\u00f3n de 56 GB\/s asegura un rendimiento \u00f3ptimo en la transmisi\u00f3n de datos, permitiendo a los usuarios gestionar grandes vol\u00famenes de tr\u00e1fico sin problemas. Gracias a su naturaleza gestionable, el DGS-1210-28P facilita una administraci\u00f3n eficiente de la red, brindando la posibilidad de configurar y monitorear el dispositivo seg\u00fan las necesidades espec\u00edficas de cada usuario.<\/p>\n<p>Este switch es ideal para peque\u00f1as y medianas empresas que buscan mejorar su infraestructura de red. Con la tecnolog\u00eda PoE, se pueden alimentar dispositivos como c\u00e1maras de seguridad y puntos de acceso inal\u00e1mbrico sin la necesidad de fuentes de alimentaci\u00f3n adicionales, simplificando la instalaci\u00f3n y el mantenimiento.<\/p>\n<p>El D-Link DGS-1210-28P se adapta a las demandas cambiantes de la conectividad contempor\u00e1nea, combinando eficiencia, potencia y facilidad de uso en un solo dispositivo. Aumente el rendimiento de su red y optimice la experiencia de sus usuarios con este switch confiable y vers\u00e1til.<\/p>\n","protected":false},"excerpt":{"rendered":"<p>El Switch D-Link DGS-1210-28P es una soluci\u00f3n avanzada para redes que requiere eficiencia y alto rendimiento. Con 24 puertos de 1000 Mbps y 4 SFP PoE, este switch permite una conectividad robusta y flexible para empresas y entornos de trabajo exigentes. Su capacidad de conmutaci\u00f3n de 56 GB\/s asegura un rendimiento \u00f3ptimo en la transmisi\u00f3n [&hellip;]<\/p>\n","protected":false},"featured_media":53492,"comment_status":"open","ping_status":"closed","template":"","meta":{"_uag_custom_page_level_css":""},"product_brand":[547],"product_cat":[122],"product_tag":[],"class_list":{"0":"post-53491","1":"product","2":"type-product","3":"status-publish","4":"has-post-thumbnail","6":"product_brand-dlink","7":"product_cat-redes-y-conectividad","9":"first","10":"instock","11":"sale","12":"taxable","13":"shipping-taxable","14":"purchasable","15":"product-type-simple"},"uagb_featured_image_src":{"full":["https:\/\/rms-enlinea.com.ar\/wp-content\/uploads\/2025\/08\/D_909729-MLA89206137308_082025-F.jpg",1200,428,false],"thumbnail":["https:\/\/rms-enlinea.com.ar\/wp-content\/uploads\/2025\/08\/D_909729-MLA89206137308_082025-F-150x150.jpg",150,150,true],"medium":["https:\/\/rms-enlinea.com.ar\/wp-content\/uploads\/2025\/08\/D_909729-MLA89206137308_082025-F-300x107.jpg",300,107,true],"medium_large":["https:\/\/rms-enlinea.com.ar\/wp-content\/uploads\/2025\/08\/D_909729-MLA89206137308_082025-F-768x274.jpg",768,274,true],"large":["https:\/\/rms-enlinea.com.ar\/wp-content\/uploads\/2025\/08\/D_909729-MLA89206137308_082025-F-1024x365.jpg",1024,365,true],"1536x1536":["https:\/\/rms-enlinea.com.ar\/wp-content\/uploads\/2025\/08\/D_909729-MLA89206137308_082025-F.jpg",1200,428,false],"2048x2048":["https:\/\/rms-enlinea.com.ar\/wp-content\/uploads\/2025\/08\/D_909729-MLA89206137308_082025-F.jpg",1200,428,false],"woocommerce_thumbnail":["https:\/\/rms-enlinea.com.ar\/wp-content\/uploads\/2025\/08\/D_909729-MLA89206137308_082025-F-450x428.jpg",450,428,true],"woocommerce_single":["https:\/\/rms-enlinea.com.ar\/wp-content\/uploads\/2025\/08\/D_909729-MLA89206137308_082025-F-600x214.jpg",600,214,true],"woocommerce_gallery_thumbnail":["https:\/\/rms-enlinea.com.ar\/wp-content\/uploads\/2025\/08\/D_909729-MLA89206137308_082025-F-100x100.jpg",100,100,true]},"uagb_author_info":{"display_name":"nelson","author_link":"https:\/\/rms-enlinea.com.ar\/tienda\/author\/"},"uagb_comment_info":0,"uagb_excerpt":"El Switch D-Link DGS-1210-28P es una soluci\u00f3n avanzada para redes que requiere eficiencia y alto rendimiento. Con 24 puertos de 1000 Mbps y 4 SFP PoE, este switch permite una conectividad robusta y flexible para empresas y entornos de trabajo exigentes. Su capacidad de conmutaci\u00f3n de 56 GB\/s asegura un rendimiento \u00f3ptimo en la transmisi\u00f3n&hellip;","_links":{"self":[{"href":"https:\/\/rms-enlinea.com.ar\/tienda\/wp-json\/wp\/v2\/product\/53491","targetHints":{"allow":["GET"]}}],"collection":[{"href":"https:\/\/rms-enlinea.com.ar\/tienda\/wp-json\/wp\/v2\/product"}],"about":[{"href":"https:\/\/rms-enlinea.com.ar\/tienda\/wp-json\/wp\/v2\/types\/product"}],"replies":[{"embeddable":true,"href":"https:\/\/rms-enlinea.com.ar\/tienda\/wp-json\/wp\/v2\/comments?post=53491"}],"wp:featuredmedia":[{"embeddable":true,"href":"https:\/\/rms-enlinea.com.ar\/tienda\/wp-json\/wp\/v2\/media\/53492"}],"wp:attachment":[{"href":"https:\/\/rms-enlinea.com.ar\/tienda\/wp-json\/wp\/v2\/media?parent=53491"}],"wp:term":[{"taxonomy":"product_brand","embeddable":true,"href":"https:\/\/rms-enlinea.com.ar\/tienda\/wp-json\/wp\/v2\/product_brand?post=53491"},{"taxonomy":"product_cat","embeddable":true,"href":"https:\/\/rms-enlinea.com.ar\/tienda\/wp-json\/wp\/v2\/product_cat?post=53491"},{"taxonomy":"product_tag","embeddable":true,"href":"https:\/\/rms-enlinea.com.ar\/tienda\/wp-json\/wp\/v2\/product_tag?post=53491"}],"curies":[{"name":"wp","href":"https:\/\/api.w.org\/{rel}","templated":true}]}}