{"id":53498,"date":"2025-08-06T13:31:27","date_gmt":"2025-08-06T16:31:27","guid":{"rendered":"https:\/\/rms-enlinea.com.ar\/tienda\/producto\/joystick-game-pad-logitech-f310-cableado-pc-940-000110\/"},"modified":"2026-04-06T14:22:35","modified_gmt":"2026-04-06T17:22:35","slug":"joystick-game-pad-logitech-f310-cableado-pc-940-000110","status":"publish","type":"product","link":"https:\/\/rms-enlinea.com.ar\/tienda\/producto\/joystick-game-pad-logitech-f310-cableado-pc-940-000110\/","title":{"rendered":"Joystick Game Pad Logitech F310 Cableado Pc 940-000110"},"content":{"rendered":"<p>ESPECIFICACIONES T\u00c9CNICAS<br \/>\nCable: 1,8 metros<br \/>\nDistribuci\u00f3n: Tipo consola<br \/>\nMando de direcci\u00f3n: 4 conmutadores<br \/>\nINFORMACI\u00d3N DE GARANT\u00cdA<br \/>\nTres a\u00f1os de garant\u00eda de hardware limitada<br \/>\nN\u00daMERO DE REFERENCIA<br \/>\n940-000138<br \/>\nCOMPATIBILIDAD<br \/>\nWindows\u00ae 11, Windows 10, Windows 8, Windows 7 o Windows Vista, ChromeOS\u2122<br \/>\nConexi\u00f3n a Internet para descarga de software opcional<br \/>\nEN LA CAJA<br \/>\nGamepad<br \/>\nDocumentaci\u00f3n del usuario<\/p>\n","protected":false},"excerpt":{"rendered":"<p>ESPECIFICACIONES T\u00c9CNICAS Cable: 1,8 metros Distribuci\u00f3n: Tipo consola Mando de direcci\u00f3n: 4 conmutadores INFORMACI\u00d3N DE GARANT\u00cdA Tres a\u00f1os de garant\u00eda de hardware limitada N\u00daMERO DE REFERENCIA 940-000138 COMPATIBILIDAD Windows\u00ae 11, Windows 10, Windows 8, Windows 7 o Windows Vista, ChromeOS\u2122 Conexi\u00f3n a Internet para descarga de software opcional EN LA CAJA Gamepad Documentaci\u00f3n del usuario<\/p>\n","protected":false},"featured_media":53499,"comment_status":"open","ping_status":"closed","template":"","meta":{"_uag_custom_page_level_css":""},"product_brand":[549],"product_cat":[111],"product_tag":[],"class_list":{"0":"post-53498","1":"product","2":"type-product","3":"status-publish","4":"has-post-thumbnail","6":"product_brand-logitech","7":"product_cat-joystick","9":"first","10":"instock","11":"sale","12":"taxable","13":"shipping-taxable","14":"purchasable","15":"product-type-simple"},"uagb_featured_image_src":{"full":["https:\/\/rms-enlinea.com.ar\/wp-content\/uploads\/2025\/08\/D_615711-MLA89205969958_082025-F.jpg",1191,1043,false],"thumbnail":["https:\/\/rms-enlinea.com.ar\/wp-content\/uploads\/2025\/08\/D_615711-MLA89205969958_082025-F-150x150.jpg",150,150,true],"medium":["https:\/\/rms-enlinea.com.ar\/wp-content\/uploads\/2025\/08\/D_615711-MLA89205969958_082025-F-300x263.jpg",300,263,true],"medium_large":["https:\/\/rms-enlinea.com.ar\/wp-content\/uploads\/2025\/08\/D_615711-MLA89205969958_082025-F-768x673.jpg",768,673,true],"large":["https:\/\/rms-enlinea.com.ar\/wp-content\/uploads\/2025\/08\/D_615711-MLA89205969958_082025-F-1024x897.jpg",1024,897,true],"1536x1536":["https:\/\/rms-enlinea.com.ar\/wp-content\/uploads\/2025\/08\/D_615711-MLA89205969958_082025-F.jpg",1191,1043,false],"2048x2048":["https:\/\/rms-enlinea.com.ar\/wp-content\/uploads\/2025\/08\/D_615711-MLA89205969958_082025-F.jpg",1191,1043,false],"woocommerce_thumbnail":["https:\/\/rms-enlinea.com.ar\/wp-content\/uploads\/2025\/08\/D_615711-MLA89205969958_082025-F-450x450.jpg",450,450,true],"woocommerce_single":["https:\/\/rms-enlinea.com.ar\/wp-content\/uploads\/2025\/08\/D_615711-MLA89205969958_082025-F-600x525.jpg",600,525,true],"woocommerce_gallery_thumbnail":["https:\/\/rms-enlinea.com.ar\/wp-content\/uploads\/2025\/08\/D_615711-MLA89205969958_082025-F-100x100.jpg",100,100,true]},"uagb_author_info":{"display_name":"nelson","author_link":"https:\/\/rms-enlinea.com.ar\/tienda\/author\/"},"uagb_comment_info":0,"uagb_excerpt":"ESPECIFICACIONES T\u00c9CNICAS Cable: 1,8 metros Distribuci\u00f3n: Tipo consola Mando de direcci\u00f3n: 4 conmutadores INFORMACI\u00d3N DE GARANT\u00cdA Tres a\u00f1os de garant\u00eda de hardware limitada N\u00daMERO DE REFERENCIA 940-000138 COMPATIBILIDAD Windows\u00ae 11, Windows 10, Windows 8, Windows 7 o Windows Vista, ChromeOS\u2122 Conexi\u00f3n a Internet para descarga de software opcional EN LA CAJA Gamepad Documentaci\u00f3n del usuario","_links":{"self":[{"href":"https:\/\/rms-enlinea.com.ar\/tienda\/wp-json\/wp\/v2\/product\/53498","targetHints":{"allow":["GET"]}}],"collection":[{"href":"https:\/\/rms-enlinea.com.ar\/tienda\/wp-json\/wp\/v2\/product"}],"about":[{"href":"https:\/\/rms-enlinea.com.ar\/tienda\/wp-json\/wp\/v2\/types\/product"}],"replies":[{"embeddable":true,"href":"https:\/\/rms-enlinea.com.ar\/tienda\/wp-json\/wp\/v2\/comments?post=53498"}],"wp:featuredmedia":[{"embeddable":true,"href":"https:\/\/rms-enlinea.com.ar\/tienda\/wp-json\/wp\/v2\/media\/53499"}],"wp:attachment":[{"href":"https:\/\/rms-enlinea.com.ar\/tienda\/wp-json\/wp\/v2\/media?parent=53498"}],"wp:term":[{"taxonomy":"product_brand","embeddable":true,"href":"https:\/\/rms-enlinea.com.ar\/tienda\/wp-json\/wp\/v2\/product_brand?post=53498"},{"taxonomy":"product_cat","embeddable":true,"href":"https:\/\/rms-enlinea.com.ar\/tienda\/wp-json\/wp\/v2\/product_cat?post=53498"},{"taxonomy":"product_tag","embeddable":true,"href":"https:\/\/rms-enlinea.com.ar\/tienda\/wp-json\/wp\/v2\/product_tag?post=53498"}],"curies":[{"name":"wp","href":"https:\/\/api.w.org\/{rel}","templated":true}]}}