{"id":53505,"date":"2025-08-06T13:31:53","date_gmt":"2025-08-06T16:31:53","guid":{"rendered":"https:\/\/rms-enlinea.com.ar\/tienda\/producto\/auricular-con-microfono-logitech-h390-white-usb\/"},"modified":"2026-04-10T11:31:02","modified_gmt":"2026-04-10T14:31:02","slug":"auricular-con-microfono-logitech-h390-white-usb","status":"publish","type":"product","link":"https:\/\/rms-enlinea.com.ar\/tienda\/producto\/auricular-con-microfono-logitech-h390-white-usb\/","title":{"rendered":"Auricular Con Microfono Logitech H390 White Usb"},"content":{"rendered":"<p>Dimensiones<br \/>\nAltura: 171 mm<br \/>\nAncho: 151 mm<br \/>\nProfundidad: 68 mm<br \/>\nPeso: 0,197 kg<br \/>\nLongitud del cable: 1,9 m<br \/>\nEspecificaciones t\u00e9cnicas<br \/>\nTipo de micr\u00f3fono: Bidireccional<br \/>\nImpedancia de entrada: 32 Ohm<br \/>\nSensibilidad (aud\u00edfono): 94 dBV\/Pa +\/- 3 dB<br \/>\nSensibilidad (micr\u00f3fono): -17 dBV\/Pa +\/- 4 dB<br \/>\nRespuesta de frecuencia (aud\u00edfonos): 20 Hz &#8211; 20 kHz<br \/>\nRespuesta de frecuencia (micr\u00f3fono): 100 Hz &#8211; 10 kHz<\/p>\n","protected":false},"excerpt":{"rendered":"<p>Dimensiones Altura: 171 mm Ancho: 151 mm Profundidad: 68 mm Peso: 0,197 kg Longitud del cable: 1,9 m Especificaciones t\u00e9cnicas Tipo de micr\u00f3fono: Bidireccional Impedancia de entrada: 32 Ohm Sensibilidad (aud\u00edfono): 94 dBV\/Pa +\/- 3 dB Sensibilidad (micr\u00f3fono): -17 dBV\/Pa +\/- 4 dB Respuesta de frecuencia (aud\u00edfonos): 20 Hz &#8211; 20 kHz Respuesta de frecuencia [&hellip;]<\/p>\n","protected":false},"featured_media":53506,"comment_status":"open","ping_status":"closed","template":"","meta":{"_uag_custom_page_level_css":""},"product_brand":[549],"product_cat":[99],"product_tag":[],"class_list":{"0":"post-53505","1":"product","2":"type-product","3":"status-publish","4":"has-post-thumbnail","6":"product_brand-logitech","7":"product_cat-auriculares-computacion","9":"first","10":"instock","11":"sale","12":"taxable","13":"shipping-taxable","14":"purchasable","15":"product-type-simple"},"uagb_featured_image_src":{"full":["https:\/\/rms-enlinea.com.ar\/wp-content\/uploads\/2025\/08\/D_623882-MLA89571136003_082025-F.jpg",1008,1199,false],"thumbnail":["https:\/\/rms-enlinea.com.ar\/wp-content\/uploads\/2025\/08\/D_623882-MLA89571136003_082025-F-150x150.jpg",150,150,true],"medium":["https:\/\/rms-enlinea.com.ar\/wp-content\/uploads\/2025\/08\/D_623882-MLA89571136003_082025-F-252x300.jpg",252,300,true],"medium_large":["https:\/\/rms-enlinea.com.ar\/wp-content\/uploads\/2025\/08\/D_623882-MLA89571136003_082025-F-768x914.jpg",768,914,true],"large":["https:\/\/rms-enlinea.com.ar\/wp-content\/uploads\/2025\/08\/D_623882-MLA89571136003_082025-F-861x1024.jpg",861,1024,true],"1536x1536":["https:\/\/rms-enlinea.com.ar\/wp-content\/uploads\/2025\/08\/D_623882-MLA89571136003_082025-F.jpg",1008,1199,false],"2048x2048":["https:\/\/rms-enlinea.com.ar\/wp-content\/uploads\/2025\/08\/D_623882-MLA89571136003_082025-F.jpg",1008,1199,false],"woocommerce_thumbnail":["https:\/\/rms-enlinea.com.ar\/wp-content\/uploads\/2025\/08\/D_623882-MLA89571136003_082025-F-450x450.jpg",450,450,true],"woocommerce_single":["https:\/\/rms-enlinea.com.ar\/wp-content\/uploads\/2025\/08\/D_623882-MLA89571136003_082025-F-600x714.jpg",600,714,true],"woocommerce_gallery_thumbnail":["https:\/\/rms-enlinea.com.ar\/wp-content\/uploads\/2025\/08\/D_623882-MLA89571136003_082025-F-100x100.jpg",100,100,true]},"uagb_author_info":{"display_name":"nelson","author_link":"https:\/\/rms-enlinea.com.ar\/tienda\/author\/"},"uagb_comment_info":0,"uagb_excerpt":"Dimensiones Altura: 171 mm Ancho: 151 mm Profundidad: 68 mm Peso: 0,197 kg Longitud del cable: 1,9 m Especificaciones t\u00e9cnicas Tipo de micr\u00f3fono: Bidireccional Impedancia de entrada: 32 Ohm Sensibilidad (aud\u00edfono): 94 dBV\/Pa +\/- 3 dB Sensibilidad (micr\u00f3fono): -17 dBV\/Pa +\/- 4 dB Respuesta de frecuencia (aud\u00edfonos): 20 Hz &#8211; 20 kHz Respuesta de frecuencia&hellip;","_links":{"self":[{"href":"https:\/\/rms-enlinea.com.ar\/tienda\/wp-json\/wp\/v2\/product\/53505","targetHints":{"allow":["GET"]}}],"collection":[{"href":"https:\/\/rms-enlinea.com.ar\/tienda\/wp-json\/wp\/v2\/product"}],"about":[{"href":"https:\/\/rms-enlinea.com.ar\/tienda\/wp-json\/wp\/v2\/types\/product"}],"replies":[{"embeddable":true,"href":"https:\/\/rms-enlinea.com.ar\/tienda\/wp-json\/wp\/v2\/comments?post=53505"}],"wp:featuredmedia":[{"embeddable":true,"href":"https:\/\/rms-enlinea.com.ar\/tienda\/wp-json\/wp\/v2\/media\/53506"}],"wp:attachment":[{"href":"https:\/\/rms-enlinea.com.ar\/tienda\/wp-json\/wp\/v2\/media?parent=53505"}],"wp:term":[{"taxonomy":"product_brand","embeddable":true,"href":"https:\/\/rms-enlinea.com.ar\/tienda\/wp-json\/wp\/v2\/product_brand?post=53505"},{"taxonomy":"product_cat","embeddable":true,"href":"https:\/\/rms-enlinea.com.ar\/tienda\/wp-json\/wp\/v2\/product_cat?post=53505"},{"taxonomy":"product_tag","embeddable":true,"href":"https:\/\/rms-enlinea.com.ar\/tienda\/wp-json\/wp\/v2\/product_tag?post=53505"}],"curies":[{"name":"wp","href":"https:\/\/api.w.org\/{rel}","templated":true}]}}