{"id":53508,"date":"2025-08-06T13:32:06","date_gmt":"2025-08-06T16:32:06","guid":{"rendered":"https:\/\/rms-enlinea.com.ar\/tienda\/producto\/auricular-con-microfono-inalambrico-logitech-vibe-100\/"},"modified":"2026-03-31T18:52:12","modified_gmt":"2026-03-31T21:52:12","slug":"auricular-con-microfono-inalambrico-logitech-vibe-100","status":"publish","type":"product","link":"https:\/\/rms-enlinea.com.ar\/tienda\/producto\/auricular-con-microfono-inalambrico-logitech-vibe-100\/","title":{"rendered":"Auricular Con Microfono Inalambrico Logitech Vibe 100"},"content":{"rendered":"<p>Micr\u00f3fono<br \/>\nTipo: Dos micr\u00f3fonos MEMS omnidireccionales con formaci\u00f3n de haces direccional y DSP<br \/>\nRespuesta de frecuencia: 100 ~ 8 kHz<\/p>\n<p>Altavoces<br \/>\nRespuesta de frecuencia (modo m\u00fasica): Zoom<br \/>\nRespuesta de frecuencia (modo de conversaci\u00f3n): 100 ~ 8 kHz<br \/>\nSensibilidad: 118,0 \u00b13 dB a 1 mW a 1 kHz<br \/>\nTama\u00f1o de transductor: 40 mm<\/p>\n<p>Bater\u00eda<br \/>\nBater\u00eda integrada (ion litio)<br \/>\nDuraci\u00f3n de bater\u00eda (tiempo en conversaci\u00f3n): Hasta 18 horas<br \/>\nDuraci\u00f3n de bater\u00eda (tiempo en escucha): Hasta 20 horas 1La duraci\u00f3n de las bater\u00edas depende del uso y de las condiciones de los dispositivos.<\/p>\n","protected":false},"excerpt":{"rendered":"<p>Micr\u00f3fono Tipo: Dos micr\u00f3fonos MEMS omnidireccionales con formaci\u00f3n de haces direccional y DSP Respuesta de frecuencia: 100 ~ 8 kHz Altavoces Respuesta de frecuencia (modo m\u00fasica): Zoom Respuesta de frecuencia (modo de conversaci\u00f3n): 100 ~ 8 kHz Sensibilidad: 118,0 \u00b13 dB a 1 mW a 1 kHz Tama\u00f1o de transductor: 40 mm Bater\u00eda Bater\u00eda integrada [&hellip;]<\/p>\n","protected":false},"featured_media":6965,"comment_status":"open","ping_status":"closed","template":"","meta":{"_uag_custom_page_level_css":""},"product_brand":[549],"product_cat":[99],"product_tag":[],"class_list":{"0":"post-53508","1":"product","2":"type-product","3":"status-publish","4":"has-post-thumbnail","6":"product_brand-logitech","7":"product_cat-auriculares-computacion","9":"first","10":"outofstock","11":"sale","12":"taxable","13":"shipping-taxable","14":"purchasable","15":"product-type-simple"},"uagb_featured_image_src":{"full":["https:\/\/rms-enlinea.com.ar\/wp-content\/uploads\/2025\/06\/D_932438-MLA80172571615_102024-F.jpg",436,606,false],"thumbnail":["https:\/\/rms-enlinea.com.ar\/wp-content\/uploads\/2025\/06\/D_932438-MLA80172571615_102024-F-150x150.jpg",150,150,true],"medium":["https:\/\/rms-enlinea.com.ar\/wp-content\/uploads\/2025\/06\/D_932438-MLA80172571615_102024-F-216x300.jpg",216,300,true],"medium_large":["https:\/\/rms-enlinea.com.ar\/wp-content\/uploads\/2025\/06\/D_932438-MLA80172571615_102024-F.jpg",436,606,false],"large":["https:\/\/rms-enlinea.com.ar\/wp-content\/uploads\/2025\/06\/D_932438-MLA80172571615_102024-F.jpg",436,606,false],"1536x1536":["https:\/\/rms-enlinea.com.ar\/wp-content\/uploads\/2025\/06\/D_932438-MLA80172571615_102024-F.jpg",436,606,false],"2048x2048":["https:\/\/rms-enlinea.com.ar\/wp-content\/uploads\/2025\/06\/D_932438-MLA80172571615_102024-F.jpg",436,606,false],"woocommerce_thumbnail":["https:\/\/rms-enlinea.com.ar\/wp-content\/uploads\/2025\/06\/D_932438-MLA80172571615_102024-F-436x450.jpg",436,450,true],"woocommerce_single":["https:\/\/rms-enlinea.com.ar\/wp-content\/uploads\/2025\/06\/D_932438-MLA80172571615_102024-F.jpg",436,606,false],"woocommerce_gallery_thumbnail":["https:\/\/rms-enlinea.com.ar\/wp-content\/uploads\/2025\/06\/D_932438-MLA80172571615_102024-F-100x100.jpg",100,100,true]},"uagb_author_info":{"display_name":"nelson","author_link":"https:\/\/rms-enlinea.com.ar\/tienda\/author\/"},"uagb_comment_info":0,"uagb_excerpt":"Micr\u00f3fono Tipo: Dos micr\u00f3fonos MEMS omnidireccionales con formaci\u00f3n de haces direccional y DSP Respuesta de frecuencia: 100 ~ 8 kHz Altavoces Respuesta de frecuencia (modo m\u00fasica): Zoom Respuesta de frecuencia (modo de conversaci\u00f3n): 100 ~ 8 kHz Sensibilidad: 118,0 \u00b13 dB a 1 mW a 1 kHz Tama\u00f1o de transductor: 40 mm Bater\u00eda Bater\u00eda integrada&hellip;","_links":{"self":[{"href":"https:\/\/rms-enlinea.com.ar\/tienda\/wp-json\/wp\/v2\/product\/53508","targetHints":{"allow":["GET"]}}],"collection":[{"href":"https:\/\/rms-enlinea.com.ar\/tienda\/wp-json\/wp\/v2\/product"}],"about":[{"href":"https:\/\/rms-enlinea.com.ar\/tienda\/wp-json\/wp\/v2\/types\/product"}],"replies":[{"embeddable":true,"href":"https:\/\/rms-enlinea.com.ar\/tienda\/wp-json\/wp\/v2\/comments?post=53508"}],"wp:featuredmedia":[{"embeddable":true,"href":"https:\/\/rms-enlinea.com.ar\/tienda\/wp-json\/wp\/v2\/media\/6965"}],"wp:attachment":[{"href":"https:\/\/rms-enlinea.com.ar\/tienda\/wp-json\/wp\/v2\/media?parent=53508"}],"wp:term":[{"taxonomy":"product_brand","embeddable":true,"href":"https:\/\/rms-enlinea.com.ar\/tienda\/wp-json\/wp\/v2\/product_brand?post=53508"},{"taxonomy":"product_cat","embeddable":true,"href":"https:\/\/rms-enlinea.com.ar\/tienda\/wp-json\/wp\/v2\/product_cat?post=53508"},{"taxonomy":"product_tag","embeddable":true,"href":"https:\/\/rms-enlinea.com.ar\/tienda\/wp-json\/wp\/v2\/product_tag?post=53508"}],"curies":[{"name":"wp","href":"https:\/\/api.w.org\/{rel}","templated":true}]}}