{"id":53516,"date":"2025-08-06T13:50:06","date_gmt":"2025-08-06T16:50:06","guid":{"rendered":"https:\/\/rms-enlinea.com.ar\/tienda\/producto\/teclado-y-mouse-bluetooth-logitech-mk250\/"},"modified":"2026-04-10T13:50:17","modified_gmt":"2026-04-10T16:50:17","slug":"teclado-y-mouse-bluetooth-logitech-mk250","status":"publish","type":"product","link":"https:\/\/rms-enlinea.com.ar\/tienda\/producto\/teclado-y-mouse-bluetooth-logitech-mk250\/","title":{"rendered":"Teclado Y Mouse Bluetooth Logitech Mk250"},"content":{"rendered":"<p>Dimensiones<br \/>\nTeclado<\/p>\n<p>Altura: 136.9 mm<br \/>\nAnchura: 369.9 mm<br \/>\nProfundidad: 22.8 mm<br \/>\nPeso: 380 g<br \/>\nMouse<\/p>\n<p>Altura: 100 mm<br \/>\nAnchura: 60 mm<br \/>\nProfundidad: 38 mm<br \/>\nPeso: 76 g<br \/>\nEspecificaciones t\u00e9cnicas<br \/>\nRat\u00f3n<\/p>\n<p>Tecnolog\u00eda de sensor: Seguimiento \u00f3ptico fluido (1000 DPI)<br \/>\nBotones: Bot\u00f3n de encendido\/apagado<br \/>\nDesplazamiento: Desplazamiento l\u00ednea a l\u00ednea<br \/>\nBot\u00f3n scroll: 2D, mec\u00e1nico<br \/>\nConexi\u00f3n\/alimentaci\u00f3n: Pulsaci\u00f3n prolongada de los botones de encendido\/apagado para el emparejamiento<br \/>\nTipo de bater\u00eda: Bater\u00eda alcalina<br \/>\nDuraci\u00f3n de bater\u00edas: 12 meses<br \/>\nTecnolog\u00eda inal\u00e1mbrica: Tecnolog\u00eda Bluetooth\u00ae Low Energy<br \/>\nDistancia de funcionamiento inal\u00e1mbrico: 10 m<br \/>\nN\u00famero de bater\u00edas: 1 AA (incluido)<br \/>\nIndicadores luminosos: Conectividad LED<br \/>\nN\u00famero de botones: 3 (click izquierdo\/derecho, bot\u00f3n rueda con click de bot\u00f3n central)<br \/>\nTeclado<\/p>\n<p>Tipo de conexi\u00f3n del teclado: Pulsaci\u00f3n prolongada de los botones de encendido\/apagado para el emparejamiento<br \/>\nTeclado con tecnolog\u00eda inal\u00e1mbrica: Tecnolog\u00eda Bluetooth\u00ae Low Energy<br \/>\nAlcance inal\u00e1mbrico: 10 m<br \/>\nTipo de bater\u00eda del teclado: Bater\u00eda alcalina<br \/>\nIndicadores luminosos (LED): Conectividad LED<br \/>\nBotones\/Teclas especiales: Bot\u00f3n de encendido\/apagado<br \/>\nN\u00famero de bater\u00edas: 2 AAA (incluidas)<br \/>\nDuraci\u00f3n de bater\u00edas: 12 meses<br \/>\nCaracter\u00edsticas adicionales: Patas inclinables (para un \u00e1ngulo de escritura de 7 grados)<br \/>\nDistribuci\u00f3n: Dise\u00f1o compacto con secci\u00f3n num\u00e9rica<br \/>\nDise\u00f1o impreso multisistema operativo: S\u00ed<\/p>\n","protected":false},"excerpt":{"rendered":"<p>Dimensiones Teclado Altura: 136.9 mm Anchura: 369.9 mm Profundidad: 22.8 mm Peso: 380 g Mouse Altura: 100 mm Anchura: 60 mm Profundidad: 38 mm Peso: 76 g Especificaciones t\u00e9cnicas Rat\u00f3n Tecnolog\u00eda de sensor: Seguimiento \u00f3ptico fluido (1000 DPI) Botones: Bot\u00f3n de encendido\/apagado Desplazamiento: Desplazamiento l\u00ednea a l\u00ednea Bot\u00f3n scroll: 2D, mec\u00e1nico Conexi\u00f3n\/alimentaci\u00f3n: Pulsaci\u00f3n prolongada de [&hellip;]<\/p>\n","protected":false},"featured_media":53517,"comment_status":"open","ping_status":"closed","template":"","meta":{"_uag_custom_page_level_css":""},"product_brand":[549],"product_cat":[125],"product_tag":[],"class_list":{"0":"post-53516","1":"product","2":"type-product","3":"status-publish","4":"has-post-thumbnail","6":"product_brand-logitech","7":"product_cat-teclados-y-mouses","9":"first","10":"instock","11":"sale","12":"taxable","13":"shipping-taxable","14":"purchasable","15":"product-type-simple"},"uagb_featured_image_src":{"full":["https:\/\/rms-enlinea.com.ar\/wp-content\/uploads\/2025\/08\/D_991380-MLA89572705499_082025-F.jpg",1198,361,false],"thumbnail":["https:\/\/rms-enlinea.com.ar\/wp-content\/uploads\/2025\/08\/D_991380-MLA89572705499_082025-F-150x150.jpg",150,150,true],"medium":["https:\/\/rms-enlinea.com.ar\/wp-content\/uploads\/2025\/08\/D_991380-MLA89572705499_082025-F-300x90.jpg",300,90,true],"medium_large":["https:\/\/rms-enlinea.com.ar\/wp-content\/uploads\/2025\/08\/D_991380-MLA89572705499_082025-F-768x231.jpg",768,231,true],"large":["https:\/\/rms-enlinea.com.ar\/wp-content\/uploads\/2025\/08\/D_991380-MLA89572705499_082025-F-1024x309.jpg",1024,309,true],"1536x1536":["https:\/\/rms-enlinea.com.ar\/wp-content\/uploads\/2025\/08\/D_991380-MLA89572705499_082025-F.jpg",1198,361,false],"2048x2048":["https:\/\/rms-enlinea.com.ar\/wp-content\/uploads\/2025\/08\/D_991380-MLA89572705499_082025-F.jpg",1198,361,false],"woocommerce_thumbnail":["https:\/\/rms-enlinea.com.ar\/wp-content\/uploads\/2025\/08\/D_991380-MLA89572705499_082025-F-450x361.jpg",450,361,true],"woocommerce_single":["https:\/\/rms-enlinea.com.ar\/wp-content\/uploads\/2025\/08\/D_991380-MLA89572705499_082025-F-600x181.jpg",600,181,true],"woocommerce_gallery_thumbnail":["https:\/\/rms-enlinea.com.ar\/wp-content\/uploads\/2025\/08\/D_991380-MLA89572705499_082025-F-100x100.jpg",100,100,true]},"uagb_author_info":{"display_name":"nelson","author_link":"https:\/\/rms-enlinea.com.ar\/tienda\/author\/"},"uagb_comment_info":0,"uagb_excerpt":"Dimensiones Teclado Altura: 136.9 mm Anchura: 369.9 mm Profundidad: 22.8 mm Peso: 380 g Mouse Altura: 100 mm Anchura: 60 mm Profundidad: 38 mm Peso: 76 g Especificaciones t\u00e9cnicas Rat\u00f3n Tecnolog\u00eda de sensor: Seguimiento \u00f3ptico fluido (1000 DPI) Botones: Bot\u00f3n de encendido\/apagado Desplazamiento: Desplazamiento l\u00ednea a l\u00ednea Bot\u00f3n scroll: 2D, mec\u00e1nico Conexi\u00f3n\/alimentaci\u00f3n: Pulsaci\u00f3n prolongada de&hellip;","_links":{"self":[{"href":"https:\/\/rms-enlinea.com.ar\/tienda\/wp-json\/wp\/v2\/product\/53516","targetHints":{"allow":["GET"]}}],"collection":[{"href":"https:\/\/rms-enlinea.com.ar\/tienda\/wp-json\/wp\/v2\/product"}],"about":[{"href":"https:\/\/rms-enlinea.com.ar\/tienda\/wp-json\/wp\/v2\/types\/product"}],"replies":[{"embeddable":true,"href":"https:\/\/rms-enlinea.com.ar\/tienda\/wp-json\/wp\/v2\/comments?post=53516"}],"wp:featuredmedia":[{"embeddable":true,"href":"https:\/\/rms-enlinea.com.ar\/tienda\/wp-json\/wp\/v2\/media\/53517"}],"wp:attachment":[{"href":"https:\/\/rms-enlinea.com.ar\/tienda\/wp-json\/wp\/v2\/media?parent=53516"}],"wp:term":[{"taxonomy":"product_brand","embeddable":true,"href":"https:\/\/rms-enlinea.com.ar\/tienda\/wp-json\/wp\/v2\/product_brand?post=53516"},{"taxonomy":"product_cat","embeddable":true,"href":"https:\/\/rms-enlinea.com.ar\/tienda\/wp-json\/wp\/v2\/product_cat?post=53516"},{"taxonomy":"product_tag","embeddable":true,"href":"https:\/\/rms-enlinea.com.ar\/tienda\/wp-json\/wp\/v2\/product_tag?post=53516"}],"curies":[{"name":"wp","href":"https:\/\/api.w.org\/{rel}","templated":true}]}}