{"id":53535,"date":"2025-08-06T17:30:15","date_gmt":"2025-08-06T20:30:15","guid":{"rendered":"https:\/\/rms-enlinea.com.ar\/tienda\/producto\/memoria-sodimm-patriot-signature-8gb-3200mhz-notebook\/"},"modified":"2026-04-21T05:03:40","modified_gmt":"2026-04-21T08:03:40","slug":"memoria-sodimm-patriot-signature-8gb-3200mhz-notebook","status":"publish","type":"product","link":"https:\/\/rms-enlinea.com.ar\/tienda\/producto\/memoria-sodimm-patriot-signature-8gb-3200mhz-notebook\/","title":{"rendered":"Memoria Sodimm Patriot Signature 8gb 3200mhz Notebook"},"content":{"rendered":"<p>Aplicaci\u00f3n<\/p>\n<p>Computadoras de escritorio<br \/>\nMarca<\/p>\n<p>Patriot<br \/>\nColor<\/p>\n<p>Negro<br \/>\nModelo detallado<\/p>\n<p>PSD48G320081S<br \/>\nC\u00f3digo universal de producto<\/p>\n<p>814914027073<br \/>\nCapacidad individual<\/p>\n<p>8 GB<br \/>\nL\u00ednea<\/p>\n<p>Signature<br \/>\nFabricante<\/p>\n<p>Patriot<br \/>\nFormato<\/p>\n<p>UDIMM<br \/>\nM\u00f3dulos de memoria<\/p>\n<p>1<br \/>\nTecnolog\u00eda de la memoria<\/p>\n<p>DDR4<br \/>\nModelo<\/p>\n<p>PSD48G320081<br \/>\nMPN<\/p>\n<p>PSD48G320081<br \/>\nVelocidad<\/p>\n<p>3200 MHz<br \/>\nCapacidad total<\/p>\n<p>8 GB<br \/>\nSKU<\/p>\n<p>GIT00018846<\/p>\n","protected":false},"excerpt":{"rendered":"<p>Aplicaci\u00f3n Computadoras de escritorio Marca Patriot Color Negro Modelo detallado PSD48G320081S C\u00f3digo universal de producto 814914027073 Capacidad individual 8 GB L\u00ednea Signature Fabricante Patriot Formato UDIMM M\u00f3dulos de memoria 1 Tecnolog\u00eda de la memoria DDR4 Modelo PSD48G320081 MPN PSD48G320081 Velocidad 3200 MHz Capacidad total 8 GB SKU GIT00018846<\/p>\n","protected":false},"featured_media":18167,"comment_status":"open","ping_status":"closed","template":"","meta":{"_uag_custom_page_level_css":""},"product_brand":[566],"product_cat":[112],"product_tag":[],"class_list":{"0":"post-53535","1":"product","2":"type-product","3":"status-publish","4":"has-post-thumbnail","6":"product_brand-patriot","7":"product_cat-mamorias","9":"first","10":"outofstock","11":"sale","12":"taxable","13":"shipping-taxable","14":"purchasable","15":"product-type-simple"},"uagb_featured_image_src":{"full":["https:\/\/rms-enlinea.com.ar\/wp-content\/uploads\/2025\/06\/D_679049-MLA79900431129_102024-F.jpg",882,583,false],"thumbnail":["https:\/\/rms-enlinea.com.ar\/wp-content\/uploads\/2025\/06\/D_679049-MLA79900431129_102024-F-150x150.jpg",150,150,true],"medium":["https:\/\/rms-enlinea.com.ar\/wp-content\/uploads\/2025\/06\/D_679049-MLA79900431129_102024-F-300x198.jpg",300,198,true],"medium_large":["https:\/\/rms-enlinea.com.ar\/wp-content\/uploads\/2025\/06\/D_679049-MLA79900431129_102024-F-768x508.jpg",768,508,true],"large":["https:\/\/rms-enlinea.com.ar\/wp-content\/uploads\/2025\/06\/D_679049-MLA79900431129_102024-F.jpg",882,583,false],"1536x1536":["https:\/\/rms-enlinea.com.ar\/wp-content\/uploads\/2025\/06\/D_679049-MLA79900431129_102024-F.jpg",882,583,false],"2048x2048":["https:\/\/rms-enlinea.com.ar\/wp-content\/uploads\/2025\/06\/D_679049-MLA79900431129_102024-F.jpg",882,583,false],"woocommerce_thumbnail":["https:\/\/rms-enlinea.com.ar\/wp-content\/uploads\/2025\/06\/D_679049-MLA79900431129_102024-F-450x450.jpg",450,450,true],"woocommerce_single":["https:\/\/rms-enlinea.com.ar\/wp-content\/uploads\/2025\/06\/D_679049-MLA79900431129_102024-F-600x397.jpg",600,397,true],"woocommerce_gallery_thumbnail":["https:\/\/rms-enlinea.com.ar\/wp-content\/uploads\/2025\/06\/D_679049-MLA79900431129_102024-F-100x100.jpg",100,100,true]},"uagb_author_info":{"display_name":"nelson","author_link":"https:\/\/rms-enlinea.com.ar\/tienda\/author\/"},"uagb_comment_info":0,"uagb_excerpt":"Aplicaci\u00f3n Computadoras de escritorio Marca Patriot Color Negro Modelo detallado PSD48G320081S C\u00f3digo universal de producto 814914027073 Capacidad individual 8 GB L\u00ednea Signature Fabricante Patriot Formato UDIMM M\u00f3dulos de memoria 1 Tecnolog\u00eda de la memoria DDR4 Modelo PSD48G320081 MPN PSD48G320081 Velocidad 3200 MHz Capacidad total 8 GB SKU GIT00018846","_links":{"self":[{"href":"https:\/\/rms-enlinea.com.ar\/tienda\/wp-json\/wp\/v2\/product\/53535","targetHints":{"allow":["GET"]}}],"collection":[{"href":"https:\/\/rms-enlinea.com.ar\/tienda\/wp-json\/wp\/v2\/product"}],"about":[{"href":"https:\/\/rms-enlinea.com.ar\/tienda\/wp-json\/wp\/v2\/types\/product"}],"replies":[{"embeddable":true,"href":"https:\/\/rms-enlinea.com.ar\/tienda\/wp-json\/wp\/v2\/comments?post=53535"}],"wp:featuredmedia":[{"embeddable":true,"href":"https:\/\/rms-enlinea.com.ar\/tienda\/wp-json\/wp\/v2\/media\/18167"}],"wp:attachment":[{"href":"https:\/\/rms-enlinea.com.ar\/tienda\/wp-json\/wp\/v2\/media?parent=53535"}],"wp:term":[{"taxonomy":"product_brand","embeddable":true,"href":"https:\/\/rms-enlinea.com.ar\/tienda\/wp-json\/wp\/v2\/product_brand?post=53535"},{"taxonomy":"product_cat","embeddable":true,"href":"https:\/\/rms-enlinea.com.ar\/tienda\/wp-json\/wp\/v2\/product_cat?post=53535"},{"taxonomy":"product_tag","embeddable":true,"href":"https:\/\/rms-enlinea.com.ar\/tienda\/wp-json\/wp\/v2\/product_tag?post=53535"}],"curies":[{"name":"wp","href":"https:\/\/api.w.org\/{rel}","templated":true}]}}