{"id":53566,"date":"2025-08-06T19:31:30","date_gmt":"2025-08-06T22:31:30","guid":{"rendered":"https:\/\/rms-enlinea.com.ar\/tienda\/producto\/monitor-led-philips-27-pulgadas-272v8la-55-fhd-hdmi-vga\/"},"modified":"2026-03-20T19:02:06","modified_gmt":"2026-03-20T22:02:06","slug":"monitor-led-philips-27-pulgadas-272v8la-55-fhd-hdmi-vga","status":"publish","type":"product","link":"https:\/\/rms-enlinea.com.ar\/tienda\/producto\/monitor-led-philips-27-pulgadas-272v8la-55-fhd-hdmi-vga\/","title":{"rendered":"Monitor Led Philips 27 Pulgadas 272v8la\/55 Fhd Hdmi Vga"},"content":{"rendered":"<p>El Monitor Led Philips 272V8LA\/55 de 27 pulgadas es la opci\u00f3n ideal para quienes buscan un equilibrio entre calidad de imagen y funcionalidad. Con una resoluci\u00f3n Full HD de 1920 x 1080 px, proporciona colores vibrantes y detalles n\u00edtidos, gracias a su panel VA que ofrece una relaci\u00f3n de contraste de 3000:1 y un brillo de 250 cd\/m2. Sus \u00e1ngulos de visi\u00f3n de 178\u00b0 tanto horizontal como vertical, aseguran que puedas disfrutar de una visualizaci\u00f3n \u00f3ptima desde cualquier posici\u00f3n.<\/p>\n<p>Dise\u00f1ado para adaptarse a diversas necesidades, este monitor cuenta con m\u00faltiples conexiones, incluyendo HDMI, DisplayPort y VGA, permitiendo una f\u00e1cil integraci\u00f3n con diferentes dispositivos. Adem\u00e1s, viene equipado con parlantes incorporados, eliminando la necesidad de altavoces externos y optimizando tu espacio de trabajo. Su dise\u00f1o antirreflejo y la tecnolog\u00eda Adaptive-Sync aseguran que tu experiencia visual sea c\u00f3moda y sin interrupciones.<\/p>\n<p>Con una frecuencia de actualizaci\u00f3n de 75 Hz y un tiempo de respuesta de 4 ms, el monitor se adapta perfectamente a las tareas diarias, ya sea para trabajo o entretenimiento. Su montaje VESA facilita la instalaci\u00f3n en cualquier entorno, mientras que su dise\u00f1o estilizado en color negro se integra sin esfuerzo en tu escritorio. Este monitor es compatible con sistemas operativos Windows, brindando versatilidad para una gran variedad de usuarios.<\/p>\n<p>En definitiva, el Monitor Led Philips 272V8LA\/55 no solo cumple con las expectativas visuales, sino que tambi\u00e9n mejora tu experiencia de uso gracias a sus caracter\u00edsticas dise\u00f1adas pensando en el usuario moderno. Es el complemento ideal para quienes buscan un monitor fiable y de alta calidad, perfecto para el hogar o la oficina.<\/p>\n","protected":false},"excerpt":{"rendered":"<p>El Monitor Led Philips 272V8LA\/55 de 27 pulgadas es la opci\u00f3n ideal para quienes buscan un equilibrio entre calidad de imagen y funcionalidad. Con una resoluci\u00f3n Full HD de 1920 x 1080 px, proporciona colores vibrantes y detalles n\u00edtidos, gracias a su panel VA que ofrece una relaci\u00f3n de contraste de 3000:1 y un brillo [&hellip;]<\/p>\n","protected":false},"featured_media":53567,"comment_status":"open","ping_status":"closed","template":"","meta":{"_uag_custom_page_level_css":""},"product_brand":[580],"product_cat":[114],"product_tag":[],"class_list":{"0":"post-53566","1":"product","2":"type-product","3":"status-publish","4":"has-post-thumbnail","6":"product_brand-philips","7":"product_cat-monitores","9":"first","10":"instock","11":"sale","12":"taxable","13":"shipping-taxable","14":"purchasable","15":"product-type-simple"},"uagb_featured_image_src":{"full":["https:\/\/rms-enlinea.com.ar\/wp-content\/uploads\/2025\/08\/D_724300-MLA89589584515_082025-F.jpg",1171,948,false],"thumbnail":["https:\/\/rms-enlinea.com.ar\/wp-content\/uploads\/2025\/08\/D_724300-MLA89589584515_082025-F-150x150.jpg",150,150,true],"medium":["https:\/\/rms-enlinea.com.ar\/wp-content\/uploads\/2025\/08\/D_724300-MLA89589584515_082025-F-300x243.jpg",300,243,true],"medium_large":["https:\/\/rms-enlinea.com.ar\/wp-content\/uploads\/2025\/08\/D_724300-MLA89589584515_082025-F-768x622.jpg",768,622,true],"large":["https:\/\/rms-enlinea.com.ar\/wp-content\/uploads\/2025\/08\/D_724300-MLA89589584515_082025-F-1024x829.jpg",1024,829,true],"1536x1536":["https:\/\/rms-enlinea.com.ar\/wp-content\/uploads\/2025\/08\/D_724300-MLA89589584515_082025-F.jpg",1171,948,false],"2048x2048":["https:\/\/rms-enlinea.com.ar\/wp-content\/uploads\/2025\/08\/D_724300-MLA89589584515_082025-F.jpg",1171,948,false],"woocommerce_thumbnail":["https:\/\/rms-enlinea.com.ar\/wp-content\/uploads\/2025\/08\/D_724300-MLA89589584515_082025-F-450x450.jpg",450,450,true],"woocommerce_single":["https:\/\/rms-enlinea.com.ar\/wp-content\/uploads\/2025\/08\/D_724300-MLA89589584515_082025-F-600x486.jpg",600,486,true],"woocommerce_gallery_thumbnail":["https:\/\/rms-enlinea.com.ar\/wp-content\/uploads\/2025\/08\/D_724300-MLA89589584515_082025-F-100x100.jpg",100,100,true]},"uagb_author_info":{"display_name":"nelson","author_link":"https:\/\/rms-enlinea.com.ar\/tienda\/author\/"},"uagb_comment_info":0,"uagb_excerpt":"El Monitor Led Philips 272V8LA\/55 de 27 pulgadas es la opci\u00f3n ideal para quienes buscan un equilibrio entre calidad de imagen y funcionalidad. Con una resoluci\u00f3n Full HD de 1920 x 1080 px, proporciona colores vibrantes y detalles n\u00edtidos, gracias a su panel VA que ofrece una relaci\u00f3n de contraste de 3000:1 y un brillo&hellip;","_links":{"self":[{"href":"https:\/\/rms-enlinea.com.ar\/tienda\/wp-json\/wp\/v2\/product\/53566","targetHints":{"allow":["GET"]}}],"collection":[{"href":"https:\/\/rms-enlinea.com.ar\/tienda\/wp-json\/wp\/v2\/product"}],"about":[{"href":"https:\/\/rms-enlinea.com.ar\/tienda\/wp-json\/wp\/v2\/types\/product"}],"replies":[{"embeddable":true,"href":"https:\/\/rms-enlinea.com.ar\/tienda\/wp-json\/wp\/v2\/comments?post=53566"}],"wp:featuredmedia":[{"embeddable":true,"href":"https:\/\/rms-enlinea.com.ar\/tienda\/wp-json\/wp\/v2\/media\/53567"}],"wp:attachment":[{"href":"https:\/\/rms-enlinea.com.ar\/tienda\/wp-json\/wp\/v2\/media?parent=53566"}],"wp:term":[{"taxonomy":"product_brand","embeddable":true,"href":"https:\/\/rms-enlinea.com.ar\/tienda\/wp-json\/wp\/v2\/product_brand?post=53566"},{"taxonomy":"product_cat","embeddable":true,"href":"https:\/\/rms-enlinea.com.ar\/tienda\/wp-json\/wp\/v2\/product_cat?post=53566"},{"taxonomy":"product_tag","embeddable":true,"href":"https:\/\/rms-enlinea.com.ar\/tienda\/wp-json\/wp\/v2\/product_tag?post=53566"}],"curies":[{"name":"wp","href":"https:\/\/api.w.org\/{rel}","templated":true}]}}