{"id":53663,"date":"2025-08-07T21:01:55","date_gmt":"2025-08-08T00:01:55","guid":{"rendered":"https:\/\/rms-enlinea.com.ar\/tienda\/producto\/mouse-inalambrico-genius-nx-7015-1600dpi-silver-blueeye\/"},"modified":"2026-04-21T07:13:14","modified_gmt":"2026-04-21T10:13:14","slug":"mouse-inalambrico-genius-nx-7015-1600dpi-silver-blueeye","status":"publish","type":"product","link":"https:\/\/rms-enlinea.com.ar\/tienda\/producto\/mouse-inalambrico-genius-nx-7015-1600dpi-silver-blueeye\/","title":{"rendered":"Mouse Inalambrico Genius Nx-7015 1600dpi Silver Blueeye"},"content":{"rendered":"<p>El Mouse Inal\u00e1mbrico Genius NX-7015 combina dise\u00f1o moderno y funcionalidad avanzada en un dispositivo ergon\u00f3mico que se adapta perfectamente a la mano derecha. Su elegante acabado plateado no solo lo hace visualmente atractivo, sino que tambi\u00e9n resalta su calidad de construcci\u00f3n. Con una resoluci\u00f3n de 1600 DPI, ofrece una excelente precisi\u00f3n y fluidez en el desplazamiento, ideal para tareas cotidianas en oficina o para uso personal.<\/p>\n<p>Este mouse de tipo \u00f3ptico utiliza la tecnolog\u00eda BlueEye, lo que garantiza un rendimiento \u00f3ptimo incluso en superficies complicadas. Gracias a su conexi\u00f3n USB y a su funcionamiento inal\u00e1mbrico con un radio de 2.4 GHz, disfrutar\u00e1s de una experiencia sin cables y sin interrupciones. Su dise\u00f1o ligero de solo 57 g y sus dimensiones compactas hacen que sea f\u00e1cil de transportar y c\u00f3modo de usar durante largas sesiones.<\/p>\n<p>El Genius NX-7015 cuenta con tres botones que permiten una navegaci\u00f3n sencilla y eficiente. La rueda de desplazamiento a\u00f1ade un plus de comodidad al desplazarte por documentos y p\u00e1ginas web. A trav\u00e9s de su sistema de alimentaci\u00f3n por pilas, este mouse asegura un uso prolongado, ofreciendo una soluci\u00f3n completa para quienes buscan funcionalidad sin complicaciones. <\/p>\n<p>Compatible con m\u00faltiples sistemas operativos, como Windows y macOS, este mouse es una opci\u00f3n vers\u00e1til para cualquier usuario. Ya sea en casa o en la oficina, el Genius NX-7015 se convierte en el aliado perfecto para optimizar tu productividad. Elige el mouse que se adapta a tu estilo de trabajo y disfruta de una experiencia de uso excepcional.<\/p>\n","protected":false},"excerpt":{"rendered":"<p>El Mouse Inal\u00e1mbrico Genius NX-7015 combina dise\u00f1o moderno y funcionalidad avanzada en un dispositivo ergon\u00f3mico que se adapta perfectamente a la mano derecha. Su elegante acabado plateado no solo lo hace visualmente atractivo, sino que tambi\u00e9n resalta su calidad de construcci\u00f3n. Con una resoluci\u00f3n de 1600 DPI, ofrece una excelente precisi\u00f3n y fluidez en el [&hellip;]<\/p>\n","protected":false},"featured_media":53664,"comment_status":"open","ping_status":"closed","template":"","meta":{"_uag_custom_page_level_css":""},"product_brand":[550],"product_cat":[125],"product_tag":[],"class_list":{"0":"post-53663","1":"product","2":"type-product","3":"status-publish","4":"has-post-thumbnail","6":"product_brand-genius","7":"product_cat-teclados-y-mouses","9":"first","10":"outofstock","11":"sale","12":"taxable","13":"shipping-taxable","14":"purchasable","15":"product-type-simple"},"uagb_featured_image_src":{"full":["https:\/\/rms-enlinea.com.ar\/wp-content\/uploads\/2025\/08\/D_737031-MLA89303161516_082025-F.jpg",1086,1079,false],"thumbnail":["https:\/\/rms-enlinea.com.ar\/wp-content\/uploads\/2025\/08\/D_737031-MLA89303161516_082025-F-150x150.jpg",150,150,true],"medium":["https:\/\/rms-enlinea.com.ar\/wp-content\/uploads\/2025\/08\/D_737031-MLA89303161516_082025-F-300x298.jpg",300,298,true],"medium_large":["https:\/\/rms-enlinea.com.ar\/wp-content\/uploads\/2025\/08\/D_737031-MLA89303161516_082025-F-768x763.jpg",768,763,true],"large":["https:\/\/rms-enlinea.com.ar\/wp-content\/uploads\/2025\/08\/D_737031-MLA89303161516_082025-F-1024x1017.jpg",1024,1017,true],"1536x1536":["https:\/\/rms-enlinea.com.ar\/wp-content\/uploads\/2025\/08\/D_737031-MLA89303161516_082025-F.jpg",1086,1079,false],"2048x2048":["https:\/\/rms-enlinea.com.ar\/wp-content\/uploads\/2025\/08\/D_737031-MLA89303161516_082025-F.jpg",1086,1079,false],"woocommerce_thumbnail":["https:\/\/rms-enlinea.com.ar\/wp-content\/uploads\/2025\/08\/D_737031-MLA89303161516_082025-F-450x450.jpg",450,450,true],"woocommerce_single":["https:\/\/rms-enlinea.com.ar\/wp-content\/uploads\/2025\/08\/D_737031-MLA89303161516_082025-F-600x596.jpg",600,596,true],"woocommerce_gallery_thumbnail":["https:\/\/rms-enlinea.com.ar\/wp-content\/uploads\/2025\/08\/D_737031-MLA89303161516_082025-F-100x100.jpg",100,100,true]},"uagb_author_info":{"display_name":"nelson","author_link":"https:\/\/rms-enlinea.com.ar\/tienda\/author\/"},"uagb_comment_info":0,"uagb_excerpt":"El Mouse Inal\u00e1mbrico Genius NX-7015 combina dise\u00f1o moderno y funcionalidad avanzada en un dispositivo ergon\u00f3mico que se adapta perfectamente a la mano derecha. Su elegante acabado plateado no solo lo hace visualmente atractivo, sino que tambi\u00e9n resalta su calidad de construcci\u00f3n. Con una resoluci\u00f3n de 1600 DPI, ofrece una excelente precisi\u00f3n y fluidez en el&hellip;","_links":{"self":[{"href":"https:\/\/rms-enlinea.com.ar\/tienda\/wp-json\/wp\/v2\/product\/53663","targetHints":{"allow":["GET"]}}],"collection":[{"href":"https:\/\/rms-enlinea.com.ar\/tienda\/wp-json\/wp\/v2\/product"}],"about":[{"href":"https:\/\/rms-enlinea.com.ar\/tienda\/wp-json\/wp\/v2\/types\/product"}],"replies":[{"embeddable":true,"href":"https:\/\/rms-enlinea.com.ar\/tienda\/wp-json\/wp\/v2\/comments?post=53663"}],"wp:featuredmedia":[{"embeddable":true,"href":"https:\/\/rms-enlinea.com.ar\/tienda\/wp-json\/wp\/v2\/media\/53664"}],"wp:attachment":[{"href":"https:\/\/rms-enlinea.com.ar\/tienda\/wp-json\/wp\/v2\/media?parent=53663"}],"wp:term":[{"taxonomy":"product_brand","embeddable":true,"href":"https:\/\/rms-enlinea.com.ar\/tienda\/wp-json\/wp\/v2\/product_brand?post=53663"},{"taxonomy":"product_cat","embeddable":true,"href":"https:\/\/rms-enlinea.com.ar\/tienda\/wp-json\/wp\/v2\/product_cat?post=53663"},{"taxonomy":"product_tag","embeddable":true,"href":"https:\/\/rms-enlinea.com.ar\/tienda\/wp-json\/wp\/v2\/product_tag?post=53663"}],"curies":[{"name":"wp","href":"https:\/\/api.w.org\/{rel}","templated":true}]}}