{"id":53698,"date":"2025-08-08T18:50:50","date_gmt":"2025-08-08T21:50:50","guid":{"rendered":"https:\/\/rms-enlinea.com.ar\/tienda\/producto\/procesador-amd-ryzen-5-5600g-3-9ghz-am4-ddr4\/"},"modified":"2026-03-29T04:30:16","modified_gmt":"2026-03-29T07:30:16","slug":"procesador-amd-ryzen-5-5600g-3-9ghz-am4-ddr4","status":"publish","type":"product","link":"https:\/\/rms-enlinea.com.ar\/tienda\/producto\/procesador-amd-ryzen-5-5600g-3-9ghz-am4-ddr4\/","title":{"rendered":"Procesador Amd Ryzen 5 5600g 3.9ghz Am4 Ddr4"},"content":{"rendered":"<p>Aplicaci\u00f3n Computadoras de escritorio<br \/>Arquitectura x64<br \/>Marca AMD<br \/>Cach\u00e9 3 MB<br \/>Z\u00f3calos compatibles AM4<br \/>Cantidad de n\u00facleos de CPU 6<br \/>Generaci\u00f3n 5\u00b0<br \/>Procesador gr\u00e1fico Radeon Graphics<br \/>C\u00f3digo universal de producto 730143313414<br \/>Es gamer S\u00ed<br \/>Est\u00e1 desbloqueado No<br \/>L\u00ednea Ryzen 5<br \/>Modelo Ryzen 5 5600G<br \/>SKU GIT00018669<br \/>Tipos de memoria RAM soportadas DDR4<\/p>\n","protected":false},"excerpt":{"rendered":"<p>Aplicaci\u00f3n Computadoras de escritorioArquitectura x64Marca AMDCach\u00e9 3 MBZ\u00f3calos compatibles AM4Cantidad de n\u00facleos de CPU 6Generaci\u00f3n 5\u00b0Procesador gr\u00e1fico Radeon GraphicsC\u00f3digo universal de producto 730143313414Es gamer S\u00edEst\u00e1 desbloqueado NoL\u00ednea Ryzen 5Modelo Ryzen 5 5600GSKU GIT00018669Tipos de memoria RAM soportadas DDR4<\/p>\n","protected":false},"featured_media":39043,"comment_status":"open","ping_status":"closed","template":"","meta":{"_uag_custom_page_level_css":""},"product_brand":[531],"product_cat":[121],"product_tag":[],"class_list":{"0":"post-53698","1":"product","2":"type-product","3":"status-publish","4":"has-post-thumbnail","6":"product_brand-amd","7":"product_cat-procesadores-computacion","9":"first","10":"outofstock","11":"sale","12":"taxable","13":"shipping-taxable","14":"purchasable","15":"product-type-simple"},"uagb_featured_image_src":{"full":["https:\/\/rms-enlinea.com.ar\/wp-content\/uploads\/2025\/06\/D_970085-MLU78352021456_082024-F.jpg",1089,1200,false],"thumbnail":["https:\/\/rms-enlinea.com.ar\/wp-content\/uploads\/2025\/06\/D_970085-MLU78352021456_082024-F-150x150.jpg",150,150,true],"medium":["https:\/\/rms-enlinea.com.ar\/wp-content\/uploads\/2025\/06\/D_970085-MLU78352021456_082024-F-272x300.jpg",272,300,true],"medium_large":["https:\/\/rms-enlinea.com.ar\/wp-content\/uploads\/2025\/06\/D_970085-MLU78352021456_082024-F-768x846.jpg",768,846,true],"large":["https:\/\/rms-enlinea.com.ar\/wp-content\/uploads\/2025\/06\/D_970085-MLU78352021456_082024-F-929x1024.jpg",929,1024,true],"1536x1536":["https:\/\/rms-enlinea.com.ar\/wp-content\/uploads\/2025\/06\/D_970085-MLU78352021456_082024-F.jpg",1089,1200,false],"2048x2048":["https:\/\/rms-enlinea.com.ar\/wp-content\/uploads\/2025\/06\/D_970085-MLU78352021456_082024-F.jpg",1089,1200,false],"woocommerce_thumbnail":["https:\/\/rms-enlinea.com.ar\/wp-content\/uploads\/2025\/06\/D_970085-MLU78352021456_082024-F-450x450.jpg",450,450,true],"woocommerce_single":["https:\/\/rms-enlinea.com.ar\/wp-content\/uploads\/2025\/06\/D_970085-MLU78352021456_082024-F-600x661.jpg",600,661,true],"woocommerce_gallery_thumbnail":["https:\/\/rms-enlinea.com.ar\/wp-content\/uploads\/2025\/06\/D_970085-MLU78352021456_082024-F-100x100.jpg",100,100,true]},"uagb_author_info":{"display_name":"nelson","author_link":"https:\/\/rms-enlinea.com.ar\/tienda\/author\/"},"uagb_comment_info":0,"uagb_excerpt":"Aplicaci\u00f3n Computadoras de escritorioArquitectura x64Marca AMDCach\u00e9 3 MBZ\u00f3calos compatibles AM4Cantidad de n\u00facleos de CPU 6Generaci\u00f3n 5\u00b0Procesador gr\u00e1fico Radeon GraphicsC\u00f3digo universal de producto 730143313414Es gamer S\u00edEst\u00e1 desbloqueado NoL\u00ednea Ryzen 5Modelo Ryzen 5 5600GSKU GIT00018669Tipos de memoria RAM soportadas DDR4","_links":{"self":[{"href":"https:\/\/rms-enlinea.com.ar\/tienda\/wp-json\/wp\/v2\/product\/53698","targetHints":{"allow":["GET"]}}],"collection":[{"href":"https:\/\/rms-enlinea.com.ar\/tienda\/wp-json\/wp\/v2\/product"}],"about":[{"href":"https:\/\/rms-enlinea.com.ar\/tienda\/wp-json\/wp\/v2\/types\/product"}],"replies":[{"embeddable":true,"href":"https:\/\/rms-enlinea.com.ar\/tienda\/wp-json\/wp\/v2\/comments?post=53698"}],"wp:featuredmedia":[{"embeddable":true,"href":"https:\/\/rms-enlinea.com.ar\/tienda\/wp-json\/wp\/v2\/media\/39043"}],"wp:attachment":[{"href":"https:\/\/rms-enlinea.com.ar\/tienda\/wp-json\/wp\/v2\/media?parent=53698"}],"wp:term":[{"taxonomy":"product_brand","embeddable":true,"href":"https:\/\/rms-enlinea.com.ar\/tienda\/wp-json\/wp\/v2\/product_brand?post=53698"},{"taxonomy":"product_cat","embeddable":true,"href":"https:\/\/rms-enlinea.com.ar\/tienda\/wp-json\/wp\/v2\/product_cat?post=53698"},{"taxonomy":"product_tag","embeddable":true,"href":"https:\/\/rms-enlinea.com.ar\/tienda\/wp-json\/wp\/v2\/product_tag?post=53698"}],"curies":[{"name":"wp","href":"https:\/\/api.w.org\/{rel}","templated":true}]}}