{"id":53699,"date":"2025-08-09T09:40:08","date_gmt":"2025-08-09T12:40:08","guid":{"rendered":"https:\/\/rms-enlinea.com.ar\/tienda\/producto\/procesador-amd-ryzen-9-9900x3d-5-5-ghz-am5-s-cooler-c-gpu\/"},"modified":"2026-04-19T20:10:48","modified_gmt":"2026-04-19T23:10:48","slug":"procesador-amd-ryzen-9-9900x3d-5-5-ghz-am5-s-cooler-c-gpu","status":"publish","type":"product","link":"https:\/\/rms-enlinea.com.ar\/tienda\/producto\/procesador-amd-ryzen-9-9900x3d-5-5-ghz-am5-s-cooler-c-gpu\/","title":{"rendered":"Procesador Amd Ryzen 9 9900x3d 5.5 Ghz Am5 S\/cooler C\/gpu"},"content":{"rendered":"<p>Nombre<br \/>AMD Ryzen\u2122 9 9900X3D<br \/>Familia<br \/>Ryzen<br \/>Serie<br \/>Ryzen 9000 Series<br \/>Formato<br \/>Computadoras de escritorio , Procesador en caja<br \/>Market Segment<br \/>Enthusiast Desktop<br \/>AMD PRO Technologies<br \/>No<br \/>Disponibilidad regional<br \/>Global<br \/>Nombre de c\u00f3digo anterior<br \/>Granite Ridge AM5<br \/>Arquitectura<br \/>Zen 5<br \/>N.\u00ba de n\u00facleos de CPU<br \/>12<br \/>M\u00faltiples subprocesos (SMT)<br \/>S\u00ed<br \/>N.\u00ba de subprocesos<br \/>24<br \/>Reloj turbo m\u00e1ximo<br \/>Hasta 5.5 GHz<br \/>Reloj base<br \/>4.4 GHz<br \/>Cach\u00e9 L1<br \/>960 KB<br \/>Cach\u00e9 L2<br \/>12 MB<br \/>Cach\u00e9 L3<br \/>128 MB<br \/>TDP predeterminada<br \/>120W<br \/>Tecnolog\u00eda de procesador para n\u00facleos de CPU<br \/>TSMC 4nm FinFET<br \/>Tecnolog\u00eda de procesador para chip de E\/S<br \/>TSMC 6nm FinFET<br \/>Recuento del chip del paquete<br \/>3<br \/>Desbloqueado para overclocking<br \/>S\u00ed<br \/>AMD EXPO\u2122 Memory Overclocking Technology<br \/>S\u00ed<br \/>Precision Boost Overdrive<br \/>S\u00ed<br \/>Compensaciones de voltaje del optimizador de curva<br \/>S\u00ed<br \/>AMD Ryzen\u2122 Master Support<br \/>S\u00ed<br \/>Socket de CPU<br \/>AM5<br \/>Supporting Chipsets<br \/>A620 , X670E , X670 , B650E , B650 , X870E , X870 , B840 , B850<br \/>CPU Boost Technology<br \/>Precision Boost 2<br \/>Conjunto de instrucciones<br \/>x86-64<br \/>Extensiones compatibles<br \/>AES , AMD-V , AVX512 , AVX2 , AVX , FMA3 , MMX-plus , SHA , SSE2 , SSE4.2 , SSE4A , SSE4.1 , SSE3 , SSSE3 , SSE , x86-64<br \/>Soluci\u00f3n t\u00e9rmica (producto en caja)<br \/>No incluido<br \/>Recommended Cooler<br \/>Liquid cooler recommended for optimal performance<br \/>Temperatura de funcionamiento m\u00e1xima (Tjmax)<br \/>95\u00b0C<\/p>\n","protected":false},"excerpt":{"rendered":"<p>NombreAMD Ryzen\u2122 9 9900X3DFamiliaRyzenSerieRyzen 9000 SeriesFormatoComputadoras de escritorio , Procesador en cajaMarket SegmentEnthusiast DesktopAMD PRO TechnologiesNoDisponibilidad regionalGlobalNombre de c\u00f3digo anteriorGranite Ridge AM5ArquitecturaZen 5N.\u00ba de n\u00facleos de CPU12M\u00faltiples subprocesos (SMT)S\u00edN.\u00ba de subprocesos24Reloj turbo m\u00e1ximoHasta 5.5 GHzReloj base4.4 GHzCach\u00e9 L1960 KBCach\u00e9 L212 MBCach\u00e9 L3128 MBTDP predeterminada120WTecnolog\u00eda de procesador para n\u00facleos de CPUTSMC 4nm FinFETTecnolog\u00eda de procesador para [&hellip;]<\/p>\n","protected":false},"featured_media":5708,"comment_status":"open","ping_status":"closed","template":"","meta":{"_uag_custom_page_level_css":""},"product_brand":[531],"product_cat":[121],"product_tag":[],"class_list":{"0":"post-53699","1":"product","2":"type-product","3":"status-publish","4":"has-post-thumbnail","6":"product_brand-amd","7":"product_cat-procesadores-computacion","9":"first","10":"instock","11":"sale","12":"taxable","13":"shipping-taxable","14":"purchasable","15":"product-type-simple"},"uagb_featured_image_src":{"full":["https:\/\/rms-enlinea.com.ar\/wp-content\/uploads\/2025\/06\/D_746367-MLA82633768082_032025-F.jpg",913,1058,false],"thumbnail":["https:\/\/rms-enlinea.com.ar\/wp-content\/uploads\/2025\/06\/D_746367-MLA82633768082_032025-F-150x150.jpg",150,150,true],"medium":["https:\/\/rms-enlinea.com.ar\/wp-content\/uploads\/2025\/06\/D_746367-MLA82633768082_032025-F-259x300.jpg",259,300,true],"medium_large":["https:\/\/rms-enlinea.com.ar\/wp-content\/uploads\/2025\/06\/D_746367-MLA82633768082_032025-F-768x890.jpg",768,890,true],"large":["https:\/\/rms-enlinea.com.ar\/wp-content\/uploads\/2025\/06\/D_746367-MLA82633768082_032025-F-884x1024.jpg",884,1024,true],"1536x1536":["https:\/\/rms-enlinea.com.ar\/wp-content\/uploads\/2025\/06\/D_746367-MLA82633768082_032025-F.jpg",913,1058,false],"2048x2048":["https:\/\/rms-enlinea.com.ar\/wp-content\/uploads\/2025\/06\/D_746367-MLA82633768082_032025-F.jpg",913,1058,false],"woocommerce_thumbnail":["https:\/\/rms-enlinea.com.ar\/wp-content\/uploads\/2025\/06\/D_746367-MLA82633768082_032025-F-450x450.jpg",450,450,true],"woocommerce_single":["https:\/\/rms-enlinea.com.ar\/wp-content\/uploads\/2025\/06\/D_746367-MLA82633768082_032025-F-600x695.jpg",600,695,true],"woocommerce_gallery_thumbnail":["https:\/\/rms-enlinea.com.ar\/wp-content\/uploads\/2025\/06\/D_746367-MLA82633768082_032025-F-100x100.jpg",100,100,true]},"uagb_author_info":{"display_name":"nelson","author_link":"https:\/\/rms-enlinea.com.ar\/tienda\/author\/"},"uagb_comment_info":0,"uagb_excerpt":"NombreAMD Ryzen\u2122 9 9900X3DFamiliaRyzenSerieRyzen 9000 SeriesFormatoComputadoras de escritorio , Procesador en cajaMarket SegmentEnthusiast DesktopAMD PRO TechnologiesNoDisponibilidad regionalGlobalNombre de c\u00f3digo anteriorGranite Ridge AM5ArquitecturaZen 5N.\u00ba de n\u00facleos de CPU12M\u00faltiples subprocesos (SMT)S\u00edN.\u00ba de subprocesos24Reloj turbo m\u00e1ximoHasta 5.5 GHzReloj base4.4 GHzCach\u00e9 L1960 KBCach\u00e9 L212 MBCach\u00e9 L3128 MBTDP predeterminada120WTecnolog\u00eda de procesador para n\u00facleos de CPUTSMC 4nm FinFETTecnolog\u00eda de procesador para&hellip;","_links":{"self":[{"href":"https:\/\/rms-enlinea.com.ar\/tienda\/wp-json\/wp\/v2\/product\/53699","targetHints":{"allow":["GET"]}}],"collection":[{"href":"https:\/\/rms-enlinea.com.ar\/tienda\/wp-json\/wp\/v2\/product"}],"about":[{"href":"https:\/\/rms-enlinea.com.ar\/tienda\/wp-json\/wp\/v2\/types\/product"}],"replies":[{"embeddable":true,"href":"https:\/\/rms-enlinea.com.ar\/tienda\/wp-json\/wp\/v2\/comments?post=53699"}],"wp:featuredmedia":[{"embeddable":true,"href":"https:\/\/rms-enlinea.com.ar\/tienda\/wp-json\/wp\/v2\/media\/5708"}],"wp:attachment":[{"href":"https:\/\/rms-enlinea.com.ar\/tienda\/wp-json\/wp\/v2\/media?parent=53699"}],"wp:term":[{"taxonomy":"product_brand","embeddable":true,"href":"https:\/\/rms-enlinea.com.ar\/tienda\/wp-json\/wp\/v2\/product_brand?post=53699"},{"taxonomy":"product_cat","embeddable":true,"href":"https:\/\/rms-enlinea.com.ar\/tienda\/wp-json\/wp\/v2\/product_cat?post=53699"},{"taxonomy":"product_tag","embeddable":true,"href":"https:\/\/rms-enlinea.com.ar\/tienda\/wp-json\/wp\/v2\/product_tag?post=53699"}],"curies":[{"name":"wp","href":"https:\/\/api.w.org\/{rel}","templated":true}]}}