{"id":53722,"date":"2025-08-09T11:00:09","date_gmt":"2025-08-09T14:00:09","guid":{"rendered":"https:\/\/rms-enlinea.com.ar\/tienda\/producto\/escritorio-ergonomico-hidraulico-intelaid-it-mgh-740-1150mm\/"},"modified":"2026-04-06T13:28:39","modified_gmt":"2026-04-06T16:28:39","slug":"escritorio-ergonomico-hidraulico-intelaid-it-mgh-740-1150mm","status":"publish","type":"product","link":"https:\/\/rms-enlinea.com.ar\/tienda\/producto\/escritorio-ergonomico-hidraulico-intelaid-it-mgh-740-1150mm\/","title":{"rendered":"Escritorio Ergonomico Hidraulico Intelaid It-mgh 740-1150mm"},"content":{"rendered":"<p>Inicio \/ Gaming \/ Streaming \/ IT-MGH<br \/>IT-MGH<br \/>Especificaciones<br \/>Categor\u00eda de producto:\tEscritorio ergon\u00f3mico hidr\u00e1ulico<br \/>Material:\tTablero de Part\u00edculas &amp; Melamina, Acero, Pl\u00e1stico<br \/>Medidas del Tablero:\t1400x680mm<br \/>Rango de Altura:\t740-1150mm<br \/>Dimensiones:\t1400x680x740~1150mm<br \/>Grosor del Tablero:\t18mm<br \/>Capacidad de Peso:\t15kg<br \/>Color del Marco:\tNegro Mate<br \/>Color del Tablero:\tNegro<br \/>Cantidad de Piernas:\tDos Piernas<br \/>Orientaci\u00f3n del Marco:\tRectangular<br \/>Serigrafia:\tSe puede serigrafiar<br \/>Patas Ajustables:\tSi<br \/>Accesorios:\tBolsa de Pastico Normal\/Ziplock<\/p>\n","protected":false},"excerpt":{"rendered":"<p>Inicio \/ Gaming \/ Streaming \/ IT-MGHIT-MGHEspecificacionesCategor\u00eda de producto: Escritorio ergon\u00f3mico hidr\u00e1ulicoMaterial: Tablero de Part\u00edculas &amp; Melamina, Acero, Pl\u00e1sticoMedidas del Tablero: 1400x680mmRango de Altura: 740-1150mmDimensiones: 1400x680x740~1150mmGrosor del Tablero: 18mmCapacidad de Peso: 15kgColor del Marco: Negro MateColor del Tablero: NegroCantidad de Piernas: Dos PiernasOrientaci\u00f3n del Marco: RectangularSerigrafia: Se puede serigrafiarPatas Ajustables: SiAccesorios: Bolsa de Pastico Normal\/Ziplock<\/p>\n","protected":false},"featured_media":53723,"comment_status":"open","ping_status":"closed","template":"","meta":{"_uag_custom_page_level_css":""},"product_brand":[575],"product_cat":[461],"product_tag":[],"class_list":{"0":"post-53722","1":"product","2":"type-product","3":"status-publish","4":"has-post-thumbnail","6":"product_brand-intelaid","7":"product_cat-soportes-computacion","9":"first","10":"outofstock","11":"sale","12":"taxable","13":"shipping-taxable","14":"purchasable","15":"product-type-simple"},"uagb_featured_image_src":{"full":["https:\/\/rms-enlinea.com.ar\/wp-content\/uploads\/2025\/08\/D_801577-MLA89776639707_082025-F.jpg",1089,821,false],"thumbnail":["https:\/\/rms-enlinea.com.ar\/wp-content\/uploads\/2025\/08\/D_801577-MLA89776639707_082025-F-150x150.jpg",150,150,true],"medium":["https:\/\/rms-enlinea.com.ar\/wp-content\/uploads\/2025\/08\/D_801577-MLA89776639707_082025-F-300x226.jpg",300,226,true],"medium_large":["https:\/\/rms-enlinea.com.ar\/wp-content\/uploads\/2025\/08\/D_801577-MLA89776639707_082025-F-768x579.jpg",768,579,true],"large":["https:\/\/rms-enlinea.com.ar\/wp-content\/uploads\/2025\/08\/D_801577-MLA89776639707_082025-F-1024x772.jpg",1024,772,true],"1536x1536":["https:\/\/rms-enlinea.com.ar\/wp-content\/uploads\/2025\/08\/D_801577-MLA89776639707_082025-F.jpg",1089,821,false],"2048x2048":["https:\/\/rms-enlinea.com.ar\/wp-content\/uploads\/2025\/08\/D_801577-MLA89776639707_082025-F.jpg",1089,821,false],"woocommerce_thumbnail":["https:\/\/rms-enlinea.com.ar\/wp-content\/uploads\/2025\/08\/D_801577-MLA89776639707_082025-F-450x450.jpg",450,450,true],"woocommerce_single":["https:\/\/rms-enlinea.com.ar\/wp-content\/uploads\/2025\/08\/D_801577-MLA89776639707_082025-F-600x452.jpg",600,452,true],"woocommerce_gallery_thumbnail":["https:\/\/rms-enlinea.com.ar\/wp-content\/uploads\/2025\/08\/D_801577-MLA89776639707_082025-F-100x100.jpg",100,100,true]},"uagb_author_info":{"display_name":"nelson","author_link":"https:\/\/rms-enlinea.com.ar\/tienda\/author\/"},"uagb_comment_info":0,"uagb_excerpt":"Inicio \/ Gaming \/ Streaming \/ IT-MGHIT-MGHEspecificacionesCategor\u00eda de producto: Escritorio ergon\u00f3mico hidr\u00e1ulicoMaterial: Tablero de Part\u00edculas &amp; Melamina, Acero, Pl\u00e1sticoMedidas del Tablero: 1400x680mmRango de Altura: 740-1150mmDimensiones: 1400x680x740~1150mmGrosor del Tablero: 18mmCapacidad de Peso: 15kgColor del Marco: Negro MateColor del Tablero: NegroCantidad de Piernas: Dos PiernasOrientaci\u00f3n del Marco: RectangularSerigrafia: Se puede serigrafiarPatas Ajustables: SiAccesorios: Bolsa de Pastico Normal\/Ziplock","_links":{"self":[{"href":"https:\/\/rms-enlinea.com.ar\/tienda\/wp-json\/wp\/v2\/product\/53722","targetHints":{"allow":["GET"]}}],"collection":[{"href":"https:\/\/rms-enlinea.com.ar\/tienda\/wp-json\/wp\/v2\/product"}],"about":[{"href":"https:\/\/rms-enlinea.com.ar\/tienda\/wp-json\/wp\/v2\/types\/product"}],"replies":[{"embeddable":true,"href":"https:\/\/rms-enlinea.com.ar\/tienda\/wp-json\/wp\/v2\/comments?post=53722"}],"wp:featuredmedia":[{"embeddable":true,"href":"https:\/\/rms-enlinea.com.ar\/tienda\/wp-json\/wp\/v2\/media\/53723"}],"wp:attachment":[{"href":"https:\/\/rms-enlinea.com.ar\/tienda\/wp-json\/wp\/v2\/media?parent=53722"}],"wp:term":[{"taxonomy":"product_brand","embeddable":true,"href":"https:\/\/rms-enlinea.com.ar\/tienda\/wp-json\/wp\/v2\/product_brand?post=53722"},{"taxonomy":"product_cat","embeddable":true,"href":"https:\/\/rms-enlinea.com.ar\/tienda\/wp-json\/wp\/v2\/product_cat?post=53722"},{"taxonomy":"product_tag","embeddable":true,"href":"https:\/\/rms-enlinea.com.ar\/tienda\/wp-json\/wp\/v2\/product_tag?post=53722"}],"curies":[{"name":"wp","href":"https:\/\/api.w.org\/{rel}","templated":true}]}}