{"id":53731,"date":"2025-08-09T11:10:27","date_gmt":"2025-08-09T14:10:27","guid":{"rendered":"https:\/\/rms-enlinea.com.ar\/tienda\/producto\/soporte-tv-led-inclinable-vesa-30kg-23-a-42-intelaid-it-t22\/"},"modified":"2026-04-06T14:25:00","modified_gmt":"2026-04-06T17:25:00","slug":"soporte-tv-led-inclinable-vesa-30kg-23-a-42-intelaid-it-t22","status":"publish","type":"product","link":"https:\/\/rms-enlinea.com.ar\/tienda\/producto\/soporte-tv-led-inclinable-vesa-30kg-23-a-42-intelaid-it-t22\/","title":{"rendered":"Soporte Tv Led Inclinable Vesa 30kg 23 A 42 Intelaid It-t22"},"content":{"rendered":"<p>Modelo<\/p>\n<p>IT-T22<br \/>Patr\u00f3n de orificio de montaje:<\/p>\n<p>VESA &amp; Universal<br \/>Rango de inclinaci\u00f3n:<\/p>\n<p>?12\u00b0?-12\u00b0<br \/>Nivel burbuja:<\/p>\n<p>Nivel de burbuja incorporado (integrado en la placa de pared)<br \/>Perfil<\/p>\n<p>53 mm<br \/>Instalaci\u00f3n<\/p>\n<p>Pared s\u00f3lida<br \/>Tipo de panel:<\/p>\n<p>Panel desmontable<br \/>Material<\/p>\n<p>Acero<br \/>Tama\u00f1o de pantalla recomendado:<\/p>\n<p>23?-42?<br \/>Dimensiones<\/p>\n<p>243x225x53mm<br \/>Capacidad de peso:<\/p>\n<p>30 kg<br \/>VESA Compatible:<\/p>\n<p>75\u00d775, 100\u00d7100, 200\u00d7100, 200\u00d7200<br \/>VESA maxima compatible:<\/p>\n<p>200\u00d7200<br \/>Tama\u00f1o m\u00e1ximo de la pantalla<\/p>\n<p>65 &#8220;<br \/>Tama\u00f1o m\u00ednimo de la pantalla<\/p>\n<p>32 &#8220;<\/p>\n","protected":false},"excerpt":{"rendered":"<p>Modelo IT-T22Patr\u00f3n de orificio de montaje: VESA &amp; UniversalRango de inclinaci\u00f3n: ?12\u00b0?-12\u00b0Nivel burbuja: Nivel de burbuja incorporado (integrado en la placa de pared)Perfil 53 mmInstalaci\u00f3n Pared s\u00f3lidaTipo de panel: Panel desmontableMaterial AceroTama\u00f1o de pantalla recomendado: 23?-42?Dimensiones 243x225x53mmCapacidad de peso: 30 kgVESA Compatible: 75\u00d775, 100\u00d7100, 200\u00d7100, 200\u00d7200VESA maxima compatible: 200\u00d7200Tama\u00f1o m\u00e1ximo de la pantalla 65 &#8220;Tama\u00f1o [&hellip;]<\/p>\n","protected":false},"featured_media":53732,"comment_status":"open","ping_status":"closed","template":"","meta":{"_uag_custom_page_level_css":""},"product_brand":[575],"product_cat":[461],"product_tag":[],"class_list":{"0":"post-53731","1":"product","2":"type-product","3":"status-publish","4":"has-post-thumbnail","6":"product_brand-intelaid","7":"product_cat-soportes-computacion","9":"first","10":"instock","11":"sale","12":"taxable","13":"shipping-taxable","14":"purchasable","15":"product-type-simple"},"uagb_featured_image_src":{"full":["https:\/\/rms-enlinea.com.ar\/wp-content\/uploads\/2025\/08\/D_806701-MLA89777435401_082025-F.jpg",1128,1200,false],"thumbnail":["https:\/\/rms-enlinea.com.ar\/wp-content\/uploads\/2025\/08\/D_806701-MLA89777435401_082025-F-150x150.jpg",150,150,true],"medium":["https:\/\/rms-enlinea.com.ar\/wp-content\/uploads\/2025\/08\/D_806701-MLA89777435401_082025-F-282x300.jpg",282,300,true],"medium_large":["https:\/\/rms-enlinea.com.ar\/wp-content\/uploads\/2025\/08\/D_806701-MLA89777435401_082025-F-768x817.jpg",768,817,true],"large":["https:\/\/rms-enlinea.com.ar\/wp-content\/uploads\/2025\/08\/D_806701-MLA89777435401_082025-F-963x1024.jpg",963,1024,true],"1536x1536":["https:\/\/rms-enlinea.com.ar\/wp-content\/uploads\/2025\/08\/D_806701-MLA89777435401_082025-F.jpg",1128,1200,false],"2048x2048":["https:\/\/rms-enlinea.com.ar\/wp-content\/uploads\/2025\/08\/D_806701-MLA89777435401_082025-F.jpg",1128,1200,false],"woocommerce_thumbnail":["https:\/\/rms-enlinea.com.ar\/wp-content\/uploads\/2025\/08\/D_806701-MLA89777435401_082025-F-450x450.jpg",450,450,true],"woocommerce_single":["https:\/\/rms-enlinea.com.ar\/wp-content\/uploads\/2025\/08\/D_806701-MLA89777435401_082025-F-600x638.jpg",600,638,true],"woocommerce_gallery_thumbnail":["https:\/\/rms-enlinea.com.ar\/wp-content\/uploads\/2025\/08\/D_806701-MLA89777435401_082025-F-100x100.jpg",100,100,true]},"uagb_author_info":{"display_name":"nelson","author_link":"https:\/\/rms-enlinea.com.ar\/tienda\/author\/"},"uagb_comment_info":0,"uagb_excerpt":"Modelo IT-T22Patr\u00f3n de orificio de montaje: VESA &amp; UniversalRango de inclinaci\u00f3n: ?12\u00b0?-12\u00b0Nivel burbuja: Nivel de burbuja incorporado (integrado en la placa de pared)Perfil 53 mmInstalaci\u00f3n Pared s\u00f3lidaTipo de panel: Panel desmontableMaterial AceroTama\u00f1o de pantalla recomendado: 23?-42?Dimensiones 243x225x53mmCapacidad de peso: 30 kgVESA Compatible: 75\u00d775, 100\u00d7100, 200\u00d7100, 200\u00d7200VESA maxima compatible: 200\u00d7200Tama\u00f1o m\u00e1ximo de la pantalla 65 &#8220;Tama\u00f1o&hellip;","_links":{"self":[{"href":"https:\/\/rms-enlinea.com.ar\/tienda\/wp-json\/wp\/v2\/product\/53731","targetHints":{"allow":["GET"]}}],"collection":[{"href":"https:\/\/rms-enlinea.com.ar\/tienda\/wp-json\/wp\/v2\/product"}],"about":[{"href":"https:\/\/rms-enlinea.com.ar\/tienda\/wp-json\/wp\/v2\/types\/product"}],"replies":[{"embeddable":true,"href":"https:\/\/rms-enlinea.com.ar\/tienda\/wp-json\/wp\/v2\/comments?post=53731"}],"wp:featuredmedia":[{"embeddable":true,"href":"https:\/\/rms-enlinea.com.ar\/tienda\/wp-json\/wp\/v2\/media\/53732"}],"wp:attachment":[{"href":"https:\/\/rms-enlinea.com.ar\/tienda\/wp-json\/wp\/v2\/media?parent=53731"}],"wp:term":[{"taxonomy":"product_brand","embeddable":true,"href":"https:\/\/rms-enlinea.com.ar\/tienda\/wp-json\/wp\/v2\/product_brand?post=53731"},{"taxonomy":"product_cat","embeddable":true,"href":"https:\/\/rms-enlinea.com.ar\/tienda\/wp-json\/wp\/v2\/product_cat?post=53731"},{"taxonomy":"product_tag","embeddable":true,"href":"https:\/\/rms-enlinea.com.ar\/tienda\/wp-json\/wp\/v2\/product_tag?post=53731"}],"curies":[{"name":"wp","href":"https:\/\/api.w.org\/{rel}","templated":true}]}}