{"id":53734,"date":"2025-08-09T11:10:37","date_gmt":"2025-08-09T14:10:37","guid":{"rendered":"https:\/\/rms-enlinea.com.ar\/tienda\/producto\/soporte-intelaid-tv-fijo-13-a-27-vesa-100x100-it-us102v\/"},"modified":"2026-04-21T04:08:19","modified_gmt":"2026-04-21T07:08:19","slug":"soporte-intelaid-tv-fijo-13-a-27-vesa-100x100-it-us102v","status":"publish","type":"product","link":"https:\/\/rms-enlinea.com.ar\/tienda\/producto\/soporte-intelaid-tv-fijo-13-a-27-vesa-100x100-it-us102v\/","title":{"rendered":"Soporte Intelaid Tv Fijo 13 A 27 Vesa 100&#215;100 It-us102v"},"content":{"rendered":"<p>Marca<\/p>\n<p>Intelaid<br \/>Tipos de pantallas soportadas<\/p>\n<p>LED<br \/>Es articulado<\/p>\n<p>No<br \/>Es fijo<\/p>\n<p>S\u00ed<br \/>Es inclinable<\/p>\n<p>S\u00ed<br \/>Tama\u00f1o m\u00e1ximo de la pantalla<\/p>\n<p>23 &#8220;<br \/>Peso m\u00e1ximo soportado<\/p>\n<p>30 kg<br \/>Tama\u00f1o m\u00ednimo de la pantalla<\/p>\n<p>10 &#8220;<br \/>Modelo<\/p>\n<p>It-us102v<br \/>Lugar de montaje<\/p>\n<p>Pared<br \/>Est\u00e1ndares VESA<\/p>\n<p>100&#215;100<\/p>\n","protected":false},"excerpt":{"rendered":"<p>Marca IntelaidTipos de pantallas soportadas LEDEs articulado NoEs fijo S\u00edEs inclinable S\u00edTama\u00f1o m\u00e1ximo de la pantalla 23 &#8220;Peso m\u00e1ximo soportado 30 kgTama\u00f1o m\u00ednimo de la pantalla 10 &#8220;Modelo It-us102vLugar de montaje ParedEst\u00e1ndares VESA 100&#215;100<\/p>\n","protected":false},"featured_media":53735,"comment_status":"open","ping_status":"closed","template":"","meta":{"_uag_custom_page_level_css":""},"product_brand":[575],"product_cat":[461],"product_tag":[],"class_list":{"0":"post-53734","1":"product","2":"type-product","3":"status-publish","4":"has-post-thumbnail","6":"product_brand-intelaid","7":"product_cat-soportes-computacion","9":"first","10":"outofstock","11":"sale","12":"taxable","13":"shipping-taxable","14":"purchasable","15":"product-type-simple"},"uagb_featured_image_src":{"full":["https:\/\/rms-enlinea.com.ar\/wp-content\/uploads\/2025\/08\/D_766353-MLA89409997182_082025-F.jpg",1134,1182,false],"thumbnail":["https:\/\/rms-enlinea.com.ar\/wp-content\/uploads\/2025\/08\/D_766353-MLA89409997182_082025-F-150x150.jpg",150,150,true],"medium":["https:\/\/rms-enlinea.com.ar\/wp-content\/uploads\/2025\/08\/D_766353-MLA89409997182_082025-F-288x300.jpg",288,300,true],"medium_large":["https:\/\/rms-enlinea.com.ar\/wp-content\/uploads\/2025\/08\/D_766353-MLA89409997182_082025-F-768x801.jpg",768,801,true],"large":["https:\/\/rms-enlinea.com.ar\/wp-content\/uploads\/2025\/08\/D_766353-MLA89409997182_082025-F-982x1024.jpg",982,1024,true],"1536x1536":["https:\/\/rms-enlinea.com.ar\/wp-content\/uploads\/2025\/08\/D_766353-MLA89409997182_082025-F.jpg",1134,1182,false],"2048x2048":["https:\/\/rms-enlinea.com.ar\/wp-content\/uploads\/2025\/08\/D_766353-MLA89409997182_082025-F.jpg",1134,1182,false],"woocommerce_thumbnail":["https:\/\/rms-enlinea.com.ar\/wp-content\/uploads\/2025\/08\/D_766353-MLA89409997182_082025-F-450x450.jpg",450,450,true],"woocommerce_single":["https:\/\/rms-enlinea.com.ar\/wp-content\/uploads\/2025\/08\/D_766353-MLA89409997182_082025-F-600x625.jpg",600,625,true],"woocommerce_gallery_thumbnail":["https:\/\/rms-enlinea.com.ar\/wp-content\/uploads\/2025\/08\/D_766353-MLA89409997182_082025-F-100x100.jpg",100,100,true]},"uagb_author_info":{"display_name":"nelson","author_link":"https:\/\/rms-enlinea.com.ar\/tienda\/author\/"},"uagb_comment_info":0,"uagb_excerpt":"Marca IntelaidTipos de pantallas soportadas LEDEs articulado NoEs fijo S\u00edEs inclinable S\u00edTama\u00f1o m\u00e1ximo de la pantalla 23 &#8220;Peso m\u00e1ximo soportado 30 kgTama\u00f1o m\u00ednimo de la pantalla 10 &#8220;Modelo It-us102vLugar de montaje ParedEst\u00e1ndares VESA 100&#215;100","_links":{"self":[{"href":"https:\/\/rms-enlinea.com.ar\/tienda\/wp-json\/wp\/v2\/product\/53734","targetHints":{"allow":["GET"]}}],"collection":[{"href":"https:\/\/rms-enlinea.com.ar\/tienda\/wp-json\/wp\/v2\/product"}],"about":[{"href":"https:\/\/rms-enlinea.com.ar\/tienda\/wp-json\/wp\/v2\/types\/product"}],"replies":[{"embeddable":true,"href":"https:\/\/rms-enlinea.com.ar\/tienda\/wp-json\/wp\/v2\/comments?post=53734"}],"wp:featuredmedia":[{"embeddable":true,"href":"https:\/\/rms-enlinea.com.ar\/tienda\/wp-json\/wp\/v2\/media\/53735"}],"wp:attachment":[{"href":"https:\/\/rms-enlinea.com.ar\/tienda\/wp-json\/wp\/v2\/media?parent=53734"}],"wp:term":[{"taxonomy":"product_brand","embeddable":true,"href":"https:\/\/rms-enlinea.com.ar\/tienda\/wp-json\/wp\/v2\/product_brand?post=53734"},{"taxonomy":"product_cat","embeddable":true,"href":"https:\/\/rms-enlinea.com.ar\/tienda\/wp-json\/wp\/v2\/product_cat?post=53734"},{"taxonomy":"product_tag","embeddable":true,"href":"https:\/\/rms-enlinea.com.ar\/tienda\/wp-json\/wp\/v2\/product_tag?post=53734"}],"curies":[{"name":"wp","href":"https:\/\/api.w.org\/{rel}","templated":true}]}}