{"id":53747,"date":"2025-08-09T11:50:10","date_gmt":"2025-08-09T14:50:10","guid":{"rendered":"https:\/\/rms-enlinea.com.ar\/tienda\/producto\/soporte-adaptador-intelaid-para-monitor-sin-vesa-13-27-it-ds\/"},"modified":"2026-03-31T19:34:24","modified_gmt":"2026-03-31T22:34:24","slug":"soporte-adaptador-intelaid-para-monitor-sin-vesa-13-27-it-ds","status":"publish","type":"product","link":"https:\/\/rms-enlinea.com.ar\/tienda\/producto\/soporte-adaptador-intelaid-para-monitor-sin-vesa-13-27-it-ds\/","title":{"rendered":"Soporte Adaptador Intelaid Para Monitor Sin Vesa 13\/27 It-ds"},"content":{"rendered":"<p>Marca<\/p>\n<p>Intelaid<br \/>Tipos de pantallas soportadas<\/p>\n<p>TV \/ LED \/ LCD<br \/>C\u00f3digo universal de producto<\/p>\n<p>4805726470115<br \/>Es articulado<\/p>\n<p>S\u00ed<br \/>Es fijo<\/p>\n<p>No<br \/>Es inclinable<\/p>\n<p>S\u00ed<br \/>Tama\u00f1o m\u00e1ximo de la pantalla<\/p>\n<p>27 &#8220;<br \/>Tama\u00f1o m\u00ednimo de la pantalla<\/p>\n<p>13 &#8220;<br \/>Modelo<\/p>\n<p>IT-DSX<br \/>Lugar de montaje<\/p>\n<p>Mesa<br \/>Est\u00e1ndares VESA<\/p>\n<p>75X75 100X100<\/p>\n","protected":false},"excerpt":{"rendered":"<p>Marca IntelaidTipos de pantallas soportadas TV \/ LED \/ LCDC\u00f3digo universal de producto 4805726470115Es articulado S\u00edEs fijo NoEs inclinable S\u00edTama\u00f1o m\u00e1ximo de la pantalla 27 &#8220;Tama\u00f1o m\u00ednimo de la pantalla 13 &#8220;Modelo IT-DSXLugar de montaje MesaEst\u00e1ndares VESA 75X75 100X100<\/p>\n","protected":false},"featured_media":53748,"comment_status":"open","ping_status":"closed","template":"","meta":{"_uag_custom_page_level_css":""},"product_brand":[575],"product_cat":[461],"product_tag":[],"class_list":{"0":"post-53747","1":"product","2":"type-product","3":"status-publish","4":"has-post-thumbnail","6":"product_brand-intelaid","7":"product_cat-soportes-computacion","9":"first","10":"outofstock","11":"sale","12":"taxable","13":"shipping-taxable","14":"purchasable","15":"product-type-simple"},"uagb_featured_image_src":{"full":["https:\/\/rms-enlinea.com.ar\/wp-content\/uploads\/2025\/08\/D_672505-MLA89777961621_082025-F.jpg",897,1200,false],"thumbnail":["https:\/\/rms-enlinea.com.ar\/wp-content\/uploads\/2025\/08\/D_672505-MLA89777961621_082025-F-150x150.jpg",150,150,true],"medium":["https:\/\/rms-enlinea.com.ar\/wp-content\/uploads\/2025\/08\/D_672505-MLA89777961621_082025-F-224x300.jpg",224,300,true],"medium_large":["https:\/\/rms-enlinea.com.ar\/wp-content\/uploads\/2025\/08\/D_672505-MLA89777961621_082025-F-768x1027.jpg",768,1027,true],"large":["https:\/\/rms-enlinea.com.ar\/wp-content\/uploads\/2025\/08\/D_672505-MLA89777961621_082025-F-765x1024.jpg",765,1024,true],"1536x1536":["https:\/\/rms-enlinea.com.ar\/wp-content\/uploads\/2025\/08\/D_672505-MLA89777961621_082025-F.jpg",897,1200,false],"2048x2048":["https:\/\/rms-enlinea.com.ar\/wp-content\/uploads\/2025\/08\/D_672505-MLA89777961621_082025-F.jpg",897,1200,false],"woocommerce_thumbnail":["https:\/\/rms-enlinea.com.ar\/wp-content\/uploads\/2025\/08\/D_672505-MLA89777961621_082025-F-450x450.jpg",450,450,true],"woocommerce_single":["https:\/\/rms-enlinea.com.ar\/wp-content\/uploads\/2025\/08\/D_672505-MLA89777961621_082025-F-600x803.jpg",600,803,true],"woocommerce_gallery_thumbnail":["https:\/\/rms-enlinea.com.ar\/wp-content\/uploads\/2025\/08\/D_672505-MLA89777961621_082025-F-100x100.jpg",100,100,true]},"uagb_author_info":{"display_name":"nelson","author_link":"https:\/\/rms-enlinea.com.ar\/tienda\/author\/"},"uagb_comment_info":0,"uagb_excerpt":"Marca IntelaidTipos de pantallas soportadas TV \/ LED \/ LCDC\u00f3digo universal de producto 4805726470115Es articulado S\u00edEs fijo NoEs inclinable S\u00edTama\u00f1o m\u00e1ximo de la pantalla 27 &#8220;Tama\u00f1o m\u00ednimo de la pantalla 13 &#8220;Modelo IT-DSXLugar de montaje MesaEst\u00e1ndares VESA 75X75 100X100","_links":{"self":[{"href":"https:\/\/rms-enlinea.com.ar\/tienda\/wp-json\/wp\/v2\/product\/53747","targetHints":{"allow":["GET"]}}],"collection":[{"href":"https:\/\/rms-enlinea.com.ar\/tienda\/wp-json\/wp\/v2\/product"}],"about":[{"href":"https:\/\/rms-enlinea.com.ar\/tienda\/wp-json\/wp\/v2\/types\/product"}],"replies":[{"embeddable":true,"href":"https:\/\/rms-enlinea.com.ar\/tienda\/wp-json\/wp\/v2\/comments?post=53747"}],"wp:featuredmedia":[{"embeddable":true,"href":"https:\/\/rms-enlinea.com.ar\/tienda\/wp-json\/wp\/v2\/media\/53748"}],"wp:attachment":[{"href":"https:\/\/rms-enlinea.com.ar\/tienda\/wp-json\/wp\/v2\/media?parent=53747"}],"wp:term":[{"taxonomy":"product_brand","embeddable":true,"href":"https:\/\/rms-enlinea.com.ar\/tienda\/wp-json\/wp\/v2\/product_brand?post=53747"},{"taxonomy":"product_cat","embeddable":true,"href":"https:\/\/rms-enlinea.com.ar\/tienda\/wp-json\/wp\/v2\/product_cat?post=53747"},{"taxonomy":"product_tag","embeddable":true,"href":"https:\/\/rms-enlinea.com.ar\/tienda\/wp-json\/wp\/v2\/product_tag?post=53747"}],"curies":[{"name":"wp","href":"https:\/\/api.w.org\/{rel}","templated":true}]}}