{"id":53756,"date":"2025-08-10T17:00:28","date_gmt":"2025-08-10T20:00:28","guid":{"rendered":"https:\/\/rms-enlinea.com.ar\/tienda\/producto\/adaptador-usb-wifi-nano-tp-link-t3u-ac1300-dual-band\/"},"modified":"2026-04-21T04:59:43","modified_gmt":"2026-04-21T07:59:43","slug":"adaptador-usb-wifi-nano-tp-link-t3u-ac1300-dual-band","status":"publish","type":"product","link":"https:\/\/rms-enlinea.com.ar\/tienda\/producto\/adaptador-usb-wifi-nano-tp-link-t3u-ac1300-dual-band\/","title":{"rendered":"Adaptador Usb Wifi Nano Tp-link T3u Ac1300 Dual Band"},"content":{"rendered":"<p>CARACTER\u00cdSTICAS DE HARDWARE <br \/>Interface\tUSB 2.0<br \/>LED\tStatus<br \/>Dimensiones\t0.78 \u00d7 0.62 \u00d7 0.29 in (19.85 \u00d7 15.7 \u00d7 7.39 mm)<br \/>CARACTER\u00cdSTICAS INAL\u00c1MBRICAS <br \/>Est\u00e1ndares inal\u00e1mbricos\tIEEE 802.11b\/g\/n 2.4 GHz, IEEE 802.11a\/n\/ac 5 GHz<br \/>Frecuencia\t2.4 GHz, 5 GHz<br \/>Modos inal\u00e1mbricos\tAd-Hoc \/ Infrastructure Mode<br \/>Seguridad inal\u00e1mbrica\tWEP, WPA\/WPA2\/WPA3, WPA-PSK\/ WPA2-PSK, WPA3-SAE<br \/>Tecnolog\u00eda de modulaci\u00f3n\tDBPSK, DQPSK, CCK, OFDM, 16-QAM, 64-QAM, 256-QAM<\/p>\n","protected":false},"excerpt":{"rendered":"<p>CARACTER\u00cdSTICAS DE HARDWARE Interface USB 2.0LED StatusDimensiones 0.78 \u00d7 0.62 \u00d7 0.29 in (19.85 \u00d7 15.7 \u00d7 7.39 mm)CARACTER\u00cdSTICAS INAL\u00c1MBRICAS Est\u00e1ndares inal\u00e1mbricos IEEE 802.11b\/g\/n 2.4 GHz, IEEE 802.11a\/n\/ac 5 GHzFrecuencia 2.4 GHz, 5 GHzModos inal\u00e1mbricos Ad-Hoc \/ Infrastructure ModeSeguridad inal\u00e1mbrica WEP, WPA\/WPA2\/WPA3, WPA-PSK\/ WPA2-PSK, WPA3-SAETecnolog\u00eda de modulaci\u00f3n DBPSK, DQPSK, CCK, OFDM, 16-QAM, 64-QAM, 256-QAM<\/p>\n","protected":false},"featured_media":25430,"comment_status":"open","ping_status":"closed","template":"","meta":{"_uag_custom_page_level_css":""},"product_brand":[546],"product_cat":[122],"product_tag":[],"class_list":{"0":"post-53756","1":"product","2":"type-product","3":"status-publish","4":"has-post-thumbnail","6":"product_brand-tplink","7":"product_cat-redes-y-conectividad","9":"first","10":"outofstock","11":"sale","12":"taxable","13":"shipping-taxable","14":"purchasable","15":"product-type-simple"},"uagb_featured_image_src":{"full":["https:\/\/rms-enlinea.com.ar\/wp-content\/uploads\/2025\/06\/D_721923-MLU73202182460_122023-F.jpg",756,933,false],"thumbnail":["https:\/\/rms-enlinea.com.ar\/wp-content\/uploads\/2025\/06\/D_721923-MLU73202182460_122023-F-150x150.jpg",150,150,true],"medium":["https:\/\/rms-enlinea.com.ar\/wp-content\/uploads\/2025\/06\/D_721923-MLU73202182460_122023-F-243x300.jpg",243,300,true],"medium_large":["https:\/\/rms-enlinea.com.ar\/wp-content\/uploads\/2025\/06\/D_721923-MLU73202182460_122023-F.jpg",756,933,false],"large":["https:\/\/rms-enlinea.com.ar\/wp-content\/uploads\/2025\/06\/D_721923-MLU73202182460_122023-F.jpg",756,933,false],"1536x1536":["https:\/\/rms-enlinea.com.ar\/wp-content\/uploads\/2025\/06\/D_721923-MLU73202182460_122023-F.jpg",756,933,false],"2048x2048":["https:\/\/rms-enlinea.com.ar\/wp-content\/uploads\/2025\/06\/D_721923-MLU73202182460_122023-F.jpg",756,933,false],"woocommerce_thumbnail":["https:\/\/rms-enlinea.com.ar\/wp-content\/uploads\/2025\/06\/D_721923-MLU73202182460_122023-F-450x450.jpg",450,450,true],"woocommerce_single":["https:\/\/rms-enlinea.com.ar\/wp-content\/uploads\/2025\/06\/D_721923-MLU73202182460_122023-F-600x740.jpg",600,740,true],"woocommerce_gallery_thumbnail":["https:\/\/rms-enlinea.com.ar\/wp-content\/uploads\/2025\/06\/D_721923-MLU73202182460_122023-F-100x100.jpg",100,100,true]},"uagb_author_info":{"display_name":"nelson","author_link":"https:\/\/rms-enlinea.com.ar\/tienda\/author\/"},"uagb_comment_info":0,"uagb_excerpt":"CARACTER\u00cdSTICAS DE HARDWARE Interface USB 2.0LED StatusDimensiones 0.78 \u00d7 0.62 \u00d7 0.29 in (19.85 \u00d7 15.7 \u00d7 7.39 mm)CARACTER\u00cdSTICAS INAL\u00c1MBRICAS Est\u00e1ndares inal\u00e1mbricos IEEE 802.11b\/g\/n 2.4 GHz, IEEE 802.11a\/n\/ac 5 GHzFrecuencia 2.4 GHz, 5 GHzModos inal\u00e1mbricos Ad-Hoc \/ Infrastructure ModeSeguridad inal\u00e1mbrica WEP, WPA\/WPA2\/WPA3, WPA-PSK\/ WPA2-PSK, WPA3-SAETecnolog\u00eda de modulaci\u00f3n DBPSK, DQPSK, CCK, OFDM, 16-QAM, 64-QAM, 256-QAM","_links":{"self":[{"href":"https:\/\/rms-enlinea.com.ar\/tienda\/wp-json\/wp\/v2\/product\/53756","targetHints":{"allow":["GET"]}}],"collection":[{"href":"https:\/\/rms-enlinea.com.ar\/tienda\/wp-json\/wp\/v2\/product"}],"about":[{"href":"https:\/\/rms-enlinea.com.ar\/tienda\/wp-json\/wp\/v2\/types\/product"}],"replies":[{"embeddable":true,"href":"https:\/\/rms-enlinea.com.ar\/tienda\/wp-json\/wp\/v2\/comments?post=53756"}],"wp:featuredmedia":[{"embeddable":true,"href":"https:\/\/rms-enlinea.com.ar\/tienda\/wp-json\/wp\/v2\/media\/25430"}],"wp:attachment":[{"href":"https:\/\/rms-enlinea.com.ar\/tienda\/wp-json\/wp\/v2\/media?parent=53756"}],"wp:term":[{"taxonomy":"product_brand","embeddable":true,"href":"https:\/\/rms-enlinea.com.ar\/tienda\/wp-json\/wp\/v2\/product_brand?post=53756"},{"taxonomy":"product_cat","embeddable":true,"href":"https:\/\/rms-enlinea.com.ar\/tienda\/wp-json\/wp\/v2\/product_cat?post=53756"},{"taxonomy":"product_tag","embeddable":true,"href":"https:\/\/rms-enlinea.com.ar\/tienda\/wp-json\/wp\/v2\/product_tag?post=53756"}],"curies":[{"name":"wp","href":"https:\/\/api.w.org\/{rel}","templated":true}]}}