{"id":53757,"date":"2025-08-10T17:20:23","date_gmt":"2025-08-10T20:20:23","guid":{"rendered":"https:\/\/rms-enlinea.com.ar\/tienda\/producto\/router-wifi-2-antenas-300mbps-wisp-agile-tp-link-tl-wr850n\/"},"modified":"2026-04-21T06:08:16","modified_gmt":"2026-04-21T09:08:16","slug":"router-wifi-2-antenas-300mbps-wisp-agile-tp-link-tl-wr850n","status":"publish","type":"product","link":"https:\/\/rms-enlinea.com.ar\/tienda\/producto\/router-wifi-2-antenas-300mbps-wisp-agile-tp-link-tl-wr850n\/","title":{"rendered":"Router Wifi 2 Antenas 300mbps Wisp Agile Tp-link Tl-wr850n"},"content":{"rendered":"<p>CARACTER\u00cdSTICAS DE HARDWARE <br \/>Interface\t4 10\/100Mbps LAN PORTS<br \/> \t1 10\/100Mbps WAN PORT<br \/>Bot\u00f3n\tWPS\/RESET Button<br \/>Fuente de Alimentaci\u00f3n Externa\t9VDC \/ 0.6A<br \/>Est\u00e1ndares Inal\u00e1mbricos\tIEEE 802.11n, IEEE 802.11g, IEEE 802.11b<br \/>Dimensiones (W X D X H)\t7.2 x 5.0 x 1.4in.(182 x 128 x 35 mm)<br \/>Antena\t2 Antenas<br \/>CARACTER\u00cdSTICAS INAL\u00c1MBRICAS <br \/>Frecuencia\t2.4-2.4835GHz<br \/>Tasa de Se\u00f1al\t11n: Up to 300Mbps(dynamic)<br \/> \t11g: Up to 54Mbps(dynamic)<br \/> \t11b: Up to 11Mbps(dynamic)<br \/>Potencia de Transmision\tCE: &lt;20dBm<br \/> \tFCC: &lt;30dBm<br \/>Funciones Inal\u00e1mbricas\tEnable\/Disable Wireless Radio, WDS Bridge, WMM, Wireless Statistics<br \/>Seguridad Inal\u00e1mbrica\t64\/128-bit WEP, WPA \/ WPA2,WPA-PSK \/ WPA2-PSK<\/p>\n","protected":false},"excerpt":{"rendered":"<p>CARACTER\u00cdSTICAS DE HARDWARE Interface 4 10\/100Mbps LAN PORTS 1 10\/100Mbps WAN PORTBot\u00f3n WPS\/RESET ButtonFuente de Alimentaci\u00f3n Externa 9VDC \/ 0.6AEst\u00e1ndares Inal\u00e1mbricos IEEE 802.11n, IEEE 802.11g, IEEE 802.11bDimensiones (W X D X H) 7.2 x 5.0 x 1.4in.(182 x 128 x 35 mm)Antena 2 AntenasCARACTER\u00cdSTICAS INAL\u00c1MBRICAS Frecuencia 2.4-2.4835GHzTasa de Se\u00f1al 11n: Up to 300Mbps(dynamic) 11g: Up [&hellip;]<\/p>\n","protected":false},"featured_media":21471,"comment_status":"open","ping_status":"closed","template":"","meta":{"_uag_custom_page_level_css":""},"product_brand":[546],"product_cat":[122],"product_tag":[],"class_list":{"0":"post-53757","1":"product","2":"type-product","3":"status-publish","4":"has-post-thumbnail","6":"product_brand-tplink","7":"product_cat-redes-y-conectividad","9":"first","10":"outofstock","11":"sale","12":"taxable","13":"shipping-taxable","14":"purchasable","15":"product-type-simple"},"uagb_featured_image_src":{"full":["https:\/\/rms-enlinea.com.ar\/wp-content\/uploads\/2025\/06\/D_897497-MLU75457805439_032024-F.jpg",688,810,false],"thumbnail":["https:\/\/rms-enlinea.com.ar\/wp-content\/uploads\/2025\/06\/D_897497-MLU75457805439_032024-F-150x150.jpg",150,150,true],"medium":["https:\/\/rms-enlinea.com.ar\/wp-content\/uploads\/2025\/06\/D_897497-MLU75457805439_032024-F-255x300.jpg",255,300,true],"medium_large":["https:\/\/rms-enlinea.com.ar\/wp-content\/uploads\/2025\/06\/D_897497-MLU75457805439_032024-F.jpg",688,810,false],"large":["https:\/\/rms-enlinea.com.ar\/wp-content\/uploads\/2025\/06\/D_897497-MLU75457805439_032024-F.jpg",688,810,false],"1536x1536":["https:\/\/rms-enlinea.com.ar\/wp-content\/uploads\/2025\/06\/D_897497-MLU75457805439_032024-F.jpg",688,810,false],"2048x2048":["https:\/\/rms-enlinea.com.ar\/wp-content\/uploads\/2025\/06\/D_897497-MLU75457805439_032024-F.jpg",688,810,false],"woocommerce_thumbnail":["https:\/\/rms-enlinea.com.ar\/wp-content\/uploads\/2025\/06\/D_897497-MLU75457805439_032024-F-450x450.jpg",450,450,true],"woocommerce_single":["https:\/\/rms-enlinea.com.ar\/wp-content\/uploads\/2025\/06\/D_897497-MLU75457805439_032024-F-600x706.jpg",600,706,true],"woocommerce_gallery_thumbnail":["https:\/\/rms-enlinea.com.ar\/wp-content\/uploads\/2025\/06\/D_897497-MLU75457805439_032024-F-100x100.jpg",100,100,true]},"uagb_author_info":{"display_name":"nelson","author_link":"https:\/\/rms-enlinea.com.ar\/tienda\/author\/"},"uagb_comment_info":0,"uagb_excerpt":"CARACTER\u00cdSTICAS DE HARDWARE Interface 4 10\/100Mbps LAN PORTS 1 10\/100Mbps WAN PORTBot\u00f3n WPS\/RESET ButtonFuente de Alimentaci\u00f3n Externa 9VDC \/ 0.6AEst\u00e1ndares Inal\u00e1mbricos IEEE 802.11n, IEEE 802.11g, IEEE 802.11bDimensiones (W X D X H) 7.2 x 5.0 x 1.4in.(182 x 128 x 35 mm)Antena 2 AntenasCARACTER\u00cdSTICAS INAL\u00c1MBRICAS Frecuencia 2.4-2.4835GHzTasa de Se\u00f1al 11n: Up to 300Mbps(dynamic) 11g: Up&hellip;","_links":{"self":[{"href":"https:\/\/rms-enlinea.com.ar\/tienda\/wp-json\/wp\/v2\/product\/53757","targetHints":{"allow":["GET"]}}],"collection":[{"href":"https:\/\/rms-enlinea.com.ar\/tienda\/wp-json\/wp\/v2\/product"}],"about":[{"href":"https:\/\/rms-enlinea.com.ar\/tienda\/wp-json\/wp\/v2\/types\/product"}],"replies":[{"embeddable":true,"href":"https:\/\/rms-enlinea.com.ar\/tienda\/wp-json\/wp\/v2\/comments?post=53757"}],"wp:featuredmedia":[{"embeddable":true,"href":"https:\/\/rms-enlinea.com.ar\/tienda\/wp-json\/wp\/v2\/media\/21471"}],"wp:attachment":[{"href":"https:\/\/rms-enlinea.com.ar\/tienda\/wp-json\/wp\/v2\/media?parent=53757"}],"wp:term":[{"taxonomy":"product_brand","embeddable":true,"href":"https:\/\/rms-enlinea.com.ar\/tienda\/wp-json\/wp\/v2\/product_brand?post=53757"},{"taxonomy":"product_cat","embeddable":true,"href":"https:\/\/rms-enlinea.com.ar\/tienda\/wp-json\/wp\/v2\/product_cat?post=53757"},{"taxonomy":"product_tag","embeddable":true,"href":"https:\/\/rms-enlinea.com.ar\/tienda\/wp-json\/wp\/v2\/product_tag?post=53757"}],"curies":[{"name":"wp","href":"https:\/\/api.w.org\/{rel}","templated":true}]}}