{"id":53758,"date":"2025-08-10T17:20:32","date_gmt":"2025-08-10T20:20:32","guid":{"rendered":"https:\/\/rms-enlinea.com.ar\/tienda\/producto\/adaptador-usb-wifi-tp-link-archer-t4u-ac1300-dual-band\/"},"modified":"2026-03-31T18:59:42","modified_gmt":"2026-03-31T21:59:42","slug":"adaptador-usb-wifi-tp-link-archer-t4u-ac1300-dual-band","status":"publish","type":"product","link":"https:\/\/rms-enlinea.com.ar\/tienda\/producto\/adaptador-usb-wifi-tp-link-archer-t4u-ac1300-dual-band\/","title":{"rendered":"Adaptador Usb Wifi Tp-link Archer T4u Ac1300 Dual Band"},"content":{"rendered":"<p>CARACTER\u00cdSTICAS DE HARDWARE<br \/>Interface\tUSB 3.0<br \/>Bot\u00f3n\tBot\u00f3n WPS<br \/>Dimensiones (W X D X H)\t3.6\u00d71.2\u00d70.6 pulgadas. (92.2\u00d729\u00d714.6mm)<br \/>Antena\t2 High Gain External Antennas<br \/>Tipo de Antena\tOmnidireccional<br \/>Est\u00e1ndares Inal\u00e1mbricos \tIEEE 802.11ac, IEEE 802.11a,<br \/>IEEE 802.11n, IEEE 802.11g, IEEE 802.11b<br \/>Frecuencia \t5GHz<br \/>2.4GHz<br \/>Tasa de Se\u00f1al       \t5GHz<\/p>\n","protected":false},"excerpt":{"rendered":"<p>CARACTER\u00cdSTICAS DE HARDWAREInterface USB 3.0Bot\u00f3n Bot\u00f3n WPSDimensiones (W X D X H) 3.6\u00d71.2\u00d70.6 pulgadas. (92.2\u00d729\u00d714.6mm)Antena 2 High Gain External AntennasTipo de Antena OmnidireccionalEst\u00e1ndares Inal\u00e1mbricos IEEE 802.11ac, IEEE 802.11a,IEEE 802.11n, IEEE 802.11g, IEEE 802.11bFrecuencia 5GHz2.4GHzTasa de Se\u00f1al 5GHz<\/p>\n","protected":false},"featured_media":22656,"comment_status":"open","ping_status":"closed","template":"","meta":{"_uag_custom_page_level_css":""},"product_brand":[546],"product_cat":[122],"product_tag":[],"class_list":{"0":"post-53758","1":"product","2":"type-product","3":"status-publish","4":"has-post-thumbnail","6":"product_brand-tplink","7":"product_cat-redes-y-conectividad","9":"first","10":"outofstock","11":"sale","12":"taxable","13":"shipping-taxable","14":"purchasable","15":"product-type-simple"},"uagb_featured_image_src":{"full":["https:\/\/rms-enlinea.com.ar\/wp-content\/uploads\/2025\/06\/D_819663-MLU74018095324_012024-F.jpg",363,842,false],"thumbnail":["https:\/\/rms-enlinea.com.ar\/wp-content\/uploads\/2025\/06\/D_819663-MLU74018095324_012024-F-150x150.jpg",150,150,true],"medium":["https:\/\/rms-enlinea.com.ar\/wp-content\/uploads\/2025\/06\/D_819663-MLU74018095324_012024-F-129x300.jpg",129,300,true],"medium_large":["https:\/\/rms-enlinea.com.ar\/wp-content\/uploads\/2025\/06\/D_819663-MLU74018095324_012024-F.jpg",363,842,false],"large":["https:\/\/rms-enlinea.com.ar\/wp-content\/uploads\/2025\/06\/D_819663-MLU74018095324_012024-F.jpg",363,842,false],"1536x1536":["https:\/\/rms-enlinea.com.ar\/wp-content\/uploads\/2025\/06\/D_819663-MLU74018095324_012024-F.jpg",363,842,false],"2048x2048":["https:\/\/rms-enlinea.com.ar\/wp-content\/uploads\/2025\/06\/D_819663-MLU74018095324_012024-F.jpg",363,842,false],"woocommerce_thumbnail":["https:\/\/rms-enlinea.com.ar\/wp-content\/uploads\/2025\/06\/D_819663-MLU74018095324_012024-F-363x450.jpg",363,450,true],"woocommerce_single":["https:\/\/rms-enlinea.com.ar\/wp-content\/uploads\/2025\/06\/D_819663-MLU74018095324_012024-F.jpg",363,842,false],"woocommerce_gallery_thumbnail":["https:\/\/rms-enlinea.com.ar\/wp-content\/uploads\/2025\/06\/D_819663-MLU74018095324_012024-F-100x100.jpg",100,100,true]},"uagb_author_info":{"display_name":"nelson","author_link":"https:\/\/rms-enlinea.com.ar\/tienda\/author\/"},"uagb_comment_info":0,"uagb_excerpt":"CARACTER\u00cdSTICAS DE HARDWAREInterface USB 3.0Bot\u00f3n Bot\u00f3n WPSDimensiones (W X D X H) 3.6\u00d71.2\u00d70.6 pulgadas. (92.2\u00d729\u00d714.6mm)Antena 2 High Gain External AntennasTipo de Antena OmnidireccionalEst\u00e1ndares Inal\u00e1mbricos IEEE 802.11ac, IEEE 802.11a,IEEE 802.11n, IEEE 802.11g, IEEE 802.11bFrecuencia 5GHz2.4GHzTasa de Se\u00f1al 5GHz","_links":{"self":[{"href":"https:\/\/rms-enlinea.com.ar\/tienda\/wp-json\/wp\/v2\/product\/53758","targetHints":{"allow":["GET"]}}],"collection":[{"href":"https:\/\/rms-enlinea.com.ar\/tienda\/wp-json\/wp\/v2\/product"}],"about":[{"href":"https:\/\/rms-enlinea.com.ar\/tienda\/wp-json\/wp\/v2\/types\/product"}],"replies":[{"embeddable":true,"href":"https:\/\/rms-enlinea.com.ar\/tienda\/wp-json\/wp\/v2\/comments?post=53758"}],"wp:featuredmedia":[{"embeddable":true,"href":"https:\/\/rms-enlinea.com.ar\/tienda\/wp-json\/wp\/v2\/media\/22656"}],"wp:attachment":[{"href":"https:\/\/rms-enlinea.com.ar\/tienda\/wp-json\/wp\/v2\/media?parent=53758"}],"wp:term":[{"taxonomy":"product_brand","embeddable":true,"href":"https:\/\/rms-enlinea.com.ar\/tienda\/wp-json\/wp\/v2\/product_brand?post=53758"},{"taxonomy":"product_cat","embeddable":true,"href":"https:\/\/rms-enlinea.com.ar\/tienda\/wp-json\/wp\/v2\/product_cat?post=53758"},{"taxonomy":"product_tag","embeddable":true,"href":"https:\/\/rms-enlinea.com.ar\/tienda\/wp-json\/wp\/v2\/product_tag?post=53758"}],"curies":[{"name":"wp","href":"https:\/\/api.w.org\/{rel}","templated":true}]}}