{"id":53791,"date":"2025-08-10T20:50:11","date_gmt":"2025-08-10T23:50:11","guid":{"rendered":"https:\/\/rms-enlinea.com.ar\/tienda\/producto\/switch-tp-link-tl-sg1048-48-puertos-gigabit-1000mbps\/"},"modified":"2026-02-18T18:22:59","modified_gmt":"2026-02-18T21:22:59","slug":"switch-tp-link-tl-sg1048-48-puertos-gigabit-1000mbps","status":"publish","type":"product","link":"https:\/\/rms-enlinea.com.ar\/tienda\/producto\/switch-tp-link-tl-sg1048-48-puertos-gigabit-1000mbps\/","title":{"rendered":"Switch Tp-link Tl-sg1048 48 Puertos Gigabit 1000mbps"},"content":{"rendered":"<p>El conmutador Gigabit de 48 puertos TL-SG1048 est\u00e1 dise\u00f1ado para satisfacer las necesidades de los grupos de trabajo y los requisitos de conectividad departamentales m\u00e1s exigentes.<\/p>\n<p>CARACTER\u00cdSTICAS DE HARDWARE<br \/>\nEst\u00e1ndares y Protocolos IEEE 802.3i, IEEE 802.3u, IEEE 802.3ab, IEEE 802.3x<br \/>\nInterfaz 48 puertos RJ45 de 10\/100\/1000 Mbps (negociaci\u00f3n autom\u00e1tica \/ MDI autom\u00e1tico \/ MDIX)<br \/>\nMedios de Red 10BASE-T: UTP category 3, 4, 5 cable (maximum 100m)<br \/>\n100BASE-TX\/1000BASE-T: UTP category 5, 5e or above cable (maximum 100m)<br \/>\nBloqueo de Seguridad F\u00edsico No<\/p>\n","protected":false},"excerpt":{"rendered":"<p>El conmutador Gigabit de 48 puertos TL-SG1048 est\u00e1 dise\u00f1ado para satisfacer las necesidades de los grupos de trabajo y los requisitos de conectividad departamentales m\u00e1s exigentes. CARACTER\u00cdSTICAS DE HARDWARE Est\u00e1ndares y Protocolos IEEE 802.3i, IEEE 802.3u, IEEE 802.3ab, IEEE 802.3x Interfaz 48 puertos RJ45 de 10\/100\/1000 Mbps (negociaci\u00f3n autom\u00e1tica \/ MDI autom\u00e1tico \/ MDIX) Medios [&hellip;]<\/p>\n","protected":false},"featured_media":32562,"comment_status":"open","ping_status":"closed","template":"","meta":{"_uag_custom_page_level_css":""},"product_brand":[546],"product_cat":[122],"product_tag":[],"class_list":{"0":"post-53791","1":"product","2":"type-product","3":"status-publish","4":"has-post-thumbnail","6":"product_brand-tplink","7":"product_cat-redes-y-conectividad","9":"first","10":"outofstock","11":"sale","12":"taxable","13":"shipping-taxable","14":"purchasable","15":"product-type-simple"},"uagb_featured_image_src":{"full":["https:\/\/rms-enlinea.com.ar\/wp-content\/uploads\/2025\/06\/D_850526-MLA74782403679_022024-F.jpg",1196,507,false],"thumbnail":["https:\/\/rms-enlinea.com.ar\/wp-content\/uploads\/2025\/06\/D_850526-MLA74782403679_022024-F-150x150.jpg",150,150,true],"medium":["https:\/\/rms-enlinea.com.ar\/wp-content\/uploads\/2025\/06\/D_850526-MLA74782403679_022024-F-300x127.jpg",300,127,true],"medium_large":["https:\/\/rms-enlinea.com.ar\/wp-content\/uploads\/2025\/06\/D_850526-MLA74782403679_022024-F-768x326.jpg",768,326,true],"large":["https:\/\/rms-enlinea.com.ar\/wp-content\/uploads\/2025\/06\/D_850526-MLA74782403679_022024-F-1024x434.jpg",1024,434,true],"1536x1536":["https:\/\/rms-enlinea.com.ar\/wp-content\/uploads\/2025\/06\/D_850526-MLA74782403679_022024-F.jpg",1196,507,false],"2048x2048":["https:\/\/rms-enlinea.com.ar\/wp-content\/uploads\/2025\/06\/D_850526-MLA74782403679_022024-F.jpg",1196,507,false],"woocommerce_thumbnail":["https:\/\/rms-enlinea.com.ar\/wp-content\/uploads\/2025\/06\/D_850526-MLA74782403679_022024-F-450x450.jpg",450,450,true],"woocommerce_single":["https:\/\/rms-enlinea.com.ar\/wp-content\/uploads\/2025\/06\/D_850526-MLA74782403679_022024-F-600x254.jpg",600,254,true],"woocommerce_gallery_thumbnail":["https:\/\/rms-enlinea.com.ar\/wp-content\/uploads\/2025\/06\/D_850526-MLA74782403679_022024-F-100x100.jpg",100,100,true]},"uagb_author_info":{"display_name":"nelson","author_link":"https:\/\/rms-enlinea.com.ar\/tienda\/author\/"},"uagb_comment_info":0,"uagb_excerpt":"El conmutador Gigabit de 48 puertos TL-SG1048 est\u00e1 dise\u00f1ado para satisfacer las necesidades de los grupos de trabajo y los requisitos de conectividad departamentales m\u00e1s exigentes. CARACTER\u00cdSTICAS DE HARDWARE Est\u00e1ndares y Protocolos IEEE 802.3i, IEEE 802.3u, IEEE 802.3ab, IEEE 802.3x Interfaz 48 puertos RJ45 de 10\/100\/1000 Mbps (negociaci\u00f3n autom\u00e1tica \/ MDI autom\u00e1tico \/ MDIX) Medios&hellip;","_links":{"self":[{"href":"https:\/\/rms-enlinea.com.ar\/tienda\/wp-json\/wp\/v2\/product\/53791","targetHints":{"allow":["GET"]}}],"collection":[{"href":"https:\/\/rms-enlinea.com.ar\/tienda\/wp-json\/wp\/v2\/product"}],"about":[{"href":"https:\/\/rms-enlinea.com.ar\/tienda\/wp-json\/wp\/v2\/types\/product"}],"replies":[{"embeddable":true,"href":"https:\/\/rms-enlinea.com.ar\/tienda\/wp-json\/wp\/v2\/comments?post=53791"}],"wp:featuredmedia":[{"embeddable":true,"href":"https:\/\/rms-enlinea.com.ar\/tienda\/wp-json\/wp\/v2\/media\/32562"}],"wp:attachment":[{"href":"https:\/\/rms-enlinea.com.ar\/tienda\/wp-json\/wp\/v2\/media?parent=53791"}],"wp:term":[{"taxonomy":"product_brand","embeddable":true,"href":"https:\/\/rms-enlinea.com.ar\/tienda\/wp-json\/wp\/v2\/product_brand?post=53791"},{"taxonomy":"product_cat","embeddable":true,"href":"https:\/\/rms-enlinea.com.ar\/tienda\/wp-json\/wp\/v2\/product_cat?post=53791"},{"taxonomy":"product_tag","embeddable":true,"href":"https:\/\/rms-enlinea.com.ar\/tienda\/wp-json\/wp\/v2\/product_tag?post=53791"}],"curies":[{"name":"wp","href":"https:\/\/api.w.org\/{rel}","templated":true}]}}