{"id":53818,"date":"2025-08-11T23:20:11","date_gmt":"2025-08-12T02:20:11","guid":{"rendered":"https:\/\/rms-enlinea.com.ar\/tienda\/producto\/impresora-multifuncion-monocromatica-hp-laserjet-m236sdw\/"},"modified":"2026-04-06T12:49:42","modified_gmt":"2026-04-06T15:49:42","slug":"impresora-multifuncion-monocromatica-hp-laserjet-m236sdw","status":"publish","type":"product","link":"https:\/\/rms-enlinea.com.ar\/tienda\/producto\/impresora-multifuncion-monocromatica-hp-laserjet-m236sdw\/","title":{"rendered":"Impresora Multifunci\u00f3n Monocrom\u00e1tica Hp M236sdw Laserjet"},"content":{"rendered":"<p>Descripci\u00f3n general del producto<br \/>\nUna impresora multifunci\u00f3n de alta productividad con la impresi\u00f3n a doble cara m\u00e1s r\u00e1pida de su clase,2 un alimentador autom\u00e1tico y la aplicaci\u00f3n HP Smart que brinda ahorro de tiempo.3,4 Cuente con la tranquilidad de que tendr\u00e1 conexiones m\u00e1s confiables5 y vivir\u00e1 una experiencia sin preocupaciones gracias a la instalaci\u00f3n simplificada.<br \/>\nhttp:\/\/www.hp.com\/learn\/ds<br \/>\nTrabaje con rapidez. Trabaje de forma inteligente.<br \/>\nImprima con rapidez documentos de muchas p\u00e1ginas gracias a la velocidad de impresi\u00f3n a doble cara m\u00e1s r\u00e1pida en su clase.2<br \/>\nMant\u00e9ngase productivo en cualquier parte<br \/>\nObtenga escaneos de alta calidad y comp\u00e1rtalos por Dropbox, Google Drive, correo electr\u00f3nico o en la nube desde pr\u00e1cticamente cualquier lugar con la aplicaci\u00f3n HP Smart.3<br \/>\nLa forma f\u00e1cil de realizar el trabajo<br \/>\nComience r\u00e1pido con la configuraci\u00f3n f\u00e1cil que lo gu\u00eda, paso a paso. Simplemente descargue la aplicaci\u00f3n HP Smart, con\u00e9ctese a Wi-Fi\u00ae y comparta su impresora con todos sus dispositivos.3<br \/>\nAyude a lograr un impacto positivo en el medio ambiente<br \/>\nEsta HP LaserJet cumple con los requisitos de la etiqueta ecol\u00f3gica, incluso ENERGY STAR\u00ae y BLUE ANGEL<\/p>\n","protected":false},"excerpt":{"rendered":"<p>Descripci\u00f3n general del producto Una impresora multifunci\u00f3n de alta productividad con la impresi\u00f3n a doble cara m\u00e1s r\u00e1pida de su clase,2 un alimentador autom\u00e1tico y la aplicaci\u00f3n HP Smart que brinda ahorro de tiempo.3,4 Cuente con la tranquilidad de que tendr\u00e1 conexiones m\u00e1s confiables5 y vivir\u00e1 una experiencia sin preocupaciones gracias a la instalaci\u00f3n simplificada. [&hellip;]<\/p>\n","protected":false},"featured_media":53819,"comment_status":"open","ping_status":"closed","template":"","meta":{"_uag_custom_page_level_css":""},"product_brand":[552],"product_cat":[110],"product_tag":[],"class_list":{"0":"post-53818","1":"product","2":"type-product","3":"status-publish","4":"has-post-thumbnail","6":"product_brand-hp","7":"product_cat-impresoras","9":"first","10":"outofstock","11":"sale","12":"taxable","13":"shipping-taxable","14":"purchasable","15":"product-type-simple"},"uagb_featured_image_src":{"full":["https:\/\/rms-enlinea.com.ar\/wp-content\/uploads\/2025\/08\/D_680603-MLA89898113515_082025-F.jpg",1198,1089,false],"thumbnail":["https:\/\/rms-enlinea.com.ar\/wp-content\/uploads\/2025\/08\/D_680603-MLA89898113515_082025-F-150x150.jpg",150,150,true],"medium":["https:\/\/rms-enlinea.com.ar\/wp-content\/uploads\/2025\/08\/D_680603-MLA89898113515_082025-F-300x273.jpg",300,273,true],"medium_large":["https:\/\/rms-enlinea.com.ar\/wp-content\/uploads\/2025\/08\/D_680603-MLA89898113515_082025-F-768x698.jpg",768,698,true],"large":["https:\/\/rms-enlinea.com.ar\/wp-content\/uploads\/2025\/08\/D_680603-MLA89898113515_082025-F-1024x931.jpg",1024,931,true],"1536x1536":["https:\/\/rms-enlinea.com.ar\/wp-content\/uploads\/2025\/08\/D_680603-MLA89898113515_082025-F.jpg",1198,1089,false],"2048x2048":["https:\/\/rms-enlinea.com.ar\/wp-content\/uploads\/2025\/08\/D_680603-MLA89898113515_082025-F.jpg",1198,1089,false],"woocommerce_thumbnail":["https:\/\/rms-enlinea.com.ar\/wp-content\/uploads\/2025\/08\/D_680603-MLA89898113515_082025-F-450x450.jpg",450,450,true],"woocommerce_single":["https:\/\/rms-enlinea.com.ar\/wp-content\/uploads\/2025\/08\/D_680603-MLA89898113515_082025-F-600x545.jpg",600,545,true],"woocommerce_gallery_thumbnail":["https:\/\/rms-enlinea.com.ar\/wp-content\/uploads\/2025\/08\/D_680603-MLA89898113515_082025-F-100x100.jpg",100,100,true]},"uagb_author_info":{"display_name":"nelson","author_link":"https:\/\/rms-enlinea.com.ar\/tienda\/author\/"},"uagb_comment_info":0,"uagb_excerpt":"Descripci\u00f3n general del producto Una impresora multifunci\u00f3n de alta productividad con la impresi\u00f3n a doble cara m\u00e1s r\u00e1pida de su clase,2 un alimentador autom\u00e1tico y la aplicaci\u00f3n HP Smart que brinda ahorro de tiempo.3,4 Cuente con la tranquilidad de que tendr\u00e1 conexiones m\u00e1s confiables5 y vivir\u00e1 una experiencia sin preocupaciones gracias a la instalaci\u00f3n simplificada.&hellip;","_links":{"self":[{"href":"https:\/\/rms-enlinea.com.ar\/tienda\/wp-json\/wp\/v2\/product\/53818","targetHints":{"allow":["GET"]}}],"collection":[{"href":"https:\/\/rms-enlinea.com.ar\/tienda\/wp-json\/wp\/v2\/product"}],"about":[{"href":"https:\/\/rms-enlinea.com.ar\/tienda\/wp-json\/wp\/v2\/types\/product"}],"replies":[{"embeddable":true,"href":"https:\/\/rms-enlinea.com.ar\/tienda\/wp-json\/wp\/v2\/comments?post=53818"}],"wp:featuredmedia":[{"embeddable":true,"href":"https:\/\/rms-enlinea.com.ar\/tienda\/wp-json\/wp\/v2\/media\/53819"}],"wp:attachment":[{"href":"https:\/\/rms-enlinea.com.ar\/tienda\/wp-json\/wp\/v2\/media?parent=53818"}],"wp:term":[{"taxonomy":"product_brand","embeddable":true,"href":"https:\/\/rms-enlinea.com.ar\/tienda\/wp-json\/wp\/v2\/product_brand?post=53818"},{"taxonomy":"product_cat","embeddable":true,"href":"https:\/\/rms-enlinea.com.ar\/tienda\/wp-json\/wp\/v2\/product_cat?post=53818"},{"taxonomy":"product_tag","embeddable":true,"href":"https:\/\/rms-enlinea.com.ar\/tienda\/wp-json\/wp\/v2\/product_tag?post=53818"}],"curies":[{"name":"wp","href":"https:\/\/api.w.org\/{rel}","templated":true}]}}