{"id":53828,"date":"2025-08-11T23:50:22","date_gmt":"2025-08-12T02:50:22","guid":{"rendered":"https:\/\/rms-enlinea.com.ar\/tienda\/producto\/impresora-epson-multifuncion-mf-l3560-ecotank-wifi\/"},"modified":"2026-04-15T10:40:12","modified_gmt":"2026-04-15T13:40:12","slug":"impresora-epson-multifuncion-mf-l3560-ecotank-wifi","status":"publish","type":"product","link":"https:\/\/rms-enlinea.com.ar\/tienda\/producto\/impresora-epson-multifuncion-mf-l3560-ecotank-wifi\/","title":{"rendered":"Impresora Epson Multifuncion Mf L3560 Ecotank Wifi"},"content":{"rendered":"<p>La impresora multifuncional Epson EcoTank L3560 es la soluci\u00f3n ideal para quienes buscan eficiencia y calidad en sus impresiones. Con tecnolog\u00eda de inyecci\u00f3n de tinta, esta impresora permite realizar copias, escaneos e impresiones en color, adapt\u00e1ndose a diversas necesidades en el hogar o la oficina. Su dise\u00f1o compacto en color negro se integra f\u00e1cilmente en cualquier espacio de trabajo.<\/p>\n<p>Con conectividad Wi-Fi, la L3560 facilita la impresi\u00f3n desde dispositivos m\u00f3viles a trav\u00e9s de aplicaciones como Epson Smart Panel y Apple AirPrint. Adem\u00e1s, cuenta con un puerto USB para una conexi\u00f3n directa y r\u00e1pida. Su pantalla LCD permite un manejo intuitivo, haciendo que cada funci\u00f3n sea accesible con facilidad.<\/p>\n<p>La impresora soporta varios formatos de archivo, incluyendo JPG, PDF y PNG, y es compatible con diferentes tipos de papel, como ilustraci\u00f3n y fotogr\u00e1fico, en tama\u00f1os A4, oficio y carta. Aunque no incluye un alimentador de documentos autom\u00e1tico, su m\u00e9todo de impresi\u00f3n a doble faz es manual, lo que permite un control total sobre el proceso de impresi\u00f3n.<\/p>\n<p>Con un peso de 4.3 kg y dimensiones de 17.9 cm de altura, 35.7 cm de ancho y 34.7 cm de profundidad, la L3560 es f\u00e1cil de ubicar en cualquier escritorio. Incluye un cartucho de tinta y un cable USB, asegurando que est\u00e9 lista para usar desde el primer momento. Esta impresora es la elecci\u00f3n perfecta para quienes valoran la calidad y la funcionalidad en un solo dispositivo.<\/p>\n","protected":false},"excerpt":{"rendered":"<p>La impresora multifuncional Epson EcoTank L3560 es la soluci\u00f3n ideal para quienes buscan eficiencia y calidad en sus impresiones. Con tecnolog\u00eda de inyecci\u00f3n de tinta, esta impresora permite realizar copias, escaneos e impresiones en color, adapt\u00e1ndose a diversas necesidades en el hogar o la oficina. Su dise\u00f1o compacto en color negro se integra f\u00e1cilmente en [&hellip;]<\/p>\n","protected":false},"featured_media":53829,"comment_status":"open","ping_status":"closed","template":"","meta":{"_uag_custom_page_level_css":""},"product_brand":[553],"product_cat":[110],"product_tag":[],"class_list":{"0":"post-53828","1":"product","2":"type-product","3":"status-publish","4":"has-post-thumbnail","6":"product_brand-epson","7":"product_cat-impresoras","9":"first","10":"instock","11":"sale","12":"taxable","13":"shipping-taxable","14":"purchasable","15":"product-type-simple"},"uagb_featured_image_src":{"full":["https:\/\/rms-enlinea.com.ar\/wp-content\/uploads\/2025\/08\/D_645211-MLA89060600185_072025-F.jpg",996,655,false],"thumbnail":["https:\/\/rms-enlinea.com.ar\/wp-content\/uploads\/2025\/08\/D_645211-MLA89060600185_072025-F-150x150.jpg",150,150,true],"medium":["https:\/\/rms-enlinea.com.ar\/wp-content\/uploads\/2025\/08\/D_645211-MLA89060600185_072025-F-300x197.jpg",300,197,true],"medium_large":["https:\/\/rms-enlinea.com.ar\/wp-content\/uploads\/2025\/08\/D_645211-MLA89060600185_072025-F-768x505.jpg",768,505,true],"large":["https:\/\/rms-enlinea.com.ar\/wp-content\/uploads\/2025\/08\/D_645211-MLA89060600185_072025-F.jpg",996,655,false],"1536x1536":["https:\/\/rms-enlinea.com.ar\/wp-content\/uploads\/2025\/08\/D_645211-MLA89060600185_072025-F.jpg",996,655,false],"2048x2048":["https:\/\/rms-enlinea.com.ar\/wp-content\/uploads\/2025\/08\/D_645211-MLA89060600185_072025-F.jpg",996,655,false],"woocommerce_thumbnail":["https:\/\/rms-enlinea.com.ar\/wp-content\/uploads\/2025\/08\/D_645211-MLA89060600185_072025-F-450x450.jpg",450,450,true],"woocommerce_single":["https:\/\/rms-enlinea.com.ar\/wp-content\/uploads\/2025\/08\/D_645211-MLA89060600185_072025-F-600x395.jpg",600,395,true],"woocommerce_gallery_thumbnail":["https:\/\/rms-enlinea.com.ar\/wp-content\/uploads\/2025\/08\/D_645211-MLA89060600185_072025-F-100x100.jpg",100,100,true]},"uagb_author_info":{"display_name":"nelson","author_link":"https:\/\/rms-enlinea.com.ar\/tienda\/author\/"},"uagb_comment_info":0,"uagb_excerpt":"La impresora multifuncional Epson EcoTank L3560 es la soluci\u00f3n ideal para quienes buscan eficiencia y calidad en sus impresiones. Con tecnolog\u00eda de inyecci\u00f3n de tinta, esta impresora permite realizar copias, escaneos e impresiones en color, adapt\u00e1ndose a diversas necesidades en el hogar o la oficina. Su dise\u00f1o compacto en color negro se integra f\u00e1cilmente en&hellip;","_links":{"self":[{"href":"https:\/\/rms-enlinea.com.ar\/tienda\/wp-json\/wp\/v2\/product\/53828","targetHints":{"allow":["GET"]}}],"collection":[{"href":"https:\/\/rms-enlinea.com.ar\/tienda\/wp-json\/wp\/v2\/product"}],"about":[{"href":"https:\/\/rms-enlinea.com.ar\/tienda\/wp-json\/wp\/v2\/types\/product"}],"replies":[{"embeddable":true,"href":"https:\/\/rms-enlinea.com.ar\/tienda\/wp-json\/wp\/v2\/comments?post=53828"}],"wp:featuredmedia":[{"embeddable":true,"href":"https:\/\/rms-enlinea.com.ar\/tienda\/wp-json\/wp\/v2\/media\/53829"}],"wp:attachment":[{"href":"https:\/\/rms-enlinea.com.ar\/tienda\/wp-json\/wp\/v2\/media?parent=53828"}],"wp:term":[{"taxonomy":"product_brand","embeddable":true,"href":"https:\/\/rms-enlinea.com.ar\/tienda\/wp-json\/wp\/v2\/product_brand?post=53828"},{"taxonomy":"product_cat","embeddable":true,"href":"https:\/\/rms-enlinea.com.ar\/tienda\/wp-json\/wp\/v2\/product_cat?post=53828"},{"taxonomy":"product_tag","embeddable":true,"href":"https:\/\/rms-enlinea.com.ar\/tienda\/wp-json\/wp\/v2\/product_tag?post=53828"}],"curies":[{"name":"wp","href":"https:\/\/api.w.org\/{rel}","templated":true}]}}