{"id":53837,"date":"2025-08-12T00:20:10","date_gmt":"2025-08-12T03:20:10","guid":{"rendered":"https:\/\/rms-enlinea.com.ar\/tienda\/producto\/monitor-lg-24-led-24ms500-borderless-100hz-full-hd\/"},"modified":"2026-04-21T06:22:43","modified_gmt":"2026-04-21T09:22:43","slug":"monitor-lg-24-led-24ms500-borderless-100hz-full-hd","status":"publish","type":"product","link":"https:\/\/rms-enlinea.com.ar\/tienda\/producto\/monitor-lg-24-led-24ms500-borderless-100hz-full-hd\/","title":{"rendered":"Monitor LG 24 Led 24ms500 Borderless 100hz Full Hd"},"content":{"rendered":"<p>Tama\u00f1o [pulgadas]<br \/>23.8<br \/>Resoluci\u00f3n<br \/>1920 x 1080<br \/>Tipo de panel<br \/>IPS<br \/>Relaci\u00f3n de aspecto<br \/>16:09<br \/>Gama de colores (t\u00edp.)<br \/>NTSC 72% (CIE1931)<br \/>Brillo (t\u00edp.) [cd\/m\u00b2]<br \/>250<br \/>Frecuencia de actualizaci\u00f3n (m\u00e1x.) [Hz]<br \/>100<br \/>Tiempo de respuesta<br \/>5 ms (GtG a mayor velocidad)<br \/>Ajustes de posici\u00f3n de visualizaci\u00f3n<br \/>Inclinaci\u00f3n<\/p>\n","protected":false},"excerpt":{"rendered":"<p>Tama\u00f1o [pulgadas]23.8Resoluci\u00f3n1920 x 1080Tipo de panelIPSRelaci\u00f3n de aspecto16:09Gama de colores (t\u00edp.)NTSC 72% (CIE1931)Brillo (t\u00edp.) [cd\/m\u00b2]250Frecuencia de actualizaci\u00f3n (m\u00e1x.) [Hz]100Tiempo de respuesta5 ms (GtG a mayor velocidad)Ajustes de posici\u00f3n de visualizaci\u00f3nInclinaci\u00f3n<\/p>\n","protected":false},"featured_media":53838,"comment_status":"open","ping_status":"closed","template":"","meta":{"_uag_custom_page_level_css":""},"product_brand":[551],"product_cat":[114],"product_tag":[],"class_list":{"0":"post-53837","1":"product","2":"type-product","3":"status-publish","4":"has-post-thumbnail","6":"product_brand-lg","7":"product_cat-monitores","9":"first","10":"outofstock","11":"sale","12":"taxable","13":"shipping-taxable","14":"purchasable","15":"product-type-simple"},"uagb_featured_image_src":{"full":["https:\/\/rms-enlinea.com.ar\/wp-content\/uploads\/2025\/08\/D_742216-MLA89531237526_082025-F.jpg",1199,948,false],"thumbnail":["https:\/\/rms-enlinea.com.ar\/wp-content\/uploads\/2025\/08\/D_742216-MLA89531237526_082025-F-150x150.jpg",150,150,true],"medium":["https:\/\/rms-enlinea.com.ar\/wp-content\/uploads\/2025\/08\/D_742216-MLA89531237526_082025-F-300x237.jpg",300,237,true],"medium_large":["https:\/\/rms-enlinea.com.ar\/wp-content\/uploads\/2025\/08\/D_742216-MLA89531237526_082025-F-768x607.jpg",768,607,true],"large":["https:\/\/rms-enlinea.com.ar\/wp-content\/uploads\/2025\/08\/D_742216-MLA89531237526_082025-F-1024x810.jpg",1024,810,true],"1536x1536":["https:\/\/rms-enlinea.com.ar\/wp-content\/uploads\/2025\/08\/D_742216-MLA89531237526_082025-F.jpg",1199,948,false],"2048x2048":["https:\/\/rms-enlinea.com.ar\/wp-content\/uploads\/2025\/08\/D_742216-MLA89531237526_082025-F.jpg",1199,948,false],"woocommerce_thumbnail":["https:\/\/rms-enlinea.com.ar\/wp-content\/uploads\/2025\/08\/D_742216-MLA89531237526_082025-F-450x450.jpg",450,450,true],"woocommerce_single":["https:\/\/rms-enlinea.com.ar\/wp-content\/uploads\/2025\/08\/D_742216-MLA89531237526_082025-F-600x474.jpg",600,474,true],"woocommerce_gallery_thumbnail":["https:\/\/rms-enlinea.com.ar\/wp-content\/uploads\/2025\/08\/D_742216-MLA89531237526_082025-F-100x100.jpg",100,100,true]},"uagb_author_info":{"display_name":"nelson","author_link":"https:\/\/rms-enlinea.com.ar\/tienda\/author\/"},"uagb_comment_info":0,"uagb_excerpt":"Tama\u00f1o [pulgadas]23.8Resoluci\u00f3n1920 x 1080Tipo de panelIPSRelaci\u00f3n de aspecto16:09Gama de colores (t\u00edp.)NTSC 72% (CIE1931)Brillo (t\u00edp.) [cd\/m\u00b2]250Frecuencia de actualizaci\u00f3n (m\u00e1x.) [Hz]100Tiempo de respuesta5 ms (GtG a mayor velocidad)Ajustes de posici\u00f3n de visualizaci\u00f3nInclinaci\u00f3n","_links":{"self":[{"href":"https:\/\/rms-enlinea.com.ar\/tienda\/wp-json\/wp\/v2\/product\/53837","targetHints":{"allow":["GET"]}}],"collection":[{"href":"https:\/\/rms-enlinea.com.ar\/tienda\/wp-json\/wp\/v2\/product"}],"about":[{"href":"https:\/\/rms-enlinea.com.ar\/tienda\/wp-json\/wp\/v2\/types\/product"}],"replies":[{"embeddable":true,"href":"https:\/\/rms-enlinea.com.ar\/tienda\/wp-json\/wp\/v2\/comments?post=53837"}],"wp:featuredmedia":[{"embeddable":true,"href":"https:\/\/rms-enlinea.com.ar\/tienda\/wp-json\/wp\/v2\/media\/53838"}],"wp:attachment":[{"href":"https:\/\/rms-enlinea.com.ar\/tienda\/wp-json\/wp\/v2\/media?parent=53837"}],"wp:term":[{"taxonomy":"product_brand","embeddable":true,"href":"https:\/\/rms-enlinea.com.ar\/tienda\/wp-json\/wp\/v2\/product_brand?post=53837"},{"taxonomy":"product_cat","embeddable":true,"href":"https:\/\/rms-enlinea.com.ar\/tienda\/wp-json\/wp\/v2\/product_cat?post=53837"},{"taxonomy":"product_tag","embeddable":true,"href":"https:\/\/rms-enlinea.com.ar\/tienda\/wp-json\/wp\/v2\/product_tag?post=53837"}],"curies":[{"name":"wp","href":"https:\/\/api.w.org\/{rel}","templated":true}]}}