{"id":53848,"date":"2025-08-12T11:31:51","date_gmt":"2025-08-12T14:31:51","guid":{"rendered":"https:\/\/rms-enlinea.com.ar\/tienda\/producto\/monitor-lg-34gp63a-b-ultragear-34-gamer-curvo-160-hz-wqhd\/"},"modified":"2026-04-21T03:44:26","modified_gmt":"2026-04-21T06:44:26","slug":"monitor-lg-34gp63a-b-ultragear-34-gamer-curvo-160-hz-wqhd","status":"publish","type":"product","link":"https:\/\/rms-enlinea.com.ar\/tienda\/producto\/monitor-lg-34gp63a-b-ultragear-34-gamer-curvo-160-hz-wqhd\/","title":{"rendered":"Monitor LG 34gp63a-b Ultragear 34 Gamer Curvo 160 Hz Wqhd"},"content":{"rendered":"<p>El Monitor LG 34GP63A-B UltraGear ofrece una experiencia de juego inmersiva con su pantalla curvada de 34 pulgadas y una impresionante resoluci\u00f3n de 3440 x 1440 p\u00edxeles. Dise\u00f1ado para gamers exigentes, este monitor cuenta con una frecuencia de actualizaci\u00f3n de 160 Hz y un tiempo de respuesta de 5 ms, asegurando im\u00e1genes fluidas y sin interrupciones en cada partida. Su panel VA brinda colores vibrantes y un alto contraste de 3000:1, permitiendo disfrutar de detalles precisos y profundos en cada escenario.<\/p>\n<p>Con una relaci\u00f3n de aspecto de 21:9, el LG 34GP63A-B permite una visi\u00f3n panor\u00e1mica que mejora la experiencia de juego, as\u00ed como tambi\u00e9n proporciona un \u00e1ngulo de visi\u00f3n de 178 grados, tanto horizontal como vertical. Las conexiones incluyen HDMI y DisplayPort, asegurando f\u00e1cil compatibilidad con diversos dispositivos y configuraciones. Adicionalmente, los parlantes incorporados ofrecen sonido directo, eliminando la necesidad de perif\u00e9ricos adicionales.<\/p>\n<p>La funcionalidad reclinable del monitor permite ajustar la inclinaci\u00f3n a preferencia del usuario, aportando comodidad en maratones de juego prolongados. Su dise\u00f1o elegante en color negro y la estructura montable VESA facilitan su integraci\u00f3n en cualquier espacio de trabajo o entretenimiento. Con 16.7 millones de colores disponibles y un brillo de 240 cd\/m2, el LG 34GP63A-B no solo optimiza el rendimiento en el juego, sino que tambi\u00e9n destaca por su est\u00e9tica y versatilidad.<\/p>\n","protected":false},"excerpt":{"rendered":"<p>El Monitor LG 34GP63A-B UltraGear ofrece una experiencia de juego inmersiva con su pantalla curvada de 34 pulgadas y una impresionante resoluci\u00f3n de 3440 x 1440 p\u00edxeles. Dise\u00f1ado para gamers exigentes, este monitor cuenta con una frecuencia de actualizaci\u00f3n de 160 Hz y un tiempo de respuesta de 5 ms, asegurando im\u00e1genes fluidas y sin [&hellip;]<\/p>\n","protected":false},"featured_media":53849,"comment_status":"open","ping_status":"closed","template":"","meta":{"_uag_custom_page_level_css":""},"product_brand":[551],"product_cat":[114],"product_tag":[],"class_list":{"0":"post-53848","1":"product","2":"type-product","3":"status-publish","4":"has-post-thumbnail","6":"product_brand-lg","7":"product_cat-monitores","9":"first","10":"outofstock","11":"sale","12":"taxable","13":"shipping-taxable","14":"purchasable","15":"product-type-simple"},"uagb_featured_image_src":{"full":["https:\/\/rms-enlinea.com.ar\/wp-content\/uploads\/2025\/08\/D_738682-MLU74959243583_032024-F.jpg",1200,996,false],"thumbnail":["https:\/\/rms-enlinea.com.ar\/wp-content\/uploads\/2025\/08\/D_738682-MLU74959243583_032024-F-150x150.jpg",150,150,true],"medium":["https:\/\/rms-enlinea.com.ar\/wp-content\/uploads\/2025\/08\/D_738682-MLU74959243583_032024-F-300x249.jpg",300,249,true],"medium_large":["https:\/\/rms-enlinea.com.ar\/wp-content\/uploads\/2025\/08\/D_738682-MLU74959243583_032024-F-768x637.jpg",768,637,true],"large":["https:\/\/rms-enlinea.com.ar\/wp-content\/uploads\/2025\/08\/D_738682-MLU74959243583_032024-F-1024x850.jpg",1024,850,true],"1536x1536":["https:\/\/rms-enlinea.com.ar\/wp-content\/uploads\/2025\/08\/D_738682-MLU74959243583_032024-F.jpg",1200,996,false],"2048x2048":["https:\/\/rms-enlinea.com.ar\/wp-content\/uploads\/2025\/08\/D_738682-MLU74959243583_032024-F.jpg",1200,996,false],"woocommerce_thumbnail":["https:\/\/rms-enlinea.com.ar\/wp-content\/uploads\/2025\/08\/D_738682-MLU74959243583_032024-F-450x450.jpg",450,450,true],"woocommerce_single":["https:\/\/rms-enlinea.com.ar\/wp-content\/uploads\/2025\/08\/D_738682-MLU74959243583_032024-F-600x498.jpg",600,498,true],"woocommerce_gallery_thumbnail":["https:\/\/rms-enlinea.com.ar\/wp-content\/uploads\/2025\/08\/D_738682-MLU74959243583_032024-F-100x100.jpg",100,100,true]},"uagb_author_info":{"display_name":"nelson","author_link":"https:\/\/rms-enlinea.com.ar\/tienda\/author\/"},"uagb_comment_info":0,"uagb_excerpt":"El Monitor LG 34GP63A-B UltraGear ofrece una experiencia de juego inmersiva con su pantalla curvada de 34 pulgadas y una impresionante resoluci\u00f3n de 3440 x 1440 p\u00edxeles. Dise\u00f1ado para gamers exigentes, este monitor cuenta con una frecuencia de actualizaci\u00f3n de 160 Hz y un tiempo de respuesta de 5 ms, asegurando im\u00e1genes fluidas y sin&hellip;","_links":{"self":[{"href":"https:\/\/rms-enlinea.com.ar\/tienda\/wp-json\/wp\/v2\/product\/53848","targetHints":{"allow":["GET"]}}],"collection":[{"href":"https:\/\/rms-enlinea.com.ar\/tienda\/wp-json\/wp\/v2\/product"}],"about":[{"href":"https:\/\/rms-enlinea.com.ar\/tienda\/wp-json\/wp\/v2\/types\/product"}],"replies":[{"embeddable":true,"href":"https:\/\/rms-enlinea.com.ar\/tienda\/wp-json\/wp\/v2\/comments?post=53848"}],"wp:featuredmedia":[{"embeddable":true,"href":"https:\/\/rms-enlinea.com.ar\/tienda\/wp-json\/wp\/v2\/media\/53849"}],"wp:attachment":[{"href":"https:\/\/rms-enlinea.com.ar\/tienda\/wp-json\/wp\/v2\/media?parent=53848"}],"wp:term":[{"taxonomy":"product_brand","embeddable":true,"href":"https:\/\/rms-enlinea.com.ar\/tienda\/wp-json\/wp\/v2\/product_brand?post=53848"},{"taxonomy":"product_cat","embeddable":true,"href":"https:\/\/rms-enlinea.com.ar\/tienda\/wp-json\/wp\/v2\/product_cat?post=53848"},{"taxonomy":"product_tag","embeddable":true,"href":"https:\/\/rms-enlinea.com.ar\/tienda\/wp-json\/wp\/v2\/product_tag?post=53848"}],"curies":[{"name":"wp","href":"https:\/\/api.w.org\/{rel}","templated":true}]}}