{"id":53853,"date":"2025-08-12T11:41:57","date_gmt":"2025-08-12T14:41:57","guid":{"rendered":"https:\/\/rms-enlinea.com.ar\/tienda\/producto\/mouse-usb-logitech-m110-silent-black-negro-1000dpi\/"},"modified":"2026-04-21T05:13:08","modified_gmt":"2026-04-21T08:13:08","slug":"mouse-usb-logitech-m110-silent-black-negro-1000dpi","status":"publish","type":"product","link":"https:\/\/rms-enlinea.com.ar\/tienda\/producto\/mouse-usb-logitech-m110-silent-black-negro-1000dpi\/","title":{"rendered":"Mouse Usb Logitech M110 Silent Black Negro 1000dpi"},"content":{"rendered":"<p>Dimensiones Mouse<br \/>Altura: 112,96 mm    <br \/>Ancho: 61,7 mm    <br \/>Profundidad: 38.4 mm    <br \/>Peso (con bater\u00edas): 85 g    <br \/>Cable  <br \/>Longitud del cable: 180 cm   <br \/>Especificaciones t\u00e9cnicas<br \/>Tecnolog\u00eda de sensor<br \/>Seguimiento \u00f3ptico    <br \/>DPI (m\u00edn.\/m\u00e1x.): 1000\u00b1 <br \/>Botones<br \/>N\u00famero de botones: 3 (click izquierdo\/derecho, click de bot\u00f3n central)<\/p>\n","protected":false},"excerpt":{"rendered":"<p>Dimensiones MouseAltura: 112,96 mm Ancho: 61,7 mm Profundidad: 38.4 mm Peso (con bater\u00edas): 85 g Cable Longitud del cable: 180 cm Especificaciones t\u00e9cnicasTecnolog\u00eda de sensorSeguimiento \u00f3ptico DPI (m\u00edn.\/m\u00e1x.): 1000\u00b1 BotonesN\u00famero de botones: 3 (click izquierdo\/derecho, click de bot\u00f3n central)<\/p>\n","protected":false},"featured_media":22702,"comment_status":"open","ping_status":"closed","template":"","meta":{"_uag_custom_page_level_css":""},"product_brand":[549],"product_cat":[125],"product_tag":[],"class_list":{"0":"post-53853","1":"product","2":"type-product","3":"status-publish","4":"has-post-thumbnail","6":"product_brand-logitech","7":"product_cat-teclados-y-mouses","9":"first","10":"outofstock","11":"sale","12":"taxable","13":"shipping-taxable","14":"purchasable","15":"product-type-simple"},"uagb_featured_image_src":{"full":["https:\/\/rms-enlinea.com.ar\/wp-content\/uploads\/2025\/06\/D_652963-MLU74830793214_032024-F.jpg",617,1200,false],"thumbnail":["https:\/\/rms-enlinea.com.ar\/wp-content\/uploads\/2025\/06\/D_652963-MLU74830793214_032024-F-150x150.jpg",150,150,true],"medium":["https:\/\/rms-enlinea.com.ar\/wp-content\/uploads\/2025\/06\/D_652963-MLU74830793214_032024-F-154x300.jpg",154,300,true],"medium_large":["https:\/\/rms-enlinea.com.ar\/wp-content\/uploads\/2025\/06\/D_652963-MLU74830793214_032024-F.jpg",617,1200,false],"large":["https:\/\/rms-enlinea.com.ar\/wp-content\/uploads\/2025\/06\/D_652963-MLU74830793214_032024-F-527x1024.jpg",527,1024,true],"1536x1536":["https:\/\/rms-enlinea.com.ar\/wp-content\/uploads\/2025\/06\/D_652963-MLU74830793214_032024-F.jpg",617,1200,false],"2048x2048":["https:\/\/rms-enlinea.com.ar\/wp-content\/uploads\/2025\/06\/D_652963-MLU74830793214_032024-F.jpg",617,1200,false],"woocommerce_thumbnail":["https:\/\/rms-enlinea.com.ar\/wp-content\/uploads\/2025\/06\/D_652963-MLU74830793214_032024-F-450x450.jpg",450,450,true],"woocommerce_single":["https:\/\/rms-enlinea.com.ar\/wp-content\/uploads\/2025\/06\/D_652963-MLU74830793214_032024-F-600x1167.jpg",600,1167,true],"woocommerce_gallery_thumbnail":["https:\/\/rms-enlinea.com.ar\/wp-content\/uploads\/2025\/06\/D_652963-MLU74830793214_032024-F-100x100.jpg",100,100,true]},"uagb_author_info":{"display_name":"nelson","author_link":"https:\/\/rms-enlinea.com.ar\/tienda\/author\/"},"uagb_comment_info":0,"uagb_excerpt":"Dimensiones MouseAltura: 112,96 mm Ancho: 61,7 mm Profundidad: 38.4 mm Peso (con bater\u00edas): 85 g Cable Longitud del cable: 180 cm Especificaciones t\u00e9cnicasTecnolog\u00eda de sensorSeguimiento \u00f3ptico DPI (m\u00edn.\/m\u00e1x.): 1000\u00b1 BotonesN\u00famero de botones: 3 (click izquierdo\/derecho, click de bot\u00f3n central)","_links":{"self":[{"href":"https:\/\/rms-enlinea.com.ar\/tienda\/wp-json\/wp\/v2\/product\/53853","targetHints":{"allow":["GET"]}}],"collection":[{"href":"https:\/\/rms-enlinea.com.ar\/tienda\/wp-json\/wp\/v2\/product"}],"about":[{"href":"https:\/\/rms-enlinea.com.ar\/tienda\/wp-json\/wp\/v2\/types\/product"}],"replies":[{"embeddable":true,"href":"https:\/\/rms-enlinea.com.ar\/tienda\/wp-json\/wp\/v2\/comments?post=53853"}],"wp:featuredmedia":[{"embeddable":true,"href":"https:\/\/rms-enlinea.com.ar\/tienda\/wp-json\/wp\/v2\/media\/22702"}],"wp:attachment":[{"href":"https:\/\/rms-enlinea.com.ar\/tienda\/wp-json\/wp\/v2\/media?parent=53853"}],"wp:term":[{"taxonomy":"product_brand","embeddable":true,"href":"https:\/\/rms-enlinea.com.ar\/tienda\/wp-json\/wp\/v2\/product_brand?post=53853"},{"taxonomy":"product_cat","embeddable":true,"href":"https:\/\/rms-enlinea.com.ar\/tienda\/wp-json\/wp\/v2\/product_cat?post=53853"},{"taxonomy":"product_tag","embeddable":true,"href":"https:\/\/rms-enlinea.com.ar\/tienda\/wp-json\/wp\/v2\/product_tag?post=53853"}],"curies":[{"name":"wp","href":"https:\/\/api.w.org\/{rel}","templated":true}]}}