{"id":53857,"date":"2025-08-12T12:22:05","date_gmt":"2025-08-12T15:22:05","guid":{"rendered":"https:\/\/rms-enlinea.com.ar\/tienda\/producto\/mouse-inalambrico-logitech-m170-1000dpi-910-004940\/"},"modified":"2026-03-31T20:55:43","modified_gmt":"2026-03-31T23:55:43","slug":"mouse-inalambrico-logitech-m170-1000dpi-910-004940","status":"publish","type":"product","link":"https:\/\/rms-enlinea.com.ar\/tienda\/producto\/mouse-inalambrico-logitech-m170-1000dpi-910-004940\/","title":{"rendered":"Mouse Inalambrico Logitech M170 1000dpi 910-004940"},"content":{"rendered":"<p>ESPECIFICACIONES F\u00cdSICAS<br \/>Altura: 97.7 mm<br \/>Ancho: 61.5 mm<br \/>Profundidad: 35.2 mm<br \/>Peso (con bater\u00edas): 70,5 g<br \/>TECNOLOGIA DE SENSOR<br \/>Seguimiento \u00f3ptico uniforme<br \/>DPI (m\u00edn.\/m\u00e1x.): 1000\u00b1<br \/>BOTONES<br \/>N\u00famero de botones: 3 (click izquierdo\/derecho, click de bot\u00f3n central)<br \/>DESPLAZAMINETO<br \/>Desplazamiento l\u00ednea a l\u00ednea<br \/>Rueda de desplazamiento: S\u00ed, 2D, \u00f3ptico<br \/>Duraci\u00f3n de la bater\u00eda<br \/>Duraci\u00f3n de la bater\u00eda: 12 meses<br \/>Detalles de bater\u00eda: 1 x AAA (incluida)<br \/>CONECTIVIDAD<br \/>Tipo de conexi\u00f3n: Conexi\u00f3n inal\u00e1mbrica de 2.4 GHz<br \/>Radio de acci\u00f3n inal\u00e1mbrico: 10 m<\/p>\n","protected":false},"excerpt":{"rendered":"<p>ESPECIFICACIONES F\u00cdSICASAltura: 97.7 mmAncho: 61.5 mmProfundidad: 35.2 mmPeso (con bater\u00edas): 70,5 gTECNOLOGIA DE SENSORSeguimiento \u00f3ptico uniformeDPI (m\u00edn.\/m\u00e1x.): 1000\u00b1BOTONESN\u00famero de botones: 3 (click izquierdo\/derecho, click de bot\u00f3n central)DESPLAZAMINETODesplazamiento l\u00ednea a l\u00edneaRueda de desplazamiento: S\u00ed, 2D, \u00f3pticoDuraci\u00f3n de la bater\u00edaDuraci\u00f3n de la bater\u00eda: 12 mesesDetalles de bater\u00eda: 1 x AAA (incluida)CONECTIVIDADTipo de conexi\u00f3n: Conexi\u00f3n inal\u00e1mbrica de 2.4 [&hellip;]<\/p>\n","protected":false},"featured_media":21290,"comment_status":"open","ping_status":"closed","template":"","meta":{"_uag_custom_page_level_css":""},"product_brand":[549],"product_cat":[125],"product_tag":[],"class_list":{"0":"post-53857","1":"product","2":"type-product","3":"status-publish","4":"has-post-thumbnail","6":"product_brand-logitech","7":"product_cat-teclados-y-mouses","9":"first","10":"outofstock","11":"sale","12":"taxable","13":"shipping-taxable","14":"purchasable","15":"product-type-simple"},"uagb_featured_image_src":{"full":["https:\/\/rms-enlinea.com.ar\/wp-content\/uploads\/2025\/06\/D_969208-MLU72627875418_112023-F.jpg",722,1000,false],"thumbnail":["https:\/\/rms-enlinea.com.ar\/wp-content\/uploads\/2025\/06\/D_969208-MLU72627875418_112023-F-150x150.jpg",150,150,true],"medium":["https:\/\/rms-enlinea.com.ar\/wp-content\/uploads\/2025\/06\/D_969208-MLU72627875418_112023-F-217x300.jpg",217,300,true],"medium_large":["https:\/\/rms-enlinea.com.ar\/wp-content\/uploads\/2025\/06\/D_969208-MLU72627875418_112023-F.jpg",722,1000,false],"large":["https:\/\/rms-enlinea.com.ar\/wp-content\/uploads\/2025\/06\/D_969208-MLU72627875418_112023-F.jpg",722,1000,false],"1536x1536":["https:\/\/rms-enlinea.com.ar\/wp-content\/uploads\/2025\/06\/D_969208-MLU72627875418_112023-F.jpg",722,1000,false],"2048x2048":["https:\/\/rms-enlinea.com.ar\/wp-content\/uploads\/2025\/06\/D_969208-MLU72627875418_112023-F.jpg",722,1000,false],"woocommerce_thumbnail":["https:\/\/rms-enlinea.com.ar\/wp-content\/uploads\/2025\/06\/D_969208-MLU72627875418_112023-F-450x450.jpg",450,450,true],"woocommerce_single":["https:\/\/rms-enlinea.com.ar\/wp-content\/uploads\/2025\/06\/D_969208-MLU72627875418_112023-F-600x831.jpg",600,831,true],"woocommerce_gallery_thumbnail":["https:\/\/rms-enlinea.com.ar\/wp-content\/uploads\/2025\/06\/D_969208-MLU72627875418_112023-F-100x100.jpg",100,100,true]},"uagb_author_info":{"display_name":"nelson","author_link":"https:\/\/rms-enlinea.com.ar\/tienda\/author\/"},"uagb_comment_info":0,"uagb_excerpt":"ESPECIFICACIONES F\u00cdSICASAltura: 97.7 mmAncho: 61.5 mmProfundidad: 35.2 mmPeso (con bater\u00edas): 70,5 gTECNOLOGIA DE SENSORSeguimiento \u00f3ptico uniformeDPI (m\u00edn.\/m\u00e1x.): 1000\u00b1BOTONESN\u00famero de botones: 3 (click izquierdo\/derecho, click de bot\u00f3n central)DESPLAZAMINETODesplazamiento l\u00ednea a l\u00edneaRueda de desplazamiento: S\u00ed, 2D, \u00f3pticoDuraci\u00f3n de la bater\u00edaDuraci\u00f3n de la bater\u00eda: 12 mesesDetalles de bater\u00eda: 1 x AAA (incluida)CONECTIVIDADTipo de conexi\u00f3n: Conexi\u00f3n inal\u00e1mbrica de 2.4&hellip;","_links":{"self":[{"href":"https:\/\/rms-enlinea.com.ar\/tienda\/wp-json\/wp\/v2\/product\/53857","targetHints":{"allow":["GET"]}}],"collection":[{"href":"https:\/\/rms-enlinea.com.ar\/tienda\/wp-json\/wp\/v2\/product"}],"about":[{"href":"https:\/\/rms-enlinea.com.ar\/tienda\/wp-json\/wp\/v2\/types\/product"}],"replies":[{"embeddable":true,"href":"https:\/\/rms-enlinea.com.ar\/tienda\/wp-json\/wp\/v2\/comments?post=53857"}],"wp:featuredmedia":[{"embeddable":true,"href":"https:\/\/rms-enlinea.com.ar\/tienda\/wp-json\/wp\/v2\/media\/21290"}],"wp:attachment":[{"href":"https:\/\/rms-enlinea.com.ar\/tienda\/wp-json\/wp\/v2\/media?parent=53857"}],"wp:term":[{"taxonomy":"product_brand","embeddable":true,"href":"https:\/\/rms-enlinea.com.ar\/tienda\/wp-json\/wp\/v2\/product_brand?post=53857"},{"taxonomy":"product_cat","embeddable":true,"href":"https:\/\/rms-enlinea.com.ar\/tienda\/wp-json\/wp\/v2\/product_cat?post=53857"},{"taxonomy":"product_tag","embeddable":true,"href":"https:\/\/rms-enlinea.com.ar\/tienda\/wp-json\/wp\/v2\/product_tag?post=53857"}],"curies":[{"name":"wp","href":"https:\/\/api.w.org\/{rel}","templated":true}]}}