{"id":53860,"date":"2025-08-12T12:50:14","date_gmt":"2025-08-12T15:50:14","guid":{"rendered":"https:\/\/rms-enlinea.com.ar\/tienda\/producto\/mouse-bluetooth-logitech-m240-silent-white-910-007116\/"},"modified":"2026-04-10T11:50:23","modified_gmt":"2026-04-10T14:50:23","slug":"mouse-bluetooth-logitech-m240-silent-white-910-007116","status":"publish","type":"product","link":"https:\/\/rms-enlinea.com.ar\/tienda\/producto\/mouse-bluetooth-logitech-m240-silent-white-910-007116\/","title":{"rendered":"Mouse Bluetooth Logitech M240 Silent White 910-007116"},"content":{"rendered":"<p>Especificaciones y detalles<br \/>Dimensiones<br \/>   \tAltura : 3,90 pulgadas (99 mm)<br \/>Ancho : 2,36 pulgadas (60 mm)<br \/>Profundidad : 1,54 pulgadas (39 mm)<br \/>Peso (con bater\u00edas) : 2,60 oz (73,8 g)<br \/>Especificaciones t\u00e9cnicas<br \/>Tecnolog\u00eda SilentTouch<br \/>90% de ruido reducido Clic izquierdo\/derecho<\/p>\n<p>Tecnolog\u00eda de sensores<br \/>  \tSeguimiento \u00f3ptico fluido<br \/>Valor nominal : rango de DPI<br \/>Rango de DPI : 400-4000, pasos de 100 DPI<br \/>Botones<br \/>N\u00famero de botones : 3 (clic izquierdo\/derecho, clic central)<br \/>Desplazamiento<br \/> \tDesplazamiento l\u00ednea por l\u00ednea<br \/>Rueda de desplazamiento : S\u00ed, 2D, \u00f3ptica<br \/>Duraci\u00f3n de la bater\u00eda<br \/> \tDuraci\u00f3n de la bater\u00eda : 18 meses, la duraci\u00f3n de la bater\u00eda puede variar seg\u00fan el usuario y las condiciones inform\u00e1ticas.<br \/>Detalles de la bater\u00eda : 1 x AA (incluida)<br \/>Conectividad<br \/>  \tTipo de conexi\u00f3n : Tecnolog\u00eda Bluetooth de bajo consumo<br \/>Alcance inal\u00e1mbrico : 33 pies (10 m) 3El alcance inal\u00e1mbrico puede variar seg\u00fan el usuario, las condiciones ambientales y inform\u00e1ticas.<br \/>Conectar\/Encender : S\u00ed, interruptor de encendido\/apagado<\/p>\n","protected":false},"excerpt":{"rendered":"<p>Especificaciones y detallesDimensiones Altura : 3,90 pulgadas (99 mm)Ancho : 2,36 pulgadas (60 mm)Profundidad : 1,54 pulgadas (39 mm)Peso (con bater\u00edas) : 2,60 oz (73,8 g)Especificaciones t\u00e9cnicasTecnolog\u00eda SilentTouch90% de ruido reducido Clic izquierdo\/derecho Tecnolog\u00eda de sensores Seguimiento \u00f3ptico fluidoValor nominal : rango de DPIRango de DPI : 400-4000, pasos de 100 DPIBotonesN\u00famero de botones : [&hellip;]<\/p>\n","protected":false},"featured_media":22615,"comment_status":"open","ping_status":"closed","template":"","meta":{"_uag_custom_page_level_css":""},"product_brand":[549],"product_cat":[125],"product_tag":[],"class_list":{"0":"post-53860","1":"product","2":"type-product","3":"status-publish","4":"has-post-thumbnail","6":"product_brand-logitech","7":"product_cat-teclados-y-mouses","9":"first","10":"instock","11":"sale","12":"taxable","13":"shipping-taxable","14":"purchasable","15":"product-type-simple"},"uagb_featured_image_src":{"full":["https:\/\/rms-enlinea.com.ar\/wp-content\/uploads\/2025\/06\/D_648348-MLU71702654975_092023-F.jpg",500,810,false],"thumbnail":["https:\/\/rms-enlinea.com.ar\/wp-content\/uploads\/2025\/06\/D_648348-MLU71702654975_092023-F-150x150.jpg",150,150,true],"medium":["https:\/\/rms-enlinea.com.ar\/wp-content\/uploads\/2025\/06\/D_648348-MLU71702654975_092023-F-185x300.jpg",185,300,true],"medium_large":["https:\/\/rms-enlinea.com.ar\/wp-content\/uploads\/2025\/06\/D_648348-MLU71702654975_092023-F.jpg",500,810,false],"large":["https:\/\/rms-enlinea.com.ar\/wp-content\/uploads\/2025\/06\/D_648348-MLU71702654975_092023-F.jpg",500,810,false],"1536x1536":["https:\/\/rms-enlinea.com.ar\/wp-content\/uploads\/2025\/06\/D_648348-MLU71702654975_092023-F.jpg",500,810,false],"2048x2048":["https:\/\/rms-enlinea.com.ar\/wp-content\/uploads\/2025\/06\/D_648348-MLU71702654975_092023-F.jpg",500,810,false],"woocommerce_thumbnail":["https:\/\/rms-enlinea.com.ar\/wp-content\/uploads\/2025\/06\/D_648348-MLU71702654975_092023-F-450x450.jpg",450,450,true],"woocommerce_single":["https:\/\/rms-enlinea.com.ar\/wp-content\/uploads\/2025\/06\/D_648348-MLU71702654975_092023-F.jpg",500,810,false],"woocommerce_gallery_thumbnail":["https:\/\/rms-enlinea.com.ar\/wp-content\/uploads\/2025\/06\/D_648348-MLU71702654975_092023-F-100x100.jpg",100,100,true]},"uagb_author_info":{"display_name":"nelson","author_link":"https:\/\/rms-enlinea.com.ar\/tienda\/author\/"},"uagb_comment_info":0,"uagb_excerpt":"Especificaciones y detallesDimensiones Altura : 3,90 pulgadas (99 mm)Ancho : 2,36 pulgadas (60 mm)Profundidad : 1,54 pulgadas (39 mm)Peso (con bater\u00edas) : 2,60 oz (73,8 g)Especificaciones t\u00e9cnicasTecnolog\u00eda SilentTouch90% de ruido reducido Clic izquierdo\/derecho Tecnolog\u00eda de sensores Seguimiento \u00f3ptico fluidoValor nominal : rango de DPIRango de DPI : 400-4000, pasos de 100 DPIBotonesN\u00famero de botones :&hellip;","_links":{"self":[{"href":"https:\/\/rms-enlinea.com.ar\/tienda\/wp-json\/wp\/v2\/product\/53860","targetHints":{"allow":["GET"]}}],"collection":[{"href":"https:\/\/rms-enlinea.com.ar\/tienda\/wp-json\/wp\/v2\/product"}],"about":[{"href":"https:\/\/rms-enlinea.com.ar\/tienda\/wp-json\/wp\/v2\/types\/product"}],"replies":[{"embeddable":true,"href":"https:\/\/rms-enlinea.com.ar\/tienda\/wp-json\/wp\/v2\/comments?post=53860"}],"wp:featuredmedia":[{"embeddable":true,"href":"https:\/\/rms-enlinea.com.ar\/tienda\/wp-json\/wp\/v2\/media\/22615"}],"wp:attachment":[{"href":"https:\/\/rms-enlinea.com.ar\/tienda\/wp-json\/wp\/v2\/media?parent=53860"}],"wp:term":[{"taxonomy":"product_brand","embeddable":true,"href":"https:\/\/rms-enlinea.com.ar\/tienda\/wp-json\/wp\/v2\/product_brand?post=53860"},{"taxonomy":"product_cat","embeddable":true,"href":"https:\/\/rms-enlinea.com.ar\/tienda\/wp-json\/wp\/v2\/product_cat?post=53860"},{"taxonomy":"product_tag","embeddable":true,"href":"https:\/\/rms-enlinea.com.ar\/tienda\/wp-json\/wp\/v2\/product_tag?post=53860"}],"curies":[{"name":"wp","href":"https:\/\/api.w.org\/{rel}","templated":true}]}}