{"id":53864,"date":"2025-08-12T13:00:07","date_gmt":"2025-08-12T16:00:07","guid":{"rendered":"https:\/\/rms-enlinea.com.ar\/tienda\/producto\/mouse-razer-deathadder-essential-ergonomic-6400dpi-220ips\/"},"modified":"2026-04-21T03:41:37","modified_gmt":"2026-04-21T06:41:37","slug":"mouse-razer-deathadder-essential-ergonomic-6400dpi-220ips","status":"publish","type":"product","link":"https:\/\/rms-enlinea.com.ar\/tienda\/producto\/mouse-razer-deathadder-essential-ergonomic-6400dpi-220ips\/","title":{"rendered":"Mouse Razer Deathadder Essential Ergonomic 6400dpi 220ips"},"content":{"rendered":"<p>FACTOR DE FORMA<br \/>\nPara diestros<br \/>\nCONECTIVIDAD Al\u00e1mbrico &#8211; Cable est\u00e1ndar<br \/>\nDURACI\u00d3N DE LA BATER\u00cdA Ninguna<br \/>\nILUMINACI\u00d3N RGB Iluminaci\u00f3n de un solo color (verde)<br \/>\nSENSORE<br \/>\n\u00d3ptico<br \/>\nSENSIBILIDAD M\u00c1XIMA (PPP) 6400<br \/>\nVELOCIDAD M\u00c1XIMA (IPS) 220<br \/>\nACELERACI\u00d3N M\u00c1XIMA (G) 30<br \/>\nBOTONES PROGRAMABLES 5<br \/>\nTIPO DE SWITCH Mec\u00e1nicos<br \/>\nCICLO DE VIDA DEL SWITCH 10 millones de clicks<br \/>\nMEMORIA INTEGRATO Ninguna<br \/>\nBASE DEL RAT\u00d3N Pie est\u00e1ndar de f\u00e1brica<br \/>\nCABLE Cable est\u00e1ndar<br \/>\nRUEDA INCLINABLE Ninguna<br \/>\nDIMENSIONES Largo: 127,0 mm \/ 5,00 in<br \/>\nAncho: 61,7 mm \/ 2,43 in<br \/>\nAlto: 42,7 mm \/ 1,68 in<br \/>\nPESO APROXIMADO 96 g \/ 0.211 lbs<br \/>\nCOMPATIBILIDAD DE PUERTO Ninguna<\/p>\n","protected":false},"excerpt":{"rendered":"<p>FACTOR DE FORMA Para diestros CONECTIVIDAD Al\u00e1mbrico &#8211; Cable est\u00e1ndar DURACI\u00d3N DE LA BATER\u00cdA Ninguna ILUMINACI\u00d3N RGB Iluminaci\u00f3n de un solo color (verde) SENSORE \u00d3ptico SENSIBILIDAD M\u00c1XIMA (PPP) 6400 VELOCIDAD M\u00c1XIMA (IPS) 220 ACELERACI\u00d3N M\u00c1XIMA (G) 30 BOTONES PROGRAMABLES 5 TIPO DE SWITCH Mec\u00e1nicos CICLO DE VIDA DEL SWITCH 10 millones de clicks MEMORIA INTEGRATO [&hellip;]<\/p>\n","protected":false},"featured_media":16384,"comment_status":"open","ping_status":"closed","template":"","meta":{"_uag_custom_page_level_css":""},"product_brand":[559],"product_cat":[125],"product_tag":[],"class_list":{"0":"post-53864","1":"product","2":"type-product","3":"status-publish","4":"has-post-thumbnail","6":"product_brand-razer","7":"product_cat-teclados-y-mouses","9":"first","10":"outofstock","11":"sale","12":"taxable","13":"shipping-taxable","14":"purchasable","15":"product-type-simple"},"uagb_featured_image_src":{"full":["https:\/\/rms-enlinea.com.ar\/wp-content\/uploads\/2025\/06\/D_994933-MLA77491601401_072024-F.jpg",584,1200,false],"thumbnail":["https:\/\/rms-enlinea.com.ar\/wp-content\/uploads\/2025\/06\/D_994933-MLA77491601401_072024-F-150x150.jpg",150,150,true],"medium":["https:\/\/rms-enlinea.com.ar\/wp-content\/uploads\/2025\/06\/D_994933-MLA77491601401_072024-F-146x300.jpg",146,300,true],"medium_large":["https:\/\/rms-enlinea.com.ar\/wp-content\/uploads\/2025\/06\/D_994933-MLA77491601401_072024-F.jpg",584,1200,false],"large":["https:\/\/rms-enlinea.com.ar\/wp-content\/uploads\/2025\/06\/D_994933-MLA77491601401_072024-F-498x1024.jpg",498,1024,true],"1536x1536":["https:\/\/rms-enlinea.com.ar\/wp-content\/uploads\/2025\/06\/D_994933-MLA77491601401_072024-F.jpg",584,1200,false],"2048x2048":["https:\/\/rms-enlinea.com.ar\/wp-content\/uploads\/2025\/06\/D_994933-MLA77491601401_072024-F.jpg",584,1200,false],"woocommerce_thumbnail":["https:\/\/rms-enlinea.com.ar\/wp-content\/uploads\/2025\/06\/D_994933-MLA77491601401_072024-F-450x450.jpg",450,450,true],"woocommerce_single":["https:\/\/rms-enlinea.com.ar\/wp-content\/uploads\/2025\/06\/D_994933-MLA77491601401_072024-F.jpg",584,1200,false],"woocommerce_gallery_thumbnail":["https:\/\/rms-enlinea.com.ar\/wp-content\/uploads\/2025\/06\/D_994933-MLA77491601401_072024-F-100x100.jpg",100,100,true]},"uagb_author_info":{"display_name":"nelson","author_link":"https:\/\/rms-enlinea.com.ar\/tienda\/author\/"},"uagb_comment_info":0,"uagb_excerpt":"FACTOR DE FORMA Para diestros CONECTIVIDAD Al\u00e1mbrico &#8211; Cable est\u00e1ndar DURACI\u00d3N DE LA BATER\u00cdA Ninguna ILUMINACI\u00d3N RGB Iluminaci\u00f3n de un solo color (verde) SENSORE \u00d3ptico SENSIBILIDAD M\u00c1XIMA (PPP) 6400 VELOCIDAD M\u00c1XIMA (IPS) 220 ACELERACI\u00d3N M\u00c1XIMA (G) 30 BOTONES PROGRAMABLES 5 TIPO DE SWITCH Mec\u00e1nicos CICLO DE VIDA DEL SWITCH 10 millones de clicks MEMORIA INTEGRATO&hellip;","_links":{"self":[{"href":"https:\/\/rms-enlinea.com.ar\/tienda\/wp-json\/wp\/v2\/product\/53864","targetHints":{"allow":["GET"]}}],"collection":[{"href":"https:\/\/rms-enlinea.com.ar\/tienda\/wp-json\/wp\/v2\/product"}],"about":[{"href":"https:\/\/rms-enlinea.com.ar\/tienda\/wp-json\/wp\/v2\/types\/product"}],"replies":[{"embeddable":true,"href":"https:\/\/rms-enlinea.com.ar\/tienda\/wp-json\/wp\/v2\/comments?post=53864"}],"wp:featuredmedia":[{"embeddable":true,"href":"https:\/\/rms-enlinea.com.ar\/tienda\/wp-json\/wp\/v2\/media\/16384"}],"wp:attachment":[{"href":"https:\/\/rms-enlinea.com.ar\/tienda\/wp-json\/wp\/v2\/media?parent=53864"}],"wp:term":[{"taxonomy":"product_brand","embeddable":true,"href":"https:\/\/rms-enlinea.com.ar\/tienda\/wp-json\/wp\/v2\/product_brand?post=53864"},{"taxonomy":"product_cat","embeddable":true,"href":"https:\/\/rms-enlinea.com.ar\/tienda\/wp-json\/wp\/v2\/product_cat?post=53864"},{"taxonomy":"product_tag","embeddable":true,"href":"https:\/\/rms-enlinea.com.ar\/tienda\/wp-json\/wp\/v2\/product_tag?post=53864"}],"curies":[{"name":"wp","href":"https:\/\/api.w.org\/{rel}","templated":true}]}}