{"id":53866,"date":"2025-08-12T13:00:14","date_gmt":"2025-08-12T16:00:14","guid":{"rendered":"https:\/\/rms-enlinea.com.ar\/tienda\/producto\/mouse-gamer-logitech-g203-lightsync-blue-rgb-8000dpi\/"},"modified":"2026-04-02T16:25:58","modified_gmt":"2026-04-02T19:25:58","slug":"mouse-gamer-logitech-g203-lightsync-blue-rgb-8000dpi","status":"publish","type":"product","link":"https:\/\/rms-enlinea.com.ar\/tienda\/producto\/mouse-gamer-logitech-g203-lightsync-blue-rgb-8000dpi\/","title":{"rendered":"Mouse Gamer Logitech G203 Lightsync Blue Rgb 8000dpi"},"content":{"rendered":"<p>Windows\u00ae 7 o posteriores<br \/>macOS 10.13 o posteriores<br \/>Chrome OSTM<br \/>Puerto USB<br \/> ESPECIFICACIONES F\u00cdSICAS<br \/>Altura: 116,6 mm<br \/>Anchura: 62,15 mm<br \/>Profundidad: 38,2 mm<br \/>Peso: 85 g (s\u00f3lo mouse)<br \/>Longitud del cable: 2,1 m<br \/> ESPECIFICACIONES T\u00c9CNICAS<br \/>Iluminaci\u00f3n RGB LIGHTSYNC<br \/>6 botones programables<br \/>Resoluci\u00f3n: 200 \u2013 8.000 dpi<\/p>\n","protected":false},"excerpt":{"rendered":"<p>Windows\u00ae 7 o posterioresmacOS 10.13 o posterioresChrome OSTMPuerto USB ESPECIFICACIONES F\u00cdSICASAltura: 116,6 mmAnchura: 62,15 mmProfundidad: 38,2 mmPeso: 85 g (s\u00f3lo mouse)Longitud del cable: 2,1 m ESPECIFICACIONES T\u00c9CNICASIluminaci\u00f3n RGB LIGHTSYNC6 botones programablesResoluci\u00f3n: 200 \u2013 8.000 dpi<\/p>\n","protected":false},"featured_media":45515,"comment_status":"open","ping_status":"closed","template":"","meta":{"_uag_custom_page_level_css":""},"product_brand":[549],"product_cat":[125],"product_tag":[],"class_list":{"0":"post-53866","1":"product","2":"type-product","3":"status-publish","4":"has-post-thumbnail","6":"product_brand-logitech","7":"product_cat-teclados-y-mouses","9":"first","10":"instock","11":"sale","12":"taxable","13":"shipping-taxable","14":"purchasable","15":"product-type-simple"},"uagb_featured_image_src":{"full":["https:\/\/rms-enlinea.com.ar\/wp-content\/uploads\/2025\/06\/D_966842-MLA77443435181_072024-F.jpg",591,1200,false],"thumbnail":["https:\/\/rms-enlinea.com.ar\/wp-content\/uploads\/2025\/06\/D_966842-MLA77443435181_072024-F-150x150.jpg",150,150,true],"medium":["https:\/\/rms-enlinea.com.ar\/wp-content\/uploads\/2025\/06\/D_966842-MLA77443435181_072024-F-148x300.jpg",148,300,true],"medium_large":["https:\/\/rms-enlinea.com.ar\/wp-content\/uploads\/2025\/06\/D_966842-MLA77443435181_072024-F.jpg",591,1200,false],"large":["https:\/\/rms-enlinea.com.ar\/wp-content\/uploads\/2025\/06\/D_966842-MLA77443435181_072024-F-504x1024.jpg",504,1024,true],"1536x1536":["https:\/\/rms-enlinea.com.ar\/wp-content\/uploads\/2025\/06\/D_966842-MLA77443435181_072024-F.jpg",591,1200,false],"2048x2048":["https:\/\/rms-enlinea.com.ar\/wp-content\/uploads\/2025\/06\/D_966842-MLA77443435181_072024-F.jpg",591,1200,false],"woocommerce_thumbnail":["https:\/\/rms-enlinea.com.ar\/wp-content\/uploads\/2025\/06\/D_966842-MLA77443435181_072024-F-450x450.jpg",450,450,true],"woocommerce_single":["https:\/\/rms-enlinea.com.ar\/wp-content\/uploads\/2025\/06\/D_966842-MLA77443435181_072024-F.jpg",591,1200,false],"woocommerce_gallery_thumbnail":["https:\/\/rms-enlinea.com.ar\/wp-content\/uploads\/2025\/06\/D_966842-MLA77443435181_072024-F-100x100.jpg",100,100,true]},"uagb_author_info":{"display_name":"nelson","author_link":"https:\/\/rms-enlinea.com.ar\/tienda\/author\/"},"uagb_comment_info":0,"uagb_excerpt":"Windows\u00ae 7 o posterioresmacOS 10.13 o posterioresChrome OSTMPuerto USB ESPECIFICACIONES F\u00cdSICASAltura: 116,6 mmAnchura: 62,15 mmProfundidad: 38,2 mmPeso: 85 g (s\u00f3lo mouse)Longitud del cable: 2,1 m ESPECIFICACIONES T\u00c9CNICASIluminaci\u00f3n RGB LIGHTSYNC6 botones programablesResoluci\u00f3n: 200 \u2013 8.000 dpi","_links":{"self":[{"href":"https:\/\/rms-enlinea.com.ar\/tienda\/wp-json\/wp\/v2\/product\/53866","targetHints":{"allow":["GET"]}}],"collection":[{"href":"https:\/\/rms-enlinea.com.ar\/tienda\/wp-json\/wp\/v2\/product"}],"about":[{"href":"https:\/\/rms-enlinea.com.ar\/tienda\/wp-json\/wp\/v2\/types\/product"}],"replies":[{"embeddable":true,"href":"https:\/\/rms-enlinea.com.ar\/tienda\/wp-json\/wp\/v2\/comments?post=53866"}],"wp:featuredmedia":[{"embeddable":true,"href":"https:\/\/rms-enlinea.com.ar\/tienda\/wp-json\/wp\/v2\/media\/45515"}],"wp:attachment":[{"href":"https:\/\/rms-enlinea.com.ar\/tienda\/wp-json\/wp\/v2\/media?parent=53866"}],"wp:term":[{"taxonomy":"product_brand","embeddable":true,"href":"https:\/\/rms-enlinea.com.ar\/tienda\/wp-json\/wp\/v2\/product_brand?post=53866"},{"taxonomy":"product_cat","embeddable":true,"href":"https:\/\/rms-enlinea.com.ar\/tienda\/wp-json\/wp\/v2\/product_cat?post=53866"},{"taxonomy":"product_tag","embeddable":true,"href":"https:\/\/rms-enlinea.com.ar\/tienda\/wp-json\/wp\/v2\/product_tag?post=53866"}],"curies":[{"name":"wp","href":"https:\/\/api.w.org\/{rel}","templated":true}]}}