{"id":53868,"date":"2025-08-12T13:00:20","date_gmt":"2025-08-12T16:00:20","guid":{"rendered":"https:\/\/rms-enlinea.com.ar\/tienda\/producto\/mouse-inalambrico-logitech-pebble-m350-blanco-color-blanco-crudo\/"},"modified":"2026-04-21T06:51:52","modified_gmt":"2026-04-21T09:51:52","slug":"mouse-inalambrico-logitech-pebble-m350-blanco-color-blanco-crudo","status":"publish","type":"product","link":"https:\/\/rms-enlinea.com.ar\/tienda\/producto\/mouse-inalambrico-logitech-pebble-m350-blanco-color-blanco-crudo\/","title":{"rendered":"Mouse Inal\u00e1mbrico Logitech Pebble M350 Blanco Color Blanco Crudo"},"content":{"rendered":"<p>Logitech dise\u00f1a productos y experiencias que ocupan un lugar cotidiano en la vida de las personas, poniendo foco en la innovaci\u00f3n y la calidad. Su objetivo es crear momentos verdaderamente \u00fanicos y significativos para sus usuarios. Los mouses Logitech se adaptan a la forma de tu mano para proporcionarte horas de comodidad. Sin necesidad de mover el brazo para deslizar el cursor, tu mano se fatigar\u00e1 menos. Son ideales para cualquier espacio de trabajo y quienes tienen la mesa llena de diversos objetos.<\/p>\n<p>Adaptado a tus movimientos<br \/>Su dise\u00f1o eficaz hace de este mouse un elemento c\u00f3modo, con una gran experiencia de uso para aquellas personas que buscan seguridad en cada click.<\/p>\n<p>La funcionalidad al alcance de tu mano<br \/>El sistema de detecci\u00f3n de movimiento \u00f3ptico te permitir\u00e1 mover el cursor de una manera m\u00e1s precisa y sensible que en los sistemas tradicionales.<\/p>\n<p>Plug And Play<br \/>Solo deb\u00e9s colocar el receptor en un puerto USB de la computadora y ya pod\u00e9s empezar a usarlo. No hace falta emparejar el mouse ni descargar software para utilizarlo.<\/p>\n<p>Tecnolog\u00eda inal\u00e1mbrica<br \/>Trabaj\u00e1 de forma inal\u00e1mbrica y movete libremente sin ninguna interrupci\u00f3n. Al no haber cables, tu escritorio se mantiene despejado. Y adem\u00e1s, pod\u00e9s llevar tu mouse f\u00e1cilmente de un espacio de trabajo a otro.<\/p>\n<p>Conexi\u00f3n en cuesti\u00f3n de segundos<br \/>Gracias a su tecnolog\u00eda Bluetooth tendr\u00e1s la libertad para crear cuando quieras, donde quieras, en la computadora que elijas, con toda comodidad.<\/p>\n<p>Apto para f\u00e1cil traslado<br \/>Naveg\u00e1 r\u00e1pidamente por documentos y p\u00e1ginas web gracias su dise\u00f1o ultra delgado, ergon\u00f3mico, liviano y conveniente para llevar a donde quieras o viajar.<\/p>\n","protected":false},"excerpt":{"rendered":"<p>Logitech dise\u00f1a productos y experiencias que ocupan un lugar cotidiano en la vida de las personas, poniendo foco en la innovaci\u00f3n y la calidad. Su objetivo es crear momentos verdaderamente \u00fanicos y significativos para sus usuarios. Los mouses Logitech se adaptan a la forma de tu mano para proporcionarte horas de comodidad. Sin necesidad de [&hellip;]<\/p>\n","protected":false},"featured_media":16313,"comment_status":"open","ping_status":"closed","template":"","meta":{"_uag_custom_page_level_css":""},"product_brand":[549],"product_cat":[125],"product_tag":[],"class_list":{"0":"post-53868","1":"product","2":"type-product","3":"status-publish","4":"has-post-thumbnail","6":"product_brand-logitech","7":"product_cat-teclados-y-mouses","9":"first","10":"outofstock","11":"sale","12":"taxable","13":"shipping-taxable","14":"purchasable","15":"product-type-simple"},"uagb_featured_image_src":{"full":["https:\/\/rms-enlinea.com.ar\/wp-content\/uploads\/2025\/06\/D_900290-MLU74529226619_022024-F.jpg",660,1199,false],"thumbnail":["https:\/\/rms-enlinea.com.ar\/wp-content\/uploads\/2025\/06\/D_900290-MLU74529226619_022024-F-150x150.jpg",150,150,true],"medium":["https:\/\/rms-enlinea.com.ar\/wp-content\/uploads\/2025\/06\/D_900290-MLU74529226619_022024-F-165x300.jpg",165,300,true],"medium_large":["https:\/\/rms-enlinea.com.ar\/wp-content\/uploads\/2025\/06\/D_900290-MLU74529226619_022024-F.jpg",660,1199,false],"large":["https:\/\/rms-enlinea.com.ar\/wp-content\/uploads\/2025\/06\/D_900290-MLU74529226619_022024-F-564x1024.jpg",564,1024,true],"1536x1536":["https:\/\/rms-enlinea.com.ar\/wp-content\/uploads\/2025\/06\/D_900290-MLU74529226619_022024-F.jpg",660,1199,false],"2048x2048":["https:\/\/rms-enlinea.com.ar\/wp-content\/uploads\/2025\/06\/D_900290-MLU74529226619_022024-F.jpg",660,1199,false],"woocommerce_thumbnail":["https:\/\/rms-enlinea.com.ar\/wp-content\/uploads\/2025\/06\/D_900290-MLU74529226619_022024-F-450x450.jpg",450,450,true],"woocommerce_single":["https:\/\/rms-enlinea.com.ar\/wp-content\/uploads\/2025\/06\/D_900290-MLU74529226619_022024-F-600x1090.jpg",600,1090,true],"woocommerce_gallery_thumbnail":["https:\/\/rms-enlinea.com.ar\/wp-content\/uploads\/2025\/06\/D_900290-MLU74529226619_022024-F-100x100.jpg",100,100,true]},"uagb_author_info":{"display_name":"nelson","author_link":"https:\/\/rms-enlinea.com.ar\/tienda\/author\/"},"uagb_comment_info":0,"uagb_excerpt":"Logitech dise\u00f1a productos y experiencias que ocupan un lugar cotidiano en la vida de las personas, poniendo foco en la innovaci\u00f3n y la calidad. Su objetivo es crear momentos verdaderamente \u00fanicos y significativos para sus usuarios. Los mouses Logitech se adaptan a la forma de tu mano para proporcionarte horas de comodidad. Sin necesidad de&hellip;","_links":{"self":[{"href":"https:\/\/rms-enlinea.com.ar\/tienda\/wp-json\/wp\/v2\/product\/53868","targetHints":{"allow":["GET"]}}],"collection":[{"href":"https:\/\/rms-enlinea.com.ar\/tienda\/wp-json\/wp\/v2\/product"}],"about":[{"href":"https:\/\/rms-enlinea.com.ar\/tienda\/wp-json\/wp\/v2\/types\/product"}],"replies":[{"embeddable":true,"href":"https:\/\/rms-enlinea.com.ar\/tienda\/wp-json\/wp\/v2\/comments?post=53868"}],"wp:featuredmedia":[{"embeddable":true,"href":"https:\/\/rms-enlinea.com.ar\/tienda\/wp-json\/wp\/v2\/media\/16313"}],"wp:attachment":[{"href":"https:\/\/rms-enlinea.com.ar\/tienda\/wp-json\/wp\/v2\/media?parent=53868"}],"wp:term":[{"taxonomy":"product_brand","embeddable":true,"href":"https:\/\/rms-enlinea.com.ar\/tienda\/wp-json\/wp\/v2\/product_brand?post=53868"},{"taxonomy":"product_cat","embeddable":true,"href":"https:\/\/rms-enlinea.com.ar\/tienda\/wp-json\/wp\/v2\/product_cat?post=53868"},{"taxonomy":"product_tag","embeddable":true,"href":"https:\/\/rms-enlinea.com.ar\/tienda\/wp-json\/wp\/v2\/product_tag?post=53868"}],"curies":[{"name":"wp","href":"https:\/\/api.w.org\/{rel}","templated":true}]}}