{"id":53869,"date":"2025-08-12T13:00:26","date_gmt":"2025-08-12T16:00:26","guid":{"rendered":"https:\/\/rms-enlinea.com.ar\/tienda\/producto\/mouse-gamer-logitech-g203-lightsync-8000dpi-910-005794\/"},"modified":"2026-04-06T11:50:39","modified_gmt":"2026-04-06T14:50:39","slug":"mouse-gamer-logitech-g203-lightsync-8000dpi-910-005794","status":"publish","type":"product","link":"https:\/\/rms-enlinea.com.ar\/tienda\/producto\/mouse-gamer-logitech-g203-lightsync-8000dpi-910-005794\/","title":{"rendered":"Mouse Gamer Logitech G203 Lightsync 8000dpi 910-005794"},"content":{"rendered":"<p>REQUISITOS<br \/>Windows\u00ae 7 o posteriores<br \/>macOS 10.13 o posteriores<br \/>Chrome OSTM<br \/>Puerto USB<br \/> ESPECIFICACIONES F\u00cdSICAS<br \/>Altura: 116,6 mm<br \/>Anchura: 62,15 mm<br \/>Profundidad: 38,2 mm<br \/>Peso: 85 g (s\u00f3lo mouse)<br \/>Longitud del cable: 2,1 m<br \/> ESPECIFICACIONES T\u00c9CNICAS<br \/>Iluminaci\u00f3n RGB LIGHTSYNC<br \/>6 botones programables<br \/>Resoluci\u00f3n: 200 \u2013 8.000 dpi<br \/> RESPUESTA<br \/>Formato de datos USB: 16 bits\/eje<br \/>Velocidad de respuesta USB: 1.000 Hz (1 ms)<br \/>Microprocesador: ARM de 32 bits<\/p>\n","protected":false},"excerpt":{"rendered":"<p>REQUISITOSWindows\u00ae 7 o posterioresmacOS 10.13 o posterioresChrome OSTMPuerto USB ESPECIFICACIONES F\u00cdSICASAltura: 116,6 mmAnchura: 62,15 mmProfundidad: 38,2 mmPeso: 85 g (s\u00f3lo mouse)Longitud del cable: 2,1 m ESPECIFICACIONES T\u00c9CNICASIluminaci\u00f3n RGB LIGHTSYNC6 botones programablesResoluci\u00f3n: 200 \u2013 8.000 dpi RESPUESTAFormato de datos USB: 16 bits\/ejeVelocidad de respuesta USB: 1.000 Hz (1 ms)Microprocesador: ARM de 32 bits<\/p>\n","protected":false},"featured_media":29868,"comment_status":"open","ping_status":"closed","template":"","meta":{"_uag_custom_page_level_css":""},"product_brand":[549],"product_cat":[125],"product_tag":[],"class_list":{"0":"post-53869","1":"product","2":"type-product","3":"status-publish","4":"has-post-thumbnail","6":"product_brand-logitech","7":"product_cat-teclados-y-mouses","9":"first","10":"instock","11":"sale","12":"taxable","13":"shipping-taxable","14":"purchasable","15":"product-type-simple"},"uagb_featured_image_src":{"full":["https:\/\/rms-enlinea.com.ar\/wp-content\/uploads\/2025\/06\/D_706783-MLU72677726881_112023-F.jpg",1083,974,false],"thumbnail":["https:\/\/rms-enlinea.com.ar\/wp-content\/uploads\/2025\/06\/D_706783-MLU72677726881_112023-F-150x150.jpg",150,150,true],"medium":["https:\/\/rms-enlinea.com.ar\/wp-content\/uploads\/2025\/06\/D_706783-MLU72677726881_112023-F-300x270.jpg",300,270,true],"medium_large":["https:\/\/rms-enlinea.com.ar\/wp-content\/uploads\/2025\/06\/D_706783-MLU72677726881_112023-F-768x691.jpg",768,691,true],"large":["https:\/\/rms-enlinea.com.ar\/wp-content\/uploads\/2025\/06\/D_706783-MLU72677726881_112023-F-1024x921.jpg",1024,921,true],"1536x1536":["https:\/\/rms-enlinea.com.ar\/wp-content\/uploads\/2025\/06\/D_706783-MLU72677726881_112023-F.jpg",1083,974,false],"2048x2048":["https:\/\/rms-enlinea.com.ar\/wp-content\/uploads\/2025\/06\/D_706783-MLU72677726881_112023-F.jpg",1083,974,false],"woocommerce_thumbnail":["https:\/\/rms-enlinea.com.ar\/wp-content\/uploads\/2025\/06\/D_706783-MLU72677726881_112023-F-450x450.jpg",450,450,true],"woocommerce_single":["https:\/\/rms-enlinea.com.ar\/wp-content\/uploads\/2025\/06\/D_706783-MLU72677726881_112023-F-600x540.jpg",600,540,true],"woocommerce_gallery_thumbnail":["https:\/\/rms-enlinea.com.ar\/wp-content\/uploads\/2025\/06\/D_706783-MLU72677726881_112023-F-100x100.jpg",100,100,true]},"uagb_author_info":{"display_name":"nelson","author_link":"https:\/\/rms-enlinea.com.ar\/tienda\/author\/"},"uagb_comment_info":0,"uagb_excerpt":"REQUISITOSWindows\u00ae 7 o posterioresmacOS 10.13 o posterioresChrome OSTMPuerto USB ESPECIFICACIONES F\u00cdSICASAltura: 116,6 mmAnchura: 62,15 mmProfundidad: 38,2 mmPeso: 85 g (s\u00f3lo mouse)Longitud del cable: 2,1 m ESPECIFICACIONES T\u00c9CNICASIluminaci\u00f3n RGB LIGHTSYNC6 botones programablesResoluci\u00f3n: 200 \u2013 8.000 dpi RESPUESTAFormato de datos USB: 16 bits\/ejeVelocidad de respuesta USB: 1.000 Hz (1 ms)Microprocesador: ARM de 32 bits","_links":{"self":[{"href":"https:\/\/rms-enlinea.com.ar\/tienda\/wp-json\/wp\/v2\/product\/53869","targetHints":{"allow":["GET"]}}],"collection":[{"href":"https:\/\/rms-enlinea.com.ar\/tienda\/wp-json\/wp\/v2\/product"}],"about":[{"href":"https:\/\/rms-enlinea.com.ar\/tienda\/wp-json\/wp\/v2\/types\/product"}],"replies":[{"embeddable":true,"href":"https:\/\/rms-enlinea.com.ar\/tienda\/wp-json\/wp\/v2\/comments?post=53869"}],"wp:featuredmedia":[{"embeddable":true,"href":"https:\/\/rms-enlinea.com.ar\/tienda\/wp-json\/wp\/v2\/media\/29868"}],"wp:attachment":[{"href":"https:\/\/rms-enlinea.com.ar\/tienda\/wp-json\/wp\/v2\/media?parent=53869"}],"wp:term":[{"taxonomy":"product_brand","embeddable":true,"href":"https:\/\/rms-enlinea.com.ar\/tienda\/wp-json\/wp\/v2\/product_brand?post=53869"},{"taxonomy":"product_cat","embeddable":true,"href":"https:\/\/rms-enlinea.com.ar\/tienda\/wp-json\/wp\/v2\/product_cat?post=53869"},{"taxonomy":"product_tag","embeddable":true,"href":"https:\/\/rms-enlinea.com.ar\/tienda\/wp-json\/wp\/v2\/product_tag?post=53869"}],"curies":[{"name":"wp","href":"https:\/\/api.w.org\/{rel}","templated":true}]}}