{"id":53871,"date":"2025-08-12T13:21:59","date_gmt":"2025-08-12T16:21:59","guid":{"rendered":"https:\/\/rms-enlinea.com.ar\/tienda\/producto\/teclado-gamer-inalambrico-raptor-fireclaw-m68-outemu-red\/"},"modified":"2026-03-31T18:01:22","modified_gmt":"2026-03-31T21:01:22","slug":"teclado-gamer-inalambrico-raptor-fireclaw-m68-outemu-red","status":"publish","type":"product","link":"https:\/\/rms-enlinea.com.ar\/tienda\/producto\/teclado-gamer-inalambrico-raptor-fireclaw-m68-outemu-red\/","title":{"rendered":"Teclado Gamer Inalambrico Raptor Fireclaw M68 Outemu Red"},"content":{"rendered":"<p>Tama\u00f1o del teclado 31010140 mm<br \/>\nPeso del teclado 420\u00b120 g<br \/>\nN\u00famero de teclas 68 teclas<br \/>\nWireless S\u00ed<br \/>\nKeycaps Teclas de inyecci\u00f3n de doble color + L\u00e1ser<br \/>\nInterruptor Interruptores rojos Outemu<br \/>\nMaterial ABS<br \/>\nModos de conexi\u00f3n Bluetooth + 2.4G dongle + cable<br \/>\nModos de iluminaci\u00f3n 22 modos de RGB<br \/>\nVida \u00fatil mec\u00e1nica M\u00e1s de 50 millones de veces<br \/>\nBater\u00eda 2000 mA<br \/>\nCantidad de teclas anti-ghosting Todas, 68 teclas<\/p>\n","protected":false},"excerpt":{"rendered":"<p>Tama\u00f1o del teclado 31010140 mm Peso del teclado 420\u00b120 g N\u00famero de teclas 68 teclas Wireless S\u00ed Keycaps Teclas de inyecci\u00f3n de doble color + L\u00e1ser Interruptor Interruptores rojos Outemu Material ABS Modos de conexi\u00f3n Bluetooth + 2.4G dongle + cable Modos de iluminaci\u00f3n 22 modos de RGB Vida \u00fatil mec\u00e1nica M\u00e1s de 50 millones [&hellip;]<\/p>\n","protected":false},"featured_media":53872,"comment_status":"open","ping_status":"closed","template":"","meta":{"_uag_custom_page_level_css":""},"product_brand":[565],"product_cat":[125],"product_tag":[],"class_list":{"0":"post-53871","1":"product","2":"type-product","3":"status-publish","4":"has-post-thumbnail","6":"product_brand-raptor","7":"product_cat-teclados-y-mouses","9":"first","10":"outofstock","11":"sale","12":"taxable","13":"shipping-taxable","14":"purchasable","15":"product-type-simple"},"uagb_featured_image_src":{"full":["https:\/\/rms-enlinea.com.ar\/wp-content\/uploads\/2025\/08\/D_908037-MLA89582087848_082025-F.jpg",1200,391,false],"thumbnail":["https:\/\/rms-enlinea.com.ar\/wp-content\/uploads\/2025\/08\/D_908037-MLA89582087848_082025-F-150x150.jpg",150,150,true],"medium":["https:\/\/rms-enlinea.com.ar\/wp-content\/uploads\/2025\/08\/D_908037-MLA89582087848_082025-F-300x98.jpg",300,98,true],"medium_large":["https:\/\/rms-enlinea.com.ar\/wp-content\/uploads\/2025\/08\/D_908037-MLA89582087848_082025-F-768x250.jpg",768,250,true],"large":["https:\/\/rms-enlinea.com.ar\/wp-content\/uploads\/2025\/08\/D_908037-MLA89582087848_082025-F-1024x334.jpg",1024,334,true],"1536x1536":["https:\/\/rms-enlinea.com.ar\/wp-content\/uploads\/2025\/08\/D_908037-MLA89582087848_082025-F.jpg",1200,391,false],"2048x2048":["https:\/\/rms-enlinea.com.ar\/wp-content\/uploads\/2025\/08\/D_908037-MLA89582087848_082025-F.jpg",1200,391,false],"woocommerce_thumbnail":["https:\/\/rms-enlinea.com.ar\/wp-content\/uploads\/2025\/08\/D_908037-MLA89582087848_082025-F-450x391.jpg",450,391,true],"woocommerce_single":["https:\/\/rms-enlinea.com.ar\/wp-content\/uploads\/2025\/08\/D_908037-MLA89582087848_082025-F-600x196.jpg",600,196,true],"woocommerce_gallery_thumbnail":["https:\/\/rms-enlinea.com.ar\/wp-content\/uploads\/2025\/08\/D_908037-MLA89582087848_082025-F-100x100.jpg",100,100,true]},"uagb_author_info":{"display_name":"nelson","author_link":"https:\/\/rms-enlinea.com.ar\/tienda\/author\/"},"uagb_comment_info":0,"uagb_excerpt":"Tama\u00f1o del teclado 31010140 mm Peso del teclado 420\u00b120 g N\u00famero de teclas 68 teclas Wireless S\u00ed Keycaps Teclas de inyecci\u00f3n de doble color + L\u00e1ser Interruptor Interruptores rojos Outemu Material ABS Modos de conexi\u00f3n Bluetooth + 2.4G dongle + cable Modos de iluminaci\u00f3n 22 modos de RGB Vida \u00fatil mec\u00e1nica M\u00e1s de 50 millones&hellip;","_links":{"self":[{"href":"https:\/\/rms-enlinea.com.ar\/tienda\/wp-json\/wp\/v2\/product\/53871","targetHints":{"allow":["GET"]}}],"collection":[{"href":"https:\/\/rms-enlinea.com.ar\/tienda\/wp-json\/wp\/v2\/product"}],"about":[{"href":"https:\/\/rms-enlinea.com.ar\/tienda\/wp-json\/wp\/v2\/types\/product"}],"replies":[{"embeddable":true,"href":"https:\/\/rms-enlinea.com.ar\/tienda\/wp-json\/wp\/v2\/comments?post=53871"}],"wp:featuredmedia":[{"embeddable":true,"href":"https:\/\/rms-enlinea.com.ar\/tienda\/wp-json\/wp\/v2\/media\/53872"}],"wp:attachment":[{"href":"https:\/\/rms-enlinea.com.ar\/tienda\/wp-json\/wp\/v2\/media?parent=53871"}],"wp:term":[{"taxonomy":"product_brand","embeddable":true,"href":"https:\/\/rms-enlinea.com.ar\/tienda\/wp-json\/wp\/v2\/product_brand?post=53871"},{"taxonomy":"product_cat","embeddable":true,"href":"https:\/\/rms-enlinea.com.ar\/tienda\/wp-json\/wp\/v2\/product_cat?post=53871"},{"taxonomy":"product_tag","embeddable":true,"href":"https:\/\/rms-enlinea.com.ar\/tienda\/wp-json\/wp\/v2\/product_tag?post=53871"}],"curies":[{"name":"wp","href":"https:\/\/api.w.org\/{rel}","templated":true}]}}