{"id":53878,"date":"2025-08-12T13:22:30","date_gmt":"2025-08-12T16:22:30","guid":{"rendered":"https:\/\/rms-enlinea.com.ar\/tienda\/producto\/mouse-inalambrico-logitech-m650-left-large-graphite\/"},"modified":"2026-04-21T05:39:25","modified_gmt":"2026-04-21T08:39:25","slug":"mouse-inalambrico-logitech-m650-left-large-graphite","status":"publish","type":"product","link":"https:\/\/rms-enlinea.com.ar\/tienda\/producto\/mouse-inalambrico-logitech-m650-left-large-graphite\/","title":{"rendered":"Mouse Inalambrico Logitech M650 Left Large Graphite"},"content":{"rendered":"<p>Signature M650 L Left para zurdos<\/p>\n<p>Altura: 118,19 mm<br \/>Ancho: 65,63 mm<br \/>Profundidad: 41,52 mm<br \/>Peso: 111,2 g<br \/>TECHNICAL SPECIFICATIONS<br \/>Tecnolog\u00eda de sensor<\/p>\n<p>Tecnolog\u00eda de sensor: Seguimiento \u00f3ptico avanzado de Logitech<br \/>Valor nominal: 400 dpi<br \/>Valor m\u00e1ximo: Up to 4000<br \/>Botones<\/p>\n<p>N\u00famero de botones: 5 (click izquierdo\/derecho, retroceso\/avance, bot\u00f3n rueda con click de bot\u00f3n central)<br \/>Bater\u00eda<\/p>\n<p>Tipo de bater\u00edas: 1 bater\u00eda AA (incluida)<br \/>Duraci\u00f3n de la bater\u00eda con receptor USB Logi Bolt: Hasta 24 meses<br \/>Duraci\u00f3n de la bater\u00eda con Bluetooth: hasta 20 meses<br \/>Tipo de conexi\u00f3n<\/p>\n<p>Tipo de conexi\u00f3n: Receptor USB Logi Bolt<\/p>\n<p>Tecnolog\u00eda Bluetooth de bajo consumo<br \/>Radio de acci\u00f3n inal\u00e1mbrico: Radio de acci\u00f3n inal\u00e1mbrico de 10 m<br \/>Software opcional: Compatible con Logitech Options en macOS 10.14 o posteriores y Windows\u00ae 10, 11, Windows 10 o posteriores<\/p>\n<p>Sostenibilidad<\/p>\n<p>Pl\u00e1stico en blanco crudo: 26% de material reciclado posconsumo<br \/>Pl\u00e1stico en rosado: 26% de material reciclado posconsumo<br \/>Pl\u00e1stico en grafito: 64% de material reciclado posconsumo<\/p>\n","protected":false},"excerpt":{"rendered":"<p>Signature M650 L Left para zurdos Altura: 118,19 mmAncho: 65,63 mmProfundidad: 41,52 mmPeso: 111,2 gTECHNICAL SPECIFICATIONSTecnolog\u00eda de sensor Tecnolog\u00eda de sensor: Seguimiento \u00f3ptico avanzado de LogitechValor nominal: 400 dpiValor m\u00e1ximo: Up to 4000Botones N\u00famero de botones: 5 (click izquierdo\/derecho, retroceso\/avance, bot\u00f3n rueda con click de bot\u00f3n central)Bater\u00eda Tipo de bater\u00edas: 1 bater\u00eda AA (incluida)Duraci\u00f3n de [&hellip;]<\/p>\n","protected":false},"featured_media":8107,"comment_status":"open","ping_status":"closed","template":"","meta":{"_uag_custom_page_level_css":""},"product_brand":[549],"product_cat":[125],"product_tag":[],"class_list":{"0":"post-53878","1":"product","2":"type-product","3":"status-publish","4":"has-post-thumbnail","6":"product_brand-logitech","7":"product_cat-teclados-y-mouses","9":"first","10":"outofstock","11":"sale","12":"taxable","13":"shipping-taxable","14":"purchasable","15":"product-type-simple"},"uagb_featured_image_src":{"full":["https:\/\/rms-enlinea.com.ar\/wp-content\/uploads\/2025\/06\/D_790025-MLU72573454884_112023-F.jpg",675,1200,false],"thumbnail":["https:\/\/rms-enlinea.com.ar\/wp-content\/uploads\/2025\/06\/D_790025-MLU72573454884_112023-F-150x150.jpg",150,150,true],"medium":["https:\/\/rms-enlinea.com.ar\/wp-content\/uploads\/2025\/06\/D_790025-MLU72573454884_112023-F-169x300.jpg",169,300,true],"medium_large":["https:\/\/rms-enlinea.com.ar\/wp-content\/uploads\/2025\/06\/D_790025-MLU72573454884_112023-F.jpg",675,1200,false],"large":["https:\/\/rms-enlinea.com.ar\/wp-content\/uploads\/2025\/06\/D_790025-MLU72573454884_112023-F-576x1024.jpg",576,1024,true],"1536x1536":["https:\/\/rms-enlinea.com.ar\/wp-content\/uploads\/2025\/06\/D_790025-MLU72573454884_112023-F.jpg",675,1200,false],"2048x2048":["https:\/\/rms-enlinea.com.ar\/wp-content\/uploads\/2025\/06\/D_790025-MLU72573454884_112023-F.jpg",675,1200,false],"woocommerce_thumbnail":["https:\/\/rms-enlinea.com.ar\/wp-content\/uploads\/2025\/06\/D_790025-MLU72573454884_112023-F-450x450.jpg",450,450,true],"woocommerce_single":["https:\/\/rms-enlinea.com.ar\/wp-content\/uploads\/2025\/06\/D_790025-MLU72573454884_112023-F-600x1067.jpg",600,1067,true],"woocommerce_gallery_thumbnail":["https:\/\/rms-enlinea.com.ar\/wp-content\/uploads\/2025\/06\/D_790025-MLU72573454884_112023-F-100x100.jpg",100,100,true]},"uagb_author_info":{"display_name":"nelson","author_link":"https:\/\/rms-enlinea.com.ar\/tienda\/author\/"},"uagb_comment_info":0,"uagb_excerpt":"Signature M650 L Left para zurdos Altura: 118,19 mmAncho: 65,63 mmProfundidad: 41,52 mmPeso: 111,2 gTECHNICAL SPECIFICATIONSTecnolog\u00eda de sensor Tecnolog\u00eda de sensor: Seguimiento \u00f3ptico avanzado de LogitechValor nominal: 400 dpiValor m\u00e1ximo: Up to 4000Botones N\u00famero de botones: 5 (click izquierdo\/derecho, retroceso\/avance, bot\u00f3n rueda con click de bot\u00f3n central)Bater\u00eda Tipo de bater\u00edas: 1 bater\u00eda AA (incluida)Duraci\u00f3n de&hellip;","_links":{"self":[{"href":"https:\/\/rms-enlinea.com.ar\/tienda\/wp-json\/wp\/v2\/product\/53878","targetHints":{"allow":["GET"]}}],"collection":[{"href":"https:\/\/rms-enlinea.com.ar\/tienda\/wp-json\/wp\/v2\/product"}],"about":[{"href":"https:\/\/rms-enlinea.com.ar\/tienda\/wp-json\/wp\/v2\/types\/product"}],"replies":[{"embeddable":true,"href":"https:\/\/rms-enlinea.com.ar\/tienda\/wp-json\/wp\/v2\/comments?post=53878"}],"wp:featuredmedia":[{"embeddable":true,"href":"https:\/\/rms-enlinea.com.ar\/tienda\/wp-json\/wp\/v2\/media\/8107"}],"wp:attachment":[{"href":"https:\/\/rms-enlinea.com.ar\/tienda\/wp-json\/wp\/v2\/media?parent=53878"}],"wp:term":[{"taxonomy":"product_brand","embeddable":true,"href":"https:\/\/rms-enlinea.com.ar\/tienda\/wp-json\/wp\/v2\/product_brand?post=53878"},{"taxonomy":"product_cat","embeddable":true,"href":"https:\/\/rms-enlinea.com.ar\/tienda\/wp-json\/wp\/v2\/product_cat?post=53878"},{"taxonomy":"product_tag","embeddable":true,"href":"https:\/\/rms-enlinea.com.ar\/tienda\/wp-json\/wp\/v2\/product_tag?post=53878"}],"curies":[{"name":"wp","href":"https:\/\/api.w.org\/{rel}","templated":true}]}}